{"id":1391,"date":"2023-02-03T14:20:29","date_gmt":"2023-02-03T14:20:29","guid":{"rendered":"https:\/\/suzanapetre.ro\/?page_id=1391"},"modified":"2023-06-14T14:17:29","modified_gmt":"2023-06-14T14:17:29","slug":"suzana-petre","status":"publish","type":"page","link":"https:\/\/suzanapetre.ro\/home\/suzana-petre\/","title":{"rendered":"Suzana Petre"},"content":{"rendered":"\t\t<div data-elementor-type=\"wp-page\" data-elementor-id=\"1391\" class=\"elementor elementor-1391\">\n\t\t\t\t\t\t\t\t\t<section class=\"elementor-section elementor-top-section elementor-element elementor-element-f9fa9b5 elementor-section-full_width elementor-section-height-default elementor-section-height-default\" data-id=\"f9fa9b5\" data-element_type=\"section\" data-settings=\"{&quot;background_background&quot;:&quot;classic&quot;}\">\n\t\t\t\t\t\t\t<div class=\"elementor-background-overlay\"><\/div>\n\t\t\t\t\t\t\t<div class=\"elementor-container elementor-column-gap-no\">\n\t\t\t\t\t<div class=\"elementor-column elementor-col-100 elementor-top-column elementor-element elementor-element-2f9196b\" data-id=\"2f9196b\" data-element_type=\"column\">\n\t\t\t<div class=\"elementor-widget-wrap elementor-element-populated\">\n\t\t\t\t\t\t\t\t<div class=\"elementor-element elementor-element-ef23880 elementor-widget elementor-widget-heading\" data-id=\"ef23880\" data-element_type=\"widget\" data-widget_type=\"heading.default\">\n\t\t\t\t<div class=\"elementor-widget-container\">\n\t\t\t<style>\/*! elementor - v3.7.8 - 02-10-2022 *\/\n.elementor-heading-title{padding:0;margin:0;line-height:1}.elementor-widget-heading .elementor-heading-title[class*=elementor-size-]>a{color:inherit;font-size:inherit;line-height:inherit}.elementor-widget-heading .elementor-heading-title.elementor-size-small{font-size:15px}.elementor-widget-heading .elementor-heading-title.elementor-size-medium{font-size:19px}.elementor-widget-heading .elementor-heading-title.elementor-size-large{font-size:29px}.elementor-widget-heading .elementor-heading-title.elementor-size-xl{font-size:39px}.elementor-widget-heading .elementor-heading-title.elementor-size-xxl{font-size:59px}<\/style><h2 class=\"elementor-heading-title elementor-size-default\">Suzana Petre<\/h2>\t\t<\/div>\n\t\t\t\t<\/div>\n\t\t\t\t\t<\/div>\n\t\t<\/div>\n\t\t\t\t\t\t\t<\/div>\n\t\t<\/section>\n\t\t\t\t<section class=\"elementor-section elementor-top-section elementor-element elementor-element-34e96f4 elementor-section-content-middle elementor-section-boxed elementor-section-height-default elementor-section-height-default\" data-id=\"34e96f4\" data-element_type=\"section\" data-settings=\"{&quot;background_background&quot;:&quot;classic&quot;}\">\n\t\t\t\t\t\t<div class=\"elementor-container elementor-column-gap-extended\">\n\t\t\t\t\t<div class=\"elementor-column elementor-col-50 elementor-top-column elementor-element elementor-element-77fc3f8\" data-id=\"77fc3f8\" data-element_type=\"column\">\n\t\t\t<div class=\"elementor-widget-wrap elementor-element-populated\">\n\t\t\t\t\t\t\t\t<div class=\"elementor-element elementor-element-280c827 elementor-widget elementor-widget-text-editor\" data-id=\"280c827\" data-element_type=\"widget\" data-widget_type=\"text-editor.default\">\n\t\t\t\t<div class=\"elementor-widget-container\">\n\t\t\t<style>\/*! elementor - v3.7.8 - 02-10-2022 *\/\n.elementor-widget-text-editor.elementor-drop-cap-view-stacked .elementor-drop-cap{background-color:#818a91;color:#fff}.elementor-widget-text-editor.elementor-drop-cap-view-framed .elementor-drop-cap{color:#818a91;border:3px solid;background-color:transparent}.elementor-widget-text-editor:not(.elementor-drop-cap-view-default) .elementor-drop-cap{margin-top:8px}.elementor-widget-text-editor:not(.elementor-drop-cap-view-default) .elementor-drop-cap-letter{width:1em;height:1em}.elementor-widget-text-editor .elementor-drop-cap{float:left;text-align:center;line-height:1;font-size:50px}.elementor-widget-text-editor .elementor-drop-cap-letter{display:inline-block}<\/style>\t\t\t\t<p>Numele meu este Suzana Petre sunt fondatoarea acestui atelier. Din dorin\u021ba de a oferii servicii de \u00eenalt\u0103 calitate \u00een lumea machiajului \u00eemi men\u021bin coechipierii mereu informa\u021bi cu noile tendin\u021be \u0219i produse, organiz\u00e2nd mereu cursuri de specializare \u00een cadrul atelierului.<\/p><p>\u00cenc\u0103 de mic\u0103 am crescut intru mediu \u00eenconjurat\u0103 de arta, av\u00e2nd arti\u0219ti \u00een familie, mai precis mama. Pot spune ca am fost influen\u021bat\u0103 direct de tot ceea ce \u00eenseamn\u0103 percep\u021bia culorii \u0219i a felului \u00een care putem face arta din orice.<\/p><p>Insa mai tarziu \u00een adolescenta am \u00eenceput sa cochetez cu industria Beauty.\u00a0<\/p><p>Deoarece fac parte dintr-o genera\u021bie \u00een care YouTube nu era \u00eemp\u00e2nzit de at\u00e2tea tutoriale \u0219i lec\u021bii, nu aveam nici unul din instrumentele de socializare de azi, am experimentat mult pe mine \u0219i pe prietene. <\/p>\t\t\t\t\t\t<\/div>\n\t\t\t\t<\/div>\n\t\t\t\t\t<\/div>\n\t\t<\/div>\n\t\t\t\t<div class=\"elementor-column elementor-col-50 elementor-top-column elementor-element elementor-element-f43670d\" data-id=\"f43670d\" data-element_type=\"column\">\n\t\t\t<div class=\"elementor-widget-wrap elementor-element-populated\">\n\t\t\t\t\t\t\t\t<div class=\"elementor-element elementor-element-174e49c elementor-widget elementor-widget-image\" data-id=\"174e49c\" data-element_type=\"widget\" data-widget_type=\"image.default\">\n\t\t\t\t<div class=\"elementor-widget-container\">\n\t\t\t<style>\/*! elementor - v3.7.8 - 02-10-2022 *\/\n.elementor-widget-image{text-align:center}.elementor-widget-image a{display:inline-block}.elementor-widget-image a img[src$=\".svg\"]{width:48px}.elementor-widget-image img{vertical-align:middle;display:inline-block}<\/style>\t\t\t\t\t\t\t\t\t\t\t\t<img width=\"1024\" height=\"684\" src=\"https:\/\/suzanapetre.ro\/wp-content\/uploads\/2023\/03\/IMG_3156-1024x684.jpeg\" class=\"attachment-large size-large\" alt=\"\" loading=\"lazy\" srcset=\"https:\/\/suzanapetre.ro\/wp-content\/uploads\/2023\/03\/IMG_3156-1024x684.jpeg 1024w, https:\/\/suzanapetre.ro\/wp-content\/uploads\/2023\/03\/IMG_3156-300x200.jpeg 300w, https:\/\/suzanapetre.ro\/wp-content\/uploads\/2023\/03\/IMG_3156-768x513.jpeg 768w, https:\/\/suzanapetre.ro\/wp-content\/uploads\/2023\/03\/IMG_3156-1320x881.jpeg 1320w, https:\/\/suzanapetre.ro\/wp-content\/uploads\/2023\/03\/IMG_3156.jpeg 1348w\" sizes=\"(max-width: 1024px) 100vw, 1024px\" \/>\t\t\t\t\t\t\t\t\t\t\t\t\t\t\t<\/div>\n\t\t\t\t<\/div>\n\t\t\t\t\t<\/div>\n\t\t<\/div>\n\t\t\t\t\t\t\t<\/div>\n\t\t<\/section>\n\t\t\t\t<section class=\"elementor-section elementor-top-section elementor-element elementor-element-b14e407 elementor-section-content-middle elementor-section-boxed elementor-section-height-default elementor-section-height-default\" data-id=\"b14e407\" data-element_type=\"section\" data-settings=\"{&quot;background_background&quot;:&quot;classic&quot;}\">\n\t\t\t\t\t\t<div class=\"elementor-container elementor-column-gap-extended\">\n\t\t\t\t\t<div class=\"elementor-column elementor-col-50 elementor-top-column elementor-element elementor-element-9839fab\" data-id=\"9839fab\" data-element_type=\"column\">\n\t\t\t<div class=\"elementor-widget-wrap elementor-element-populated\">\n\t\t\t\t\t\t\t\t<div class=\"elementor-element elementor-element-a9271d9 elementor-widget elementor-widget-image\" data-id=\"a9271d9\" data-element_type=\"widget\" data-widget_type=\"image.default\">\n\t\t\t\t<div class=\"elementor-widget-container\">\n\t\t\t\t\t\t\t\t\t\t\t\t\t\t\t<img width=\"1024\" height=\"684\" src=\"https:\/\/suzanapetre.ro\/wp-content\/uploads\/2023\/03\/IMG_3163-1024x684.jpeg\" class=\"attachment-large size-large\" alt=\"\" loading=\"lazy\" srcset=\"https:\/\/suzanapetre.ro\/wp-content\/uploads\/2023\/03\/IMG_3163-1024x684.jpeg 1024w, https:\/\/suzanapetre.ro\/wp-content\/uploads\/2023\/03\/IMG_3163-300x200.jpeg 300w, https:\/\/suzanapetre.ro\/wp-content\/uploads\/2023\/03\/IMG_3163-768x513.jpeg 768w, https:\/\/suzanapetre.ro\/wp-content\/uploads\/2023\/03\/IMG_3163-1320x881.jpeg 1320w, https:\/\/suzanapetre.ro\/wp-content\/uploads\/2023\/03\/IMG_3163.jpeg 1348w\" sizes=\"(max-width: 1024px) 100vw, 1024px\" \/>\t\t\t\t\t\t\t\t\t\t\t\t\t\t\t<\/div>\n\t\t\t\t<\/div>\n\t\t\t\t\t<\/div>\n\t\t<\/div>\n\t\t\t\t<div class=\"elementor-column elementor-col-50 elementor-top-column elementor-element elementor-element-853a64a\" data-id=\"853a64a\" data-element_type=\"column\">\n\t\t\t<div class=\"elementor-widget-wrap elementor-element-populated\">\n\t\t\t\t\t\t\t\t<div class=\"elementor-element elementor-element-cff1fe3 elementor-widget elementor-widget-text-editor\" data-id=\"cff1fe3\" data-element_type=\"widget\" data-widget_type=\"text-editor.default\">\n\t\t\t\t<div class=\"elementor-widget-container\">\n\t\t\t\t\t\t\t<p>Cea mai mare parte din cunostiinte pot spune ca le-am dob\u00e2ndit citind c\u0103r\u021bi \u00een domeniu pe care le-am g\u0103sit pe site-uri din afara , cele mai multe fiind \u00een limba englez\u0103. Apoi cu multa practica u\u0219or u\u0219or am \u00eenceput sa aplic.<\/p><p>Au urmat \u0219i serie de cursuri \u0219i masterclasuri, cu traineri interna\u021bionali cunoscu\u021bi ca Alexeeva Victoria, Matilda inozemtsva, Olga Tomina, Natalia Nayda \u0219i multi al\u021bii ; care au contribuit la formarea mea profesionala \u0219i m-au \u0219lefuit ca artist.<\/p><p>Am o experien\u021b\u0103 de peste 15 ani \u00een domeniul Beauty \u0219i Bridal, iar ca \u0219i trainer activez de mai bine de 10 ani.\u00a0<\/p><p>Am avut multe colabor\u0103ri \u0219i publica\u021bii \u00een multe reviste Beauty din \u021bar\u0103 ca: Makeup Magazine\u00a0 dar \u0219i din afara, cea mai recenta colaborare fiind cu Elements magazine.<\/p>\t\t\t\t\t\t<\/div>\n\t\t\t\t<\/div>\n\t\t\t\t\t<\/div>\n\t\t<\/div>\n\t\t\t\t\t\t\t<\/div>\n\t\t<\/section>\n\t\t\t\t<section class=\"elementor-section elementor-top-section elementor-element elementor-element-9565eb4 elementor-section-content-middle elementor-section-boxed elementor-section-height-default elementor-section-height-default\" data-id=\"9565eb4\" data-element_type=\"section\" data-settings=\"{&quot;background_background&quot;:&quot;classic&quot;}\">\n\t\t\t\t\t\t<div class=\"elementor-container elementor-column-gap-extended\">\n\t\t\t\t\t<div class=\"elementor-column elementor-col-50 elementor-top-column elementor-element elementor-element-6e373da\" data-id=\"6e373da\" data-element_type=\"column\">\n\t\t\t<div class=\"elementor-widget-wrap elementor-element-populated\">\n\t\t\t\t\t\t\t\t<div class=\"elementor-element elementor-element-9f9668c elementor-widget elementor-widget-text-editor\" data-id=\"9f9668c\" data-element_type=\"widget\" data-widget_type=\"text-editor.default\">\n\t\t\t\t<div class=\"elementor-widget-container\">\n\t\t\t\t\t\t\t<p>In anul 2016 am lansat propria colec\u021bie de pensule in colaborare cu fabrica de pensule KIM BRUSHES Israel : \u201cKim de Suzana Petre\u201d, care a fost o linie Luxury cu materiale de \u00eenalt\u0103 calitate.\u00a0<\/p><p>Pana in prezent nu am \u00eencetat sa ma documentez \u0219i sa fiu atenta la dorin\u021bele pie\u021bei, informandu-ma intens in ideea de a lansa o noua colectie care sa fie accesibila \u0219i sa se plieze pe nevoile tuturor.\u00a0<\/p><p>Astfel ca de cur\u00e2nd avem gata noua colectie de pensule: SUBLIME BRUSHES care va pot spune ca sunt absolut \u201cDELICIOASE\u201d. <br \/>Sunt realizate din fibre sintetice, imitate a firelor de par naturale. Fiind astfel VEGAN\u00a0&amp;\u00a0CRUELTY\u00a0FREE.<\/p>\t\t\t\t\t\t<\/div>\n\t\t\t\t<\/div>\n\t\t\t\t\t<\/div>\n\t\t<\/div>\n\t\t\t\t<div class=\"elementor-column elementor-col-50 elementor-top-column elementor-element elementor-element-770d473\" data-id=\"770d473\" data-element_type=\"column\">\n\t\t\t<div class=\"elementor-widget-wrap elementor-element-populated\">\n\t\t\t\t\t\t\t\t<div class=\"elementor-element elementor-element-8b3242c elementor-widget elementor-widget-image\" data-id=\"8b3242c\" data-element_type=\"widget\" data-widget_type=\"image.default\">\n\t\t\t\t<div class=\"elementor-widget-container\">\n\t\t\t\t\t\t\t\t\t\t\t\t\t\t\t<img width=\"1024\" height=\"684\" src=\"https:\/\/suzanapetre.ro\/wp-content\/uploads\/2023\/04\/IMG_3124-1024x684.jpeg\" class=\"attachment-large size-large\" alt=\"\" loading=\"lazy\" srcset=\"https:\/\/suzanapetre.ro\/wp-content\/uploads\/2023\/04\/IMG_3124-1024x684.jpeg 1024w, https:\/\/suzanapetre.ro\/wp-content\/uploads\/2023\/04\/IMG_3124-300x200.jpeg 300w, https:\/\/suzanapetre.ro\/wp-content\/uploads\/2023\/04\/IMG_3124-768x513.jpeg 768w, https:\/\/suzanapetre.ro\/wp-content\/uploads\/2023\/04\/IMG_3124-1320x881.jpeg 1320w, https:\/\/suzanapetre.ro\/wp-content\/uploads\/2023\/04\/IMG_3124.jpeg 1348w\" sizes=\"(max-width: 1024px) 100vw, 1024px\" \/>\t\t\t\t\t\t\t\t\t\t\t\t\t\t\t<\/div>\n\t\t\t\t<\/div>\n\t\t\t\t\t<\/div>\n\t\t<\/div>\n\t\t\t\t\t\t\t<\/div>\n\t\t<\/section>\n\t\t\t\t\t\t\t<\/div>\n\t\t","protected":false},"excerpt":{"rendered":"<p>Suzana Petre Numele meu este Suzana Petre sunt fondatoarea acestui atelier. Din dorin\u021ba de a oferii servicii de \u00eenalt\u0103 calitate \u00een lumea machiajului \u00eemi men\u021bin coechipierii mereu informa\u021bi cu noile tendin\u021be \u0219i produse, organiz\u00e2nd mereu cursuri de specializare \u00een cadrul atelierului. \u00cenc\u0103 de mic\u0103 am crescut intru mediu \u00eenconjurat\u0103 de arta, av\u00e2nd arti\u0219ti \u00een familie, &hellip;<\/p>\n<p class=\"read-more\"> <a class=\"\" href=\"https:\/\/suzanapetre.ro\/home\/suzana-petre\/\"> <span class=\"screen-reader-text\">Suzana Petre<\/span> Read More &raquo;<\/a><\/p>\n","protected":false},"author":1,"featured_media":1484,"parent":0,"menu_order":0,"comment_status":"closed","ping_status":"closed","template":"","meta":{"om_disable_all_campaigns":false,"_monsterinsights_skip_tracking":false,"_monsterinsights_sitenote_active":false,"_monsterinsights_sitenote_note":"","_monsterinsights_sitenote_category":0,"site-sidebar-layout":"no-sidebar","site-content-layout":"page-builder","ast-global-header-display":"","ast-main-header-display":"","ast-hfb-above-header-display":"","ast-hfb-below-header-display":"","ast-hfb-mobile-header-display":"","site-post-title":"disabled","ast-breadcrumbs-content":"","ast-featured-img":"disabled","footer-sml-layout":"","theme-transparent-header-meta":"","adv-header-id-meta":"","stick-header-meta":"","header-above-stick-meta":"","header-main-stick-meta":"","header-below-stick-meta":"","ngg_post_thumbnail":0},"yoast_head":"<!-- This site is optimized with the Yoast SEO plugin v20.5 - https:\/\/yoast.com\/wordpress\/plugins\/seo\/ -->\n<title>Suzana Petre - suzanapetre.ro<\/title>\n<meta name=\"robots\" content=\"index, follow, max-snippet:-1, max-image-preview:large, max-video-preview:-1\" \/>\n<link rel=\"canonical\" href=\"https:\/\/suzanapetre.ro\/home\/suzana-petre\/\" \/>\n<meta property=\"og:locale\" content=\"ro_RO\" \/>\n<meta property=\"og:type\" content=\"article\" \/>\n<meta property=\"og:title\" content=\"Suzana Petre - suzanapetre.ro\" \/>\n<meta property=\"og:description\" content=\"Suzana Petre Numele meu este Suzana Petre sunt fondatoarea acestui atelier. Din dorin\u021ba de a oferii servicii de \u00eenalt\u0103 calitate \u00een lumea machiajului \u00eemi men\u021bin coechipierii mereu informa\u021bi cu noile tendin\u021be \u0219i produse, organiz\u00e2nd mereu cursuri de specializare \u00een cadrul atelierului. \u00cenc\u0103 de mic\u0103 am crescut intru mediu \u00eenconjurat\u0103 de arta, av\u00e2nd arti\u0219ti \u00een familie, &hellip; Suzana Petre Read More &raquo;\" \/>\n<meta property=\"og:url\" content=\"https:\/\/suzanapetre.ro\/home\/suzana-petre\/\" \/>\n<meta property=\"og:site_name\" content=\"suzanapetre.ro\" \/>\n<meta property=\"article:modified_time\" content=\"2023-06-14T14:17:29+00:00\" \/>\n<meta property=\"og:image\" content=\"https:\/\/suzanapetre.ro\/wp-content\/uploads\/2023\/03\/IMG_1360.jpeg\" \/>\n\t<meta property=\"og:image:width\" content=\"2048\" \/>\n\t<meta property=\"og:image:height\" content=\"2048\" \/>\n\t<meta property=\"og:image:type\" content=\"image\/jpeg\" \/>\n<meta name=\"twitter:card\" content=\"summary_large_image\" \/>\n<meta name=\"twitter:label1\" content=\"Timp estimat pentru citire\" \/>\n\t<meta name=\"twitter:data1\" content=\"3 minute\" \/>\n<script type=\"application\/ld+json\" class=\"yoast-schema-graph\">{\"@context\":\"https:\/\/schema.org\",\"@graph\":[{\"@type\":\"WebPage\",\"@id\":\"https:\/\/suzanapetre.ro\/home\/suzana-petre\/\",\"url\":\"https:\/\/suzanapetre.ro\/home\/suzana-petre\/\",\"name\":\"Suzana Petre - suzanapetre.ro\",\"isPartOf\":{\"@id\":\"https:\/\/suzanapetre.ro\/home\/#website\"},\"datePublished\":\"2023-02-03T14:20:29+00:00\",\"dateModified\":\"2023-06-14T14:17:29+00:00\",\"breadcrumb\":{\"@id\":\"https:\/\/suzanapetre.ro\/home\/suzana-petre\/#breadcrumb\"},\"inLanguage\":\"ro-RO\",\"potentialAction\":[{\"@type\":\"ReadAction\",\"target\":[\"https:\/\/suzanapetre.ro\/home\/suzana-petre\/\"]}]},{\"@type\":\"BreadcrumbList\",\"@id\":\"https:\/\/suzanapetre.ro\/home\/suzana-petre\/#breadcrumb\",\"itemListElement\":[{\"@type\":\"ListItem\",\"position\":1,\"name\":\"Home\",\"item\":\"https:\/\/suzanapetre.ro\/home\/\"},{\"@type\":\"ListItem\",\"position\":2,\"name\":\"Suzana Petre\"}]},{\"@type\":\"WebSite\",\"@id\":\"https:\/\/suzanapetre.ro\/home\/#website\",\"url\":\"https:\/\/suzanapetre.ro\/home\/\",\"name\":\"suzanapetre.ro\",\"description\":\"machiaj, curs machiaj, pensule machiaj\",\"publisher\":{\"@id\":\"https:\/\/suzanapetre.ro\/home\/#organization\"},\"potentialAction\":[{\"@type\":\"SearchAction\",\"target\":{\"@type\":\"EntryPoint\",\"urlTemplate\":\"https:\/\/suzanapetre.ro\/home\/?s={search_term_string}\"},\"query-input\":\"required name=search_term_string\"}],\"inLanguage\":\"ro-RO\"},{\"@type\":\"Organization\",\"@id\":\"https:\/\/suzanapetre.ro\/home\/#organization\",\"name\":\"suzanapetre.ro\",\"url\":\"https:\/\/suzanapetre.ro\/home\/\",\"logo\":{\"@type\":\"ImageObject\",\"inLanguage\":\"ro-RO\",\"@id\":\"https:\/\/suzanapetre.ro\/home\/#\/schema\/logo\/image\/\",\"url\":\"https:\/\/suzanapetre.ro\/wp-content\/uploads\/2022\/11\/cropped-lart-sublime.png\",\"contentUrl\":\"https:\/\/suzanapetre.ro\/wp-content\/uploads\/2022\/11\/cropped-lart-sublime.png\",\"width\":2706,\"height\":951,\"caption\":\"suzanapetre.ro\"},\"image\":{\"@id\":\"https:\/\/suzanapetre.ro\/home\/#\/schema\/logo\/image\/\"}}]}<\/script>\n<!-- \/ Yoast SEO plugin. -->","yoast_head_json":{"title":"Suzana Petre - suzanapetre.ro","robots":{"index":"index","follow":"follow","max-snippet":"max-snippet:-1","max-image-preview":"max-image-preview:large","max-video-preview":"max-video-preview:-1"},"canonical":"https:\/\/suzanapetre.ro\/home\/suzana-petre\/","og_locale":"ro_RO","og_type":"article","og_title":"Suzana Petre - suzanapetre.ro","og_description":"Suzana Petre Numele meu este Suzana Petre sunt fondatoarea acestui atelier. Din dorin\u021ba de a oferii servicii de \u00eenalt\u0103 calitate \u00een lumea machiajului \u00eemi men\u021bin coechipierii mereu informa\u021bi cu noile tendin\u021be \u0219i produse, organiz\u00e2nd mereu cursuri de specializare \u00een cadrul atelierului. \u00cenc\u0103 de mic\u0103 am crescut intru mediu \u00eenconjurat\u0103 de arta, av\u00e2nd arti\u0219ti \u00een familie, &hellip; Suzana Petre Read More &raquo;","og_url":"https:\/\/suzanapetre.ro\/home\/suzana-petre\/","og_site_name":"suzanapetre.ro","article_modified_time":"2023-06-14T14:17:29+00:00","og_image":[{"width":2048,"height":2048,"url":"https:\/\/suzanapetre.ro\/wp-content\/uploads\/2023\/03\/IMG_1360.jpeg","type":"image\/jpeg"}],"twitter_card":"summary_large_image","twitter_misc":{"Timp estimat pentru citire":"3 minute"},"schema":{"@context":"https:\/\/schema.org","@graph":[{"@type":"WebPage","@id":"https:\/\/suzanapetre.ro\/home\/suzana-petre\/","url":"https:\/\/suzanapetre.ro\/home\/suzana-petre\/","name":"Suzana Petre - suzanapetre.ro","isPartOf":{"@id":"https:\/\/suzanapetre.ro\/home\/#website"},"datePublished":"2023-02-03T14:20:29+00:00","dateModified":"2023-06-14T14:17:29+00:00","breadcrumb":{"@id":"https:\/\/suzanapetre.ro\/home\/suzana-petre\/#breadcrumb"},"inLanguage":"ro-RO","potentialAction":[{"@type":"ReadAction","target":["https:\/\/suzanapetre.ro\/home\/suzana-petre\/"]}]},{"@type":"BreadcrumbList","@id":"https:\/\/suzanapetre.ro\/home\/suzana-petre\/#breadcrumb","itemListElement":[{"@type":"ListItem","position":1,"name":"Home","item":"https:\/\/suzanapetre.ro\/home\/"},{"@type":"ListItem","position":2,"name":"Suzana Petre"}]},{"@type":"WebSite","@id":"https:\/\/suzanapetre.ro\/home\/#website","url":"https:\/\/suzanapetre.ro\/home\/","name":"suzanapetre.ro","description":"machiaj, curs machiaj, pensule machiaj","publisher":{"@id":"https:\/\/suzanapetre.ro\/home\/#organization"},"potentialAction":[{"@type":"SearchAction","target":{"@type":"EntryPoint","urlTemplate":"https:\/\/suzanapetre.ro\/home\/?s={search_term_string}"},"query-input":"required name=search_term_string"}],"inLanguage":"ro-RO"},{"@type":"Organization","@id":"https:\/\/suzanapetre.ro\/home\/#organization","name":"suzanapetre.ro","url":"https:\/\/suzanapetre.ro\/home\/","logo":{"@type":"ImageObject","inLanguage":"ro-RO","@id":"https:\/\/suzanapetre.ro\/home\/#\/schema\/logo\/image\/","url":"https:\/\/suzanapetre.ro\/wp-content\/uploads\/2022\/11\/cropped-lart-sublime.png","contentUrl":"https:\/\/suzanapetre.ro\/wp-content\/uploads\/2022\/11\/cropped-lart-sublime.png","width":2706,"height":951,"caption":"suzanapetre.ro"},"image":{"@id":"https:\/\/suzanapetre.ro\/home\/#\/schema\/logo\/image\/"}}]}},"_links":{"self":[{"href":"https:\/\/suzanapetre.ro\/home\/wp-json\/wp\/v2\/pages\/1391"}],"collection":[{"href":"https:\/\/suzanapetre.ro\/home\/wp-json\/wp\/v2\/pages"}],"about":[{"href":"https:\/\/suzanapetre.ro\/home\/wp-json\/wp\/v2\/types\/page"}],"author":[{"embeddable":true,"href":"https:\/\/suzanapetre.ro\/home\/wp-json\/wp\/v2\/users\/1"}],"replies":[{"embeddable":true,"href":"https:\/\/suzanapetre.ro\/home\/wp-json\/wp\/v2\/comments?post=1391"}],"version-history":[{"count":41,"href":"https:\/\/suzanapetre.ro\/home\/wp-json\/wp\/v2\/pages\/1391\/revisions"}],"predecessor-version":[{"id":1792,"href":"https:\/\/suzanapetre.ro\/home\/wp-json\/wp\/v2\/pages\/1391\/revisions\/1792"}],"wp:featuredmedia":[{"embeddable":true,"href":"https:\/\/suzanapetre.ro\/home\/wp-json\/wp\/v2\/media\/1484"}],"wp:attachment":[{"href":"https:\/\/suzanapetre.ro\/home\/wp-json\/wp\/v2\/media?parent=1391"}],"curies":[{"name":"wp","href":"https:\/\/api.w.org\/{rel}","templated":true}]}}