{"id":397,"date":"2021-07-26T07:42:41","date_gmt":"2021-07-26T07:42:41","guid":{"rendered":"http:\/\/suzanapetre.ro\/?page_id=397"},"modified":"2023-06-14T14:00:27","modified_gmt":"2023-06-14T14:00:27","slug":"about","status":"publish","type":"page","link":"https:\/\/suzanapetre.ro\/home\/about\/","title":{"rendered":"About"},"content":{"rendered":"\t\t<div data-elementor-type=\"wp-page\" data-elementor-id=\"397\" class=\"elementor elementor-397\">\n\t\t\t\t\t\t\t\t\t<section class=\"elementor-section elementor-top-section elementor-element elementor-element-rmzsza3 elementor-section-boxed elementor-section-height-default elementor-section-height-default\" data-id=\"rmzsza3\" data-element_type=\"section\" data-settings=\"{&quot;background_background&quot;:&quot;classic&quot;,&quot;shape_divider_bottom&quot;:&quot;waves&quot;}\">\n\t\t\t\t\t\t\t<div class=\"elementor-background-overlay\"><\/div>\n\t\t\t\t\t\t<div class=\"elementor-shape elementor-shape-bottom\" data-negative=\"false\">\n\t\t\t<svg xmlns=\"http:\/\/www.w3.org\/2000\/svg\" viewBox=\"0 0 1000 100\" preserveAspectRatio=\"none\">\n\t<path class=\"elementor-shape-fill\" d=\"M421.9,6.5c22.6-2.5,51.5,0.4,75.5,5.3c23.6,4.9,70.9,23.5,100.5,35.7c75.8,32.2,133.7,44.5,192.6,49.7\n\tc23.6,2.1,48.7,3.5,103.4-2.5c54.7-6,106.2-25.6,106.2-25.6V0H0v30.3c0,0,72,32.6,158.4,30.5c39.2-0.7,92.8-6.7,134-22.4\n\tc21.2-8.1,52.2-18.2,79.7-24.2C399.3,7.9,411.6,7.5,421.9,6.5z\"\/>\n<\/svg>\t\t<\/div>\n\t\t\t\t\t<div class=\"elementor-container elementor-column-gap-default\">\n\t\t\t\t\t<div class=\"elementor-column elementor-col-100 elementor-top-column elementor-element elementor-element-157f6c08\" data-id=\"157f6c08\" data-element_type=\"column\">\n\t\t\t<div class=\"elementor-widget-wrap elementor-element-populated\">\n\t\t\t\t\t\t\t\t<div class=\"elementor-element elementor-element-77fa128f elementor-widget elementor-widget-heading\" data-id=\"77fa128f\" data-element_type=\"widget\" data-widget_type=\"heading.default\">\n\t\t\t\t<div class=\"elementor-widget-container\">\n\t\t\t<style>\/*! elementor - v3.7.8 - 02-10-2022 *\/\n.elementor-heading-title{padding:0;margin:0;line-height:1}.elementor-widget-heading .elementor-heading-title[class*=elementor-size-]>a{color:inherit;font-size:inherit;line-height:inherit}.elementor-widget-heading .elementor-heading-title.elementor-size-small{font-size:15px}.elementor-widget-heading .elementor-heading-title.elementor-size-medium{font-size:19px}.elementor-widget-heading .elementor-heading-title.elementor-size-large{font-size:29px}.elementor-widget-heading .elementor-heading-title.elementor-size-xl{font-size:39px}.elementor-widget-heading .elementor-heading-title.elementor-size-xxl{font-size:59px}<\/style><h1 class=\"elementor-heading-title elementor-size-default\">Despre noi<\/h1>\t\t<\/div>\n\t\t\t\t<\/div>\n\t\t\t\t\t<\/div>\n\t\t<\/div>\n\t\t\t\t\t\t\t<\/div>\n\t\t<\/section>\n\t\t\t\t<section class=\"elementor-section elementor-top-section elementor-element elementor-element-0qhhbjx elementor-section-boxed elementor-section-height-default elementor-section-height-default\" data-id=\"0qhhbjx\" data-element_type=\"section\">\n\t\t\t\t\t\t<div class=\"elementor-container elementor-column-gap-default\">\n\t\t\t\t\t<div class=\"elementor-column elementor-col-100 elementor-top-column elementor-element elementor-element-27a7cd12\" data-id=\"27a7cd12\" data-element_type=\"column\">\n\t\t\t<div class=\"elementor-widget-wrap elementor-element-populated\">\n\t\t\t\t\t\t\t\t<div class=\"elementor-element elementor-element-2f967151 elementor-widget elementor-widget-heading\" data-id=\"2f967151\" data-element_type=\"widget\" data-widget_type=\"heading.default\">\n\t\t\t\t<div class=\"elementor-widget-container\">\n\t\t\t<h6 class=\"elementor-heading-title elementor-size-default\">Echipa noastr\u0103 minunat\u0103<\/h6>\t\t<\/div>\n\t\t\t\t<\/div>\n\t\t\t\t<div class=\"elementor-element elementor-element-2da5e7b6 elementor-position-top elementor-vertical-align-top elementor-widget elementor-widget-image-box\" data-id=\"2da5e7b6\" data-element_type=\"widget\" data-widget_type=\"image-box.default\">\n\t\t\t\t<div class=\"elementor-widget-container\">\n\t\t\t<style>\/*! elementor - v3.7.8 - 02-10-2022 *\/\n.elementor-widget-image-box .elementor-image-box-content{width:100%}@media (min-width:768px){.elementor-widget-image-box.elementor-position-left .elementor-image-box-wrapper,.elementor-widget-image-box.elementor-position-right .elementor-image-box-wrapper{display:-webkit-box;display:-ms-flexbox;display:flex}.elementor-widget-image-box.elementor-position-right .elementor-image-box-wrapper{text-align:right;-webkit-box-orient:horizontal;-webkit-box-direction:reverse;-ms-flex-direction:row-reverse;flex-direction:row-reverse}.elementor-widget-image-box.elementor-position-left .elementor-image-box-wrapper{text-align:left;-webkit-box-orient:horizontal;-webkit-box-direction:normal;-ms-flex-direction:row;flex-direction:row}.elementor-widget-image-box.elementor-position-top .elementor-image-box-img{margin:auto}.elementor-widget-image-box.elementor-vertical-align-top .elementor-image-box-wrapper{-webkit-box-align:start;-ms-flex-align:start;align-items:flex-start}.elementor-widget-image-box.elementor-vertical-align-middle .elementor-image-box-wrapper{-webkit-box-align:center;-ms-flex-align:center;align-items:center}.elementor-widget-image-box.elementor-vertical-align-bottom .elementor-image-box-wrapper{-webkit-box-align:end;-ms-flex-align:end;align-items:flex-end}}@media (max-width:767px){.elementor-widget-image-box .elementor-image-box-img{margin-left:auto!important;margin-right:auto!important;margin-bottom:15px}}.elementor-widget-image-box .elementor-image-box-img{display:inline-block}.elementor-widget-image-box .elementor-image-box-title a{color:inherit}.elementor-widget-image-box .elementor-image-box-wrapper{text-align:center}.elementor-widget-image-box .elementor-image-box-description{margin:0}<\/style><div class=\"elementor-image-box-wrapper\"><div class=\"elementor-image-box-content\"><h2 class=\"elementor-image-box-title\">Contam cu cei mai buni specialisti<\/h2><p class=\"elementor-image-box-description\">Toate program\u0103rile trebuie confirmate apoi prin apelat telefonic c\u0103tre specialist! Orele de programare pot fi \u0219i inafara celor de pe orar cu anun\u021barea specialistului \u00eenainte!<\/p><\/div><\/div>\t\t<\/div>\n\t\t\t\t<\/div>\n\t\t\t\t\t<\/div>\n\t\t<\/div>\n\t\t\t\t\t\t\t<\/div>\n\t\t<\/section>\n\t\t\t\t<section class=\"elementor-section elementor-top-section elementor-element elementor-element-dxj4tta elementor-section-content-middle elementor-section-boxed elementor-section-height-default elementor-section-height-default\" data-id=\"dxj4tta\" data-element_type=\"section\">\n\t\t\t\t\t\t<div class=\"elementor-container elementor-column-gap-default\">\n\t\t\t\t\t<div class=\"elementor-column elementor-col-33 elementor-top-column elementor-element elementor-element-75a15fa9\" data-id=\"75a15fa9\" data-element_type=\"column\" data-settings=\"{&quot;background_background&quot;:&quot;classic&quot;}\">\n\t\t\t<div class=\"elementor-widget-wrap elementor-element-populated\">\n\t\t\t\t\t\t\t\t<div class=\"elementor-element elementor-element-6b01a959 elementor-widget elementor-widget-image\" data-id=\"6b01a959\" data-element_type=\"widget\" data-widget_type=\"image.default\">\n\t\t\t\t<div class=\"elementor-widget-container\">\n\t\t\t<style>\/*! elementor - v3.7.8 - 02-10-2022 *\/\n.elementor-widget-image{text-align:center}.elementor-widget-image a{display:inline-block}.elementor-widget-image a img[src$=\".svg\"]{width:48px}.elementor-widget-image img{vertical-align:middle;display:inline-block}<\/style>\t\t\t\t\t\t\t\t\t\t\t\t\t<a href=\"https:\/\/suzanapetre.ro\/suzana-petre\/\">\n\t\t\t\t\t\t\t<img width=\"96\" height=\"96\" src=\"https:\/\/suzanapetre.ro\/wp-content\/uploads\/2022\/11\/5e4b82b2d7ed056c1425eeae.jpg\" class=\"attachment-large size-large\" alt=\"\" loading=\"lazy\" \/>\t\t\t\t\t\t\t\t<\/a>\n\t\t\t\t\t\t\t\t\t\t\t\t\t\t\t<\/div>\n\t\t\t\t<\/div>\n\t\t\t\t<div class=\"elementor-element elementor-element-7228f74e elementor-position-top elementor-vertical-align-top elementor-widget elementor-widget-image-box\" data-id=\"7228f74e\" data-element_type=\"widget\" data-widget_type=\"image-box.default\">\n\t\t\t\t<div class=\"elementor-widget-container\">\n\t\t\t<div class=\"elementor-image-box-wrapper\"><div class=\"elementor-image-box-content\"><h4 class=\"elementor-image-box-title\">Suzana Petre<\/h4><p class=\"elementor-image-box-description\">Makeup Artist & CEO<\/p><\/div><\/div>\t\t<\/div>\n\t\t\t\t<\/div>\n\t\t\t\t\t<\/div>\n\t\t<\/div>\n\t\t\t\t<div class=\"elementor-column elementor-col-33 elementor-top-column elementor-element elementor-element-77d8c87d\" data-id=\"77d8c87d\" data-element_type=\"column\" data-settings=\"{&quot;background_background&quot;:&quot;classic&quot;}\">\n\t\t\t<div class=\"elementor-widget-wrap elementor-element-populated\">\n\t\t\t\t\t\t\t\t<div class=\"elementor-element elementor-element-56ada15b elementor-widget elementor-widget-image\" data-id=\"56ada15b\" data-element_type=\"widget\" data-widget_type=\"image.default\">\n\t\t\t\t<div class=\"elementor-widget-container\">\n\t\t\t\t\t\t\t\t\t\t\t\t\t\t\t\t<a href=\"https:\/\/suzanapetre.ro\/giulia-dima\/\">\n\t\t\t\t\t\t\t<img width=\"96\" height=\"96\" src=\"https:\/\/suzanapetre.ro\/wp-content\/uploads\/2022\/11\/62701db4756cee0013bd4a1e.jpg\" class=\"attachment-large size-large\" alt=\"\" loading=\"lazy\" \/>\t\t\t\t\t\t\t\t<\/a>\n\t\t\t\t\t\t\t\t\t\t\t\t\t\t\t<\/div>\n\t\t\t\t<\/div>\n\t\t\t\t<div class=\"elementor-element elementor-element-1ce8fe8c elementor-position-top elementor-vertical-align-top elementor-widget elementor-widget-image-box\" data-id=\"1ce8fe8c\" data-element_type=\"widget\" data-widget_type=\"image-box.default\">\n\t\t\t\t<div class=\"elementor-widget-container\">\n\t\t\t<div class=\"elementor-image-box-wrapper\"><div class=\"elementor-image-box-content\"><h4 class=\"elementor-image-box-title\">Giulia Dima<\/h4><p class=\"elementor-image-box-description\">Makeup Artist<\/p><\/div><\/div>\t\t<\/div>\n\t\t\t\t<\/div>\n\t\t\t\t\t<\/div>\n\t\t<\/div>\n\t\t\t\t<div class=\"elementor-column elementor-col-33 elementor-top-column elementor-element elementor-element-7053cd4c\" data-id=\"7053cd4c\" data-element_type=\"column\" data-settings=\"{&quot;background_background&quot;:&quot;classic&quot;}\">\n\t\t\t<div class=\"elementor-widget-wrap elementor-element-populated\">\n\t\t\t\t\t<div class=\"elementor-background-overlay\"><\/div>\n\t\t\t\t\t\t\t\t<div class=\"elementor-element elementor-element-631b585b elementor-widget elementor-widget-heading\" data-id=\"631b585b\" data-element_type=\"widget\" data-widget_type=\"heading.default\">\n\t\t\t\t<div class=\"elementor-widget-container\">\n\t\t\t<h3 class=\"elementor-heading-title elementor-size-default\">F\u0103-\u021bi o programare acum prin aplica\u021bia MERO<\/h3>\t\t<\/div>\n\t\t\t\t<\/div>\n\t\t\t\t<div class=\"elementor-element elementor-element-7f5fcc3 elementor-widget elementor-widget-text-editor\" data-id=\"7f5fcc3\" data-element_type=\"widget\" data-widget_type=\"text-editor.default\">\n\t\t\t\t<div class=\"elementor-widget-container\">\n\t\t\t<style>\/*! elementor - v3.7.8 - 02-10-2022 *\/\n.elementor-widget-text-editor.elementor-drop-cap-view-stacked .elementor-drop-cap{background-color:#818a91;color:#fff}.elementor-widget-text-editor.elementor-drop-cap-view-framed .elementor-drop-cap{color:#818a91;border:3px solid;background-color:transparent}.elementor-widget-text-editor:not(.elementor-drop-cap-view-default) .elementor-drop-cap{margin-top:8px}.elementor-widget-text-editor:not(.elementor-drop-cap-view-default) .elementor-drop-cap-letter{width:1em;height:1em}.elementor-widget-text-editor .elementor-drop-cap{float:left;text-align:center;line-height:1;font-size:50px}.elementor-widget-text-editor .elementor-drop-cap-letter{display:inline-block}<\/style>\t\t\t\t<p>Daca esti client nou iti recomandam sa ai o intilnire de 10 minute cu specialistul favorit<\/p>\t\t\t\t\t\t<\/div>\n\t\t\t\t<\/div>\n\t\t\t\t<div class=\"elementor-element elementor-element-35885281 elementor-align-justify elementor-tablet-align-center elementor-mobile-align-center elementor-widget elementor-widget-button\" data-id=\"35885281\" data-element_type=\"widget\" data-widget_type=\"button.default\">\n\t\t\t\t<div class=\"elementor-widget-container\">\n\t\t\t\t\t<div class=\"elementor-button-wrapper\">\n\t\t\t<a href=\"https:\/\/mero.ro\/p\/lart-sublime\" class=\"elementor-button-link elementor-button elementor-size-sm\" role=\"button\">\n\t\t\t\t\t\t<span class=\"elementor-button-content-wrapper\">\n\t\t\t\t\t\t<span class=\"elementor-button-text\">Rezerva\u021bi programare<\/span>\n\t\t<\/span>\n\t\t\t\t\t<\/a>\n\t\t<\/div>\n\t\t\t\t<\/div>\n\t\t\t\t<\/div>\n\t\t\t\t\t<\/div>\n\t\t<\/div>\n\t\t\t\t\t\t\t<\/div>\n\t\t<\/section>\n\t\t\t\t\t\t\t<\/div>\n\t\t","protected":false},"excerpt":{"rendered":"<p>Despre noi Echipa noastr\u0103 minunat\u0103 Contam cu cei mai buni specialisti Toate program\u0103rile trebuie confirmate apoi prin apelat telefonic c\u0103tre specialist! Orele de programare pot fi \u0219i inafara celor de pe orar cu anun\u021barea specialistului \u00eenainte! Suzana Petre Makeup Artist &#038; CEO Giulia Dima Makeup Artist F\u0103-\u021bi o programare acum prin aplica\u021bia MERO Daca esti &hellip;<\/p>\n<p class=\"read-more\"> <a class=\"\" href=\"https:\/\/suzanapetre.ro\/home\/about\/\"> <span class=\"screen-reader-text\">About<\/span> Read More &raquo;<\/a><\/p>\n","protected":false},"author":0,"featured_media":0,"parent":0,"menu_order":0,"comment_status":"closed","ping_status":"closed","template":"","meta":{"om_disable_all_campaigns":false,"_monsterinsights_skip_tracking":false,"_monsterinsights_sitenote_active":false,"_monsterinsights_sitenote_note":"","_monsterinsights_sitenote_category":0,"site-sidebar-layout":"no-sidebar","site-content-layout":"page-builder","ast-global-header-display":"","ast-main-header-display":"","ast-hfb-above-header-display":"","ast-hfb-below-header-display":"","ast-hfb-mobile-header-display":"","site-post-title":"disabled","ast-breadcrumbs-content":"disabled","ast-featured-img":"disabled","footer-sml-layout":"","theme-transparent-header-meta":"default","adv-header-id-meta":"","stick-header-meta":"","header-above-stick-meta":"","header-main-stick-meta":"","header-below-stick-meta":"","ngg_post_thumbnail":0},"yoast_head":"<!-- This site is optimized with the Yoast SEO plugin v20.5 - https:\/\/yoast.com\/wordpress\/plugins\/seo\/ -->\n<title>About - suzanapetre.ro<\/title>\n<meta name=\"robots\" content=\"index, follow, max-snippet:-1, max-image-preview:large, max-video-preview:-1\" \/>\n<link rel=\"canonical\" href=\"https:\/\/suzanapetre.ro\/home\/about\/\" \/>\n<meta property=\"og:locale\" content=\"ro_RO\" \/>\n<meta property=\"og:type\" content=\"article\" \/>\n<meta property=\"og:title\" content=\"About - suzanapetre.ro\" \/>\n<meta property=\"og:description\" content=\"Despre noi Echipa noastr\u0103 minunat\u0103 Contam cu cei mai buni specialisti Toate program\u0103rile trebuie confirmate apoi prin apelat telefonic c\u0103tre specialist! Orele de programare pot fi \u0219i inafara celor de pe orar cu anun\u021barea specialistului \u00eenainte! Suzana Petre Makeup Artist &#038; CEO Giulia Dima Makeup Artist F\u0103-\u021bi o programare acum prin aplica\u021bia MERO Daca esti &hellip; About Read More &raquo;\" \/>\n<meta property=\"og:url\" content=\"https:\/\/suzanapetre.ro\/home\/about\/\" \/>\n<meta property=\"og:site_name\" content=\"suzanapetre.ro\" \/>\n<meta property=\"article:modified_time\" content=\"2023-06-14T14:00:27+00:00\" \/>\n<meta property=\"og:image\" content=\"https:\/\/suzanapetre.ro\/wp-content\/uploads\/2022\/11\/5e4b82b2d7ed056c1425eeae.jpg\" \/>\n<meta name=\"twitter:card\" content=\"summary_large_image\" \/>\n<meta name=\"twitter:label1\" content=\"Timp estimat pentru citire\" \/>\n\t<meta name=\"twitter:data1\" content=\"1 minut\" \/>\n<script type=\"application\/ld+json\" class=\"yoast-schema-graph\">{\"@context\":\"https:\/\/schema.org\",\"@graph\":[{\"@type\":\"WebPage\",\"@id\":\"https:\/\/suzanapetre.ro\/home\/about\/\",\"url\":\"https:\/\/suzanapetre.ro\/home\/about\/\",\"name\":\"About - suzanapetre.ro\",\"isPartOf\":{\"@id\":\"https:\/\/suzanapetre.ro\/home\/#website\"},\"datePublished\":\"2021-07-26T07:42:41+00:00\",\"dateModified\":\"2023-06-14T14:00:27+00:00\",\"breadcrumb\":{\"@id\":\"https:\/\/suzanapetre.ro\/home\/about\/#breadcrumb\"},\"inLanguage\":\"ro-RO\",\"potentialAction\":[{\"@type\":\"ReadAction\",\"target\":[\"https:\/\/suzanapetre.ro\/home\/about\/\"]}]},{\"@type\":\"BreadcrumbList\",\"@id\":\"https:\/\/suzanapetre.ro\/home\/about\/#breadcrumb\",\"itemListElement\":[{\"@type\":\"ListItem\",\"position\":1,\"name\":\"Home\",\"item\":\"https:\/\/suzanapetre.ro\/home\/\"},{\"@type\":\"ListItem\",\"position\":2,\"name\":\"About\"}]},{\"@type\":\"WebSite\",\"@id\":\"https:\/\/suzanapetre.ro\/home\/#website\",\"url\":\"https:\/\/suzanapetre.ro\/home\/\",\"name\":\"suzanapetre.ro\",\"description\":\"machiaj, curs machiaj, pensule machiaj\",\"publisher\":{\"@id\":\"https:\/\/suzanapetre.ro\/home\/#organization\"},\"potentialAction\":[{\"@type\":\"SearchAction\",\"target\":{\"@type\":\"EntryPoint\",\"urlTemplate\":\"https:\/\/suzanapetre.ro\/home\/?s={search_term_string}\"},\"query-input\":\"required name=search_term_string\"}],\"inLanguage\":\"ro-RO\"},{\"@type\":\"Organization\",\"@id\":\"https:\/\/suzanapetre.ro\/home\/#organization\",\"name\":\"suzanapetre.ro\",\"url\":\"https:\/\/suzanapetre.ro\/home\/\",\"logo\":{\"@type\":\"ImageObject\",\"inLanguage\":\"ro-RO\",\"@id\":\"https:\/\/suzanapetre.ro\/home\/#\/schema\/logo\/image\/\",\"url\":\"https:\/\/suzanapetre.ro\/wp-content\/uploads\/2022\/11\/cropped-lart-sublime.png\",\"contentUrl\":\"https:\/\/suzanapetre.ro\/wp-content\/uploads\/2022\/11\/cropped-lart-sublime.png\",\"width\":2706,\"height\":951,\"caption\":\"suzanapetre.ro\"},\"image\":{\"@id\":\"https:\/\/suzanapetre.ro\/home\/#\/schema\/logo\/image\/\"}}]}<\/script>\n<!-- \/ Yoast SEO plugin. -->","yoast_head_json":{"title":"About - suzanapetre.ro","robots":{"index":"index","follow":"follow","max-snippet":"max-snippet:-1","max-image-preview":"max-image-preview:large","max-video-preview":"max-video-preview:-1"},"canonical":"https:\/\/suzanapetre.ro\/home\/about\/","og_locale":"ro_RO","og_type":"article","og_title":"About - suzanapetre.ro","og_description":"Despre noi Echipa noastr\u0103 minunat\u0103 Contam cu cei mai buni specialisti Toate program\u0103rile trebuie confirmate apoi prin apelat telefonic c\u0103tre specialist! Orele de programare pot fi \u0219i inafara celor de pe orar cu anun\u021barea specialistului \u00eenainte! Suzana Petre Makeup Artist &#038; CEO Giulia Dima Makeup Artist F\u0103-\u021bi o programare acum prin aplica\u021bia MERO Daca esti &hellip; About Read More &raquo;","og_url":"https:\/\/suzanapetre.ro\/home\/about\/","og_site_name":"suzanapetre.ro","article_modified_time":"2023-06-14T14:00:27+00:00","og_image":[{"url":"https:\/\/suzanapetre.ro\/wp-content\/uploads\/2022\/11\/5e4b82b2d7ed056c1425eeae.jpg"}],"twitter_card":"summary_large_image","twitter_misc":{"Timp estimat pentru citire":"1 minut"},"schema":{"@context":"https:\/\/schema.org","@graph":[{"@type":"WebPage","@id":"https:\/\/suzanapetre.ro\/home\/about\/","url":"https:\/\/suzanapetre.ro\/home\/about\/","name":"About - suzanapetre.ro","isPartOf":{"@id":"https:\/\/suzanapetre.ro\/home\/#website"},"datePublished":"2021-07-26T07:42:41+00:00","dateModified":"2023-06-14T14:00:27+00:00","breadcrumb":{"@id":"https:\/\/suzanapetre.ro\/home\/about\/#breadcrumb"},"inLanguage":"ro-RO","potentialAction":[{"@type":"ReadAction","target":["https:\/\/suzanapetre.ro\/home\/about\/"]}]},{"@type":"BreadcrumbList","@id":"https:\/\/suzanapetre.ro\/home\/about\/#breadcrumb","itemListElement":[{"@type":"ListItem","position":1,"name":"Home","item":"https:\/\/suzanapetre.ro\/home\/"},{"@type":"ListItem","position":2,"name":"About"}]},{"@type":"WebSite","@id":"https:\/\/suzanapetre.ro\/home\/#website","url":"https:\/\/suzanapetre.ro\/home\/","name":"suzanapetre.ro","description":"machiaj, curs machiaj, pensule machiaj","publisher":{"@id":"https:\/\/suzanapetre.ro\/home\/#organization"},"potentialAction":[{"@type":"SearchAction","target":{"@type":"EntryPoint","urlTemplate":"https:\/\/suzanapetre.ro\/home\/?s={search_term_string}"},"query-input":"required name=search_term_string"}],"inLanguage":"ro-RO"},{"@type":"Organization","@id":"https:\/\/suzanapetre.ro\/home\/#organization","name":"suzanapetre.ro","url":"https:\/\/suzanapetre.ro\/home\/","logo":{"@type":"ImageObject","inLanguage":"ro-RO","@id":"https:\/\/suzanapetre.ro\/home\/#\/schema\/logo\/image\/","url":"https:\/\/suzanapetre.ro\/wp-content\/uploads\/2022\/11\/cropped-lart-sublime.png","contentUrl":"https:\/\/suzanapetre.ro\/wp-content\/uploads\/2022\/11\/cropped-lart-sublime.png","width":2706,"height":951,"caption":"suzanapetre.ro"},"image":{"@id":"https:\/\/suzanapetre.ro\/home\/#\/schema\/logo\/image\/"}}]}},"_links":{"self":[{"href":"https:\/\/suzanapetre.ro\/home\/wp-json\/wp\/v2\/pages\/397"}],"collection":[{"href":"https:\/\/suzanapetre.ro\/home\/wp-json\/wp\/v2\/pages"}],"about":[{"href":"https:\/\/suzanapetre.ro\/home\/wp-json\/wp\/v2\/types\/page"}],"replies":[{"embeddable":true,"href":"https:\/\/suzanapetre.ro\/home\/wp-json\/wp\/v2\/comments?post=397"}],"version-history":[{"count":55,"href":"https:\/\/suzanapetre.ro\/home\/wp-json\/wp\/v2\/pages\/397\/revisions"}],"predecessor-version":[{"id":1765,"href":"https:\/\/suzanapetre.ro\/home\/wp-json\/wp\/v2\/pages\/397\/revisions\/1765"}],"wp:attachment":[{"href":"https:\/\/suzanapetre.ro\/home\/wp-json\/wp\/v2\/media?parent=397"}],"curies":[{"name":"wp","href":"https:\/\/api.w.org\/{rel}","templated":true}]}}