{"id":1333,"date":"2023-02-03T13:43:17","date_gmt":"2023-02-03T13:43:17","guid":{"rendered":"https:\/\/suzanapetre.ro\/?post_type=product&#038;p=1333"},"modified":"2024-11-11T00:52:11","modified_gmt":"2024-11-10T22:52:11","slug":"curs-make-up-de-baza","status":"publish","type":"product","link":"https:\/\/suzanapetre.ro\/home\/product\/curs-make-up-de-baza\/","title":{"rendered":"Curs Make-up de baza"},"content":{"rendered":"<h2>Curs Make-up de baz\u0103<\/h2>\n<p><strong>Curs Make-up de baz\u0103 structurat \u00een dou\u0103 p\u0103r\u021bi esen\u021biale: teoretic\u0103 \u0219i practic\u0103. \u00cenva\u021b\u0103 principiile fundamentale ale machiajului \u0219i aplic\u0103-le \u00eentr-un mediu hands-on pentru a-\u021bi dezvolta abilit\u0103\u021bile.<\/strong><\/p>\n<h3><strong>Partea Teoretic\u0103<\/strong><\/h3>\n<p>\u00cen cadrul acestei p\u0103r\u021bi teoretice a cursului, vei \u00eenv\u0103\u021ba fundamentalele esen\u021biale ale machiajului, \u00eencep\u00e2nd de la \u00een\u021belegerea tipurilor de ten p\u00e2n\u0103 la corec\u021bia cromatic\u0103 \u0219i aplicarea adecvat\u0103 a produselor.<\/p>\n<h4><strong>Ziua 1: \u00cen\u021belegerea Tipurilor de Ten<\/strong><\/h4>\n<ul>\n<li>Prezentarea tipurilor de ten, inclusiv caracteristicile fiec\u0103rui tip.<\/li>\n<li>Explorarea diferitelor tipuri de produse: fond de ten, baze \u0219i pudre, \u0219i cum s\u0103 le asociezi cu fiecare tip de ten.<\/li>\n<li>Tehnici de preg\u0103tire a tenului \u00een func\u021bie de probleme specifice.<\/li>\n<li>Introducere \u00een teoria cromatic\u0103: culoare, corec\u021bii cromatice \u0219i alegerea corect\u0103 a tonurilor pentru machiaj.<\/li>\n<\/ul>\n<h4><strong>Ziua 2: Morfologia Fe\u021bei \u0219i Corec\u021bii<\/strong><\/h4>\n<ul>\n<li>Identificarea \u0219i corectarea luminilor \u0219i umbrelor pe fe\u021be.<\/li>\n<li>Studiul tipologiilor de forme ale fe\u021bei \u0219i corec\u021bii corespunz\u0103toare.<\/li>\n<li>Analiza diferitelor tipuri de pleoape \u0219i forme ale ochiului, \u00eempreun\u0103 cu corec\u021bia spr\u00e2ncenelor \u0219i stilizarea lor.<\/li>\n<li>Tehnici pentru corectarea formei \u0219i propor\u021biilor buzelor.<\/li>\n<\/ul>\n<h4><strong>Ziua 3: Exersarea Practic\u0103<\/strong><\/h4>\n<ul>\n<li>Aplicarea cuno\u0219tin\u021belor \u00een practic\u0103 pe modele.<\/li>\n<li>Analiza tipurilor de ten \u0219i preg\u0103tirea modelului.<\/li>\n<li>Identificarea corec\u021biilor necesare \u0219i selec\u021bia produselor adecvate.<\/li>\n<li>Demonstrarea \u0219i practicarea tehnicilor pentru realizarea unui machiaj impecabil.<\/li>\n<\/ul>\n<p><strong style=\"font-size: 2em;\">Partea Practic\u0103<\/strong><\/p>\n<p>\u00cen cadrul p\u0103r\u021bii practice a cursului nostru de machiaj, vei avea oportunitatea s\u0103 \u00ee\u021bi dezvol\u021bi abilit\u0103\u021bile \u0219i s\u0103 \u00ee\u021bi \u00eembun\u0103t\u0103\u021be\u0219ti tehnicile folosind o varietate de produse \u0219i tehnici. Fiecare tem\u0103 abordat\u0103 \u00ee\u021bi va oferi o experien\u021b\u0103 unic\u0103. Dup\u0103 finalizarea acesteia vei fi preg\u0103tit\u0103 s\u0103 te exprimi creativ \u00een lumea fascinant\u0103 a machiajului.<\/p>\n<div class=\"flex-1 overflow-hidden\">\n<div class=\"react-scroll-to-bottom--css-aeumk-79elbk h-full\">\n<div class=\"react-scroll-to-bottom--css-aeumk-1n7m0yu\">\n<div class=\"flex flex-col pb-9 text-sm\">\n<div class=\"w-full text-token-text-primary\" data-testid=\"conversation-turn-17\">\n<div class=\"px-4 py-2 justify-center text-base md:gap-6 m-auto\">\n<div class=\"flex flex-1 text-base mx-auto gap-3 md:px-5 lg:px-1 xl:px-5 md:max-w-3xl lg:max-w-[40rem] xl:max-w-[48rem] group final-completion\">\n<div class=\"relative flex w-full flex-col lg:w-[calc(100%-115px)] agent-turn\">\n<div class=\"flex-col gap-1 md:gap-3\">\n<div class=\"flex flex-grow flex-col max-w-full\">\n<div class=\"min-h-[20px] text-message flex flex-col items-start gap-3 whitespace-pre-wrap break-words [.text-message+&amp;]:mt-5 overflow-x-auto\" data-message-author-role=\"assistant\" data-message-id=\"ba869208-4de9-4e37-b4e7-a68007e1adaa\">\n<div class=\"markdown prose w-full break-words dark:prose-invert dark\">\n<ol>\n<li><strong>Machiaj de Zi:<\/strong> Vom folosi texturi cremoase \u0219i tehnica de blending pentru a crea un look proasp\u0103t \u0219i natural, potrivit pentru purtarea de zi cu zi.&nbsp;<\/li>\n<li><strong>Machiaj de Zi cu Aplicare de Pigmen\u021bi:<\/strong> Vom experimenta cu texturi waterproof \u0219i tehnici de blending pentru a ob\u021bine un machiaj rezistent.<\/li>\n<li><strong>Machiaj de Sear\u0103 Elegant:<\/strong> Vom folosi nuan\u021be soft \u0219i vom accentua genele cu pigment \u0219i glitter, folosind tehnica cat-eye. Vom combina texturile: se lucraez\u0103 \u00een texturi cremoase \u0219i creion \u00een blending.<\/li>\n<li><strong>Repetare pentru consolidare<\/strong><\/li>\n<li><strong>Machiaj de Sear\u0103 Soft Smoky:<\/strong> Vom folosi texturi cremoase \u0219i creion pentru a crea un look smoky subtil, cu ad\u0103ugarea de pigment \u0219i glitter.&nbsp;<\/li>\n<li><strong>Repetare&nbsp;pentru consolidare<\/strong><\/li>\n<li><strong>Machiaj de Mireas\u0103 Cu Linie de Tu\u0219:<\/strong> Vom lucra cu texturi waterproof \u0219i vom ad\u0103uga pigment \u0219i glitter pentru a crea un machiaj perfect pentru ziua cea mare.<\/li>\n<li><strong>Repetare pentru consolidare<\/strong><\/li>\n<li><strong>Machiaj de Mireas\u0103 Cu Corec\u021bii \u0219i Accentuare:<\/strong> Vom folosi tehnica de blending pentru a corecta \u0219i accentua fe\u021bele \u0219i ochii miresei, ad\u0103ug\u00e2nd pigment \u0219i glitter.<\/li>\n<li><strong>Machiaj de Ocazie Colorat:<\/strong> Vom experimenta cu pigmen\u021bi \u0219i nuan\u021be cromatice, folosind tehnici de blending pentru a crea un machiaj expresiv \u0219i plin de culoare, care s\u0103 se potriveasc\u0103 evenimentului special.<\/li>\n<li><strong>Machiaj de Ocazie Colour Smoky:<\/strong> Vom folosi tehnica de blending pentru a crea un look smoky elegant \u0219i colorat, ad\u0103ug\u00e2nd treceri armonioase de culoare.<\/li>\n<\/ol>\n<h5><span style=\"color: #b50202;\">\u00cen pre\u021bul cursului, fiecare participant va beneficia de un cadou special: un set de pensule complet, <a href=\"https:\/\/suzanapetre.ro\/home\/product\/set-pensule-14-pcs\/\">Sublime Brush.&nbsp;<\/a><\/span><\/h5>\n<p>&nbsp;<\/p>\n<ul>\n<li style=\"list-style-type: none;\">\n<ul>\n<li>Fiecare cursant va beneficia de <strong>aten\u021bie individual\u0103<\/strong> \u0219i <strong>\u00eendrumare personalizat\u0103<\/strong> pentru a-\u0219i \u00eembun\u0103t\u0103\u021bi tehnica de machiaj.<\/li>\n<li>Vei \u00eenv\u0103\u021ba <strong>cum s\u0103 alegi \u0219i s\u0103 aplici corect genele false.&nbsp;<\/strong><\/li>\n<li>Vei aflai cum s\u0103 faci <strong>corec\u021bii ale ochiului<\/strong> pentru a le pune \u00een valoare.<\/li>\n<li>Vei \u00eenv\u0103\u021ba <strong>tehnici avansate pentru corectarea \u0219i stilizarea spr\u00e2ncenelor. <\/strong>Acestea vor fi&nbsp;adaptate fiec\u0103rei fizionomii \u0219i \u00een conformitate cu regulile de m\u0103surare specifice.<\/li>\n<li>Dup\u0103 fiecare \u0219edin\u021b\u0103 practic\u0103, <strong>vei \u00eenv\u0103\u021ba cum s\u0103 accesorizezi modelul \u0219i cum s\u0103-l pozi\u021bionezi pentru fotografii.<\/strong> Vei \u00eenv\u0103\u021ba \u0219i cum s\u0103 aranjezi lumina astfel \u00eenc\u00e2t machiajul s\u0103 fie pus \u00een valoare \u00een fotografii.<\/li>\n<\/ul>\n<\/li>\n<\/ul>\n<\/div>\n<\/div>\n<\/div>\n<\/div>\n<\/div>\n<\/div>\n<\/div>\n<\/div>\n<\/div>\n<\/div>\n<\/div>\n<\/div>\n<div class=\"w-full pt-2 md:pt-0 dark:border-white\/20 md:border-transparent md:dark:border-transparent md:w-[calc(100%-.5rem)]\">\n<form class=\"stretch mx-2 flex flex-row gap-3 last:mb-2 md:mx-4 md:last:mb-6 lg:mx-auto lg:max-w-2xl xl:max-w-3xl\">\n<div class=\"relative flex h-full flex-1 items-stretch md:flex-col\">\n<div class=\"flex w-full items-center\">&nbsp;<\/div>\n<\/div>\n<\/form>\n<\/div>\n","protected":false},"excerpt":{"rendered":"<p><strong>Curs Make-up de baz\u0103 structurat \u00een dou\u0103 p\u0103r\u021bi esen\u021biale: teoretic\u0103 \u0219i practic\u0103. \u00cenva\u021b\u0103 principiile fundamentale ale machiajului \u0219i aplic\u0103-le \u00eentr-un mediu hands-on pentru a-\u021bi dezvolta abilit\u0103\u021bile.<\/strong><\/p>\n<div class=\"flex-1 overflow-hidden\">\n<div class=\"react-scroll-to-bottom--css-aeumk-79elbk h-full\">\n<div class=\"react-scroll-to-bottom--css-aeumk-1n7m0yu\">\n<div class=\"flex flex-col pb-9 text-sm\">\n<div class=\"w-full text-token-text-primary\" data-testid=\"conversation-turn-53\">\n<div class=\"px-4 py-2 justify-center text-base md:gap-6 m-auto\">\n<div class=\"flex flex-1 text-base mx-auto gap-3 md:px-5 lg:px-1 xl:px-5 md:max-w-3xl lg:max-w-[40rem] xl:max-w-[48rem] group final-completion\">\n<div class=\"relative flex w-full flex-col lg:w-[calc(100%-115px)] agent-turn\">\n<div class=\"flex-col gap-1 md:gap-3\">\n<div class=\"flex flex-grow flex-col max-w-full\">\n<div class=\"min-h-[20px] text-message flex flex-col items-start gap-3 whitespace-pre-wrap break-words [.text-message+&amp;]:mt-5 overflow-x-auto\" data-message-author-role=\"assistant\" data-message-id=\"38660663-6188-4c6f-a82c-b30424517ad3\">\n<div class=\"markdown prose w-full break-words dark:prose-invert dark\">\n<p>Cursul are loc \u00een Craiova, Rom\u00e2nia, oferind o experien\u021b\u0103 de \u00eenv\u0103\u021bare personal\u0103 \u0219i interactiv\u0103. Pentru mai multe detalii, nu ezita\u021bi s\u0103 ne contacta\u021bi.<\/p>\n<\/div>\n<\/div>\n<\/div>\n<\/div>\n<\/div>\n<\/div>\n<\/div>\n<\/div>\n<\/div>\n<\/div>\n<\/div>\n<\/div>\n<div class=\"w-full pt-2 md:pt-0 dark:border-white\/20 md:border-transparent md:dark:border-transparent md:w-[calc(100%-.5rem)]\">\n<form class=\"stretch mx-2 flex flex-row gap-3 last:mb-2 md:mx-4 md:last:mb-6 lg:mx-auto lg:max-w-2xl xl:max-w-3xl\">\n<div class=\"relative flex h-full flex-1 items-stretch md:flex-col\">\n<div class=\"flex w-full items-center\">&nbsp;<\/div>\n<\/div>\n<\/form>\n<\/div>\n","protected":false},"featured_media":2313,"comment_status":"open","ping_status":"closed","template":"","meta":{"om_disable_all_campaigns":false,"_monsterinsights_skip_tracking":false,"_monsterinsights_sitenote_active":false,"_monsterinsights_sitenote_note":"","_monsterinsights_sitenote_category":0,"site-sidebar-layout":"default","site-content-layout":"default","ast-global-header-display":"","ast-main-header-display":"","ast-hfb-above-header-display":"","ast-hfb-below-header-display":"","ast-hfb-mobile-header-display":"","site-post-title":"","ast-breadcrumbs-content":"","ast-featured-img":"","footer-sml-layout":"","theme-transparent-header-meta":"default","adv-header-id-meta":"","stick-header-meta":"","header-above-stick-meta":"","header-main-stick-meta":"","header-below-stick-meta":"","ngg_post_thumbnail":0},"product_cat":[60],"product_tag":[68,64,63],"yoast_head":"<!-- This site is optimized with the Yoast SEO plugin v20.5 - https:\/\/yoast.com\/wordpress\/plugins\/seo\/ -->\n<title>Curs Make-up de baza - suzanapetre.ro<\/title>\n<meta name=\"description\" content=\"Curs make-up de baz\u0103 structurat \u00een dou\u0103 p\u0103r\u021bi esen\u021biale: teoretic\u0103 \u0219i practic\u0103. \u00cenv\u0103\u021bare profund\u0103 \u0219i aplicare practic\u0103 pentru o carier\u0103 \u00een make-up.\" \/>\n<meta name=\"robots\" content=\"index, follow, max-snippet:-1, max-image-preview:large, max-video-preview:-1\" \/>\n<link rel=\"canonical\" href=\"https:\/\/suzanapetre.ro\/home\/product\/curs-make-up-de-baza\/\" \/>\n<meta property=\"og:locale\" content=\"ro_RO\" \/>\n<meta property=\"og:type\" content=\"article\" \/>\n<meta property=\"og:title\" content=\"Curs Make-up de baza - suzanapetre.ro\" \/>\n<meta property=\"og:description\" content=\"Curs make-up de baz\u0103 structurat \u00een dou\u0103 p\u0103r\u021bi esen\u021biale: teoretic\u0103 \u0219i practic\u0103. \u00cenv\u0103\u021bare profund\u0103 \u0219i aplicare practic\u0103 pentru o carier\u0103 \u00een make-up.\" \/>\n<meta property=\"og:url\" content=\"https:\/\/suzanapetre.ro\/home\/product\/curs-make-up-de-baza\/\" \/>\n<meta property=\"og:site_name\" content=\"suzanapetre.ro\" \/>\n<meta property=\"article:modified_time\" content=\"2024-11-10T22:52:11+00:00\" \/>\n<meta property=\"og:image\" content=\"https:\/\/suzanapetre.ro\/wp-content\/uploads\/2023\/02\/Untitled-11.png\" \/>\n\t<meta property=\"og:image:width\" content=\"1080\" \/>\n\t<meta property=\"og:image:height\" content=\"1080\" \/>\n\t<meta property=\"og:image:type\" content=\"image\/png\" \/>\n<meta name=\"twitter:card\" content=\"summary_large_image\" \/>\n<meta name=\"twitter:label1\" content=\"Timp estimat pentru citire\" \/>\n\t<meta name=\"twitter:data1\" content=\"4 minute\" \/>\n<script type=\"application\/ld+json\" class=\"yoast-schema-graph\">{\"@context\":\"https:\/\/schema.org\",\"@graph\":[{\"@type\":\"WebPage\",\"@id\":\"https:\/\/suzanapetre.ro\/home\/product\/curs-make-up-de-baza\/\",\"url\":\"https:\/\/suzanapetre.ro\/home\/product\/curs-make-up-de-baza\/\",\"name\":\"Curs Make-up de baza - suzanapetre.ro\",\"isPartOf\":{\"@id\":\"https:\/\/suzanapetre.ro\/home\/#website\"},\"datePublished\":\"2023-02-03T13:43:17+00:00\",\"dateModified\":\"2024-11-10T22:52:11+00:00\",\"description\":\"Curs make-up de baz\u0103 structurat \u00een dou\u0103 p\u0103r\u021bi esen\u021biale: teoretic\u0103 \u0219i practic\u0103. \u00cenv\u0103\u021bare profund\u0103 \u0219i aplicare practic\u0103 pentru o carier\u0103 \u00een make-up.\",\"breadcrumb\":{\"@id\":\"https:\/\/suzanapetre.ro\/home\/product\/curs-make-up-de-baza\/#breadcrumb\"},\"inLanguage\":\"ro-RO\",\"potentialAction\":[{\"@type\":\"ReadAction\",\"target\":[\"https:\/\/suzanapetre.ro\/home\/product\/curs-make-up-de-baza\/\"]}]},{\"@type\":\"BreadcrumbList\",\"@id\":\"https:\/\/suzanapetre.ro\/home\/product\/curs-make-up-de-baza\/#breadcrumb\",\"itemListElement\":[{\"@type\":\"ListItem\",\"position\":1,\"name\":\"Home\",\"item\":\"https:\/\/suzanapetre.ro\/home\/\"},{\"@type\":\"ListItem\",\"position\":2,\"name\":\"Shop\",\"item\":\"https:\/\/suzanapetre.ro\/home\/shop-2\/\"},{\"@type\":\"ListItem\",\"position\":3,\"name\":\"Curs Make-up de baza\"}]},{\"@type\":\"WebSite\",\"@id\":\"https:\/\/suzanapetre.ro\/home\/#website\",\"url\":\"https:\/\/suzanapetre.ro\/home\/\",\"name\":\"suzanapetre.ro\",\"description\":\"machiaj, curs machiaj, pensule machiaj\",\"publisher\":{\"@id\":\"https:\/\/suzanapetre.ro\/home\/#organization\"},\"potentialAction\":[{\"@type\":\"SearchAction\",\"target\":{\"@type\":\"EntryPoint\",\"urlTemplate\":\"https:\/\/suzanapetre.ro\/home\/?s={search_term_string}\"},\"query-input\":\"required name=search_term_string\"}],\"inLanguage\":\"ro-RO\"},{\"@type\":\"Organization\",\"@id\":\"https:\/\/suzanapetre.ro\/home\/#organization\",\"name\":\"suzanapetre.ro\",\"url\":\"https:\/\/suzanapetre.ro\/home\/\",\"logo\":{\"@type\":\"ImageObject\",\"inLanguage\":\"ro-RO\",\"@id\":\"https:\/\/suzanapetre.ro\/home\/#\/schema\/logo\/image\/\",\"url\":\"https:\/\/suzanapetre.ro\/wp-content\/uploads\/2022\/11\/cropped-lart-sublime.png\",\"contentUrl\":\"https:\/\/suzanapetre.ro\/wp-content\/uploads\/2022\/11\/cropped-lart-sublime.png\",\"width\":2706,\"height\":951,\"caption\":\"suzanapetre.ro\"},\"image\":{\"@id\":\"https:\/\/suzanapetre.ro\/home\/#\/schema\/logo\/image\/\"}}]}<\/script>\n<!-- \/ Yoast SEO plugin. -->","yoast_head_json":{"title":"Curs Make-up de baza - suzanapetre.ro","description":"Curs make-up de baz\u0103 structurat \u00een dou\u0103 p\u0103r\u021bi esen\u021biale: teoretic\u0103 \u0219i practic\u0103. \u00cenv\u0103\u021bare profund\u0103 \u0219i aplicare practic\u0103 pentru o carier\u0103 \u00een make-up.","robots":{"index":"index","follow":"follow","max-snippet":"max-snippet:-1","max-image-preview":"max-image-preview:large","max-video-preview":"max-video-preview:-1"},"canonical":"https:\/\/suzanapetre.ro\/home\/product\/curs-make-up-de-baza\/","og_locale":"ro_RO","og_type":"article","og_title":"Curs Make-up de baza - suzanapetre.ro","og_description":"Curs make-up de baz\u0103 structurat \u00een dou\u0103 p\u0103r\u021bi esen\u021biale: teoretic\u0103 \u0219i practic\u0103. \u00cenv\u0103\u021bare profund\u0103 \u0219i aplicare practic\u0103 pentru o carier\u0103 \u00een make-up.","og_url":"https:\/\/suzanapetre.ro\/home\/product\/curs-make-up-de-baza\/","og_site_name":"suzanapetre.ro","article_modified_time":"2024-11-10T22:52:11+00:00","og_image":[{"width":1080,"height":1080,"url":"https:\/\/suzanapetre.ro\/wp-content\/uploads\/2023\/02\/Untitled-11.png","type":"image\/png"}],"twitter_card":"summary_large_image","twitter_misc":{"Timp estimat pentru citire":"4 minute"},"schema":{"@context":"https:\/\/schema.org","@graph":[{"@type":"WebPage","@id":"https:\/\/suzanapetre.ro\/home\/product\/curs-make-up-de-baza\/","url":"https:\/\/suzanapetre.ro\/home\/product\/curs-make-up-de-baza\/","name":"Curs Make-up de baza - suzanapetre.ro","isPartOf":{"@id":"https:\/\/suzanapetre.ro\/home\/#website"},"datePublished":"2023-02-03T13:43:17+00:00","dateModified":"2024-11-10T22:52:11+00:00","description":"Curs make-up de baz\u0103 structurat \u00een dou\u0103 p\u0103r\u021bi esen\u021biale: teoretic\u0103 \u0219i practic\u0103. \u00cenv\u0103\u021bare profund\u0103 \u0219i aplicare practic\u0103 pentru o carier\u0103 \u00een make-up.","breadcrumb":{"@id":"https:\/\/suzanapetre.ro\/home\/product\/curs-make-up-de-baza\/#breadcrumb"},"inLanguage":"ro-RO","potentialAction":[{"@type":"ReadAction","target":["https:\/\/suzanapetre.ro\/home\/product\/curs-make-up-de-baza\/"]}]},{"@type":"BreadcrumbList","@id":"https:\/\/suzanapetre.ro\/home\/product\/curs-make-up-de-baza\/#breadcrumb","itemListElement":[{"@type":"ListItem","position":1,"name":"Home","item":"https:\/\/suzanapetre.ro\/home\/"},{"@type":"ListItem","position":2,"name":"Shop","item":"https:\/\/suzanapetre.ro\/home\/shop-2\/"},{"@type":"ListItem","position":3,"name":"Curs Make-up de baza"}]},{"@type":"WebSite","@id":"https:\/\/suzanapetre.ro\/home\/#website","url":"https:\/\/suzanapetre.ro\/home\/","name":"suzanapetre.ro","description":"machiaj, curs machiaj, pensule machiaj","publisher":{"@id":"https:\/\/suzanapetre.ro\/home\/#organization"},"potentialAction":[{"@type":"SearchAction","target":{"@type":"EntryPoint","urlTemplate":"https:\/\/suzanapetre.ro\/home\/?s={search_term_string}"},"query-input":"required name=search_term_string"}],"inLanguage":"ro-RO"},{"@type":"Organization","@id":"https:\/\/suzanapetre.ro\/home\/#organization","name":"suzanapetre.ro","url":"https:\/\/suzanapetre.ro\/home\/","logo":{"@type":"ImageObject","inLanguage":"ro-RO","@id":"https:\/\/suzanapetre.ro\/home\/#\/schema\/logo\/image\/","url":"https:\/\/suzanapetre.ro\/wp-content\/uploads\/2022\/11\/cropped-lart-sublime.png","contentUrl":"https:\/\/suzanapetre.ro\/wp-content\/uploads\/2022\/11\/cropped-lart-sublime.png","width":2706,"height":951,"caption":"suzanapetre.ro"},"image":{"@id":"https:\/\/suzanapetre.ro\/home\/#\/schema\/logo\/image\/"}}]}},"_links":{"self":[{"href":"https:\/\/suzanapetre.ro\/home\/wp-json\/wp\/v2\/product\/1333"}],"collection":[{"href":"https:\/\/suzanapetre.ro\/home\/wp-json\/wp\/v2\/product"}],"about":[{"href":"https:\/\/suzanapetre.ro\/home\/wp-json\/wp\/v2\/types\/product"}],"replies":[{"embeddable":true,"href":"https:\/\/suzanapetre.ro\/home\/wp-json\/wp\/v2\/comments?post=1333"}],"wp:featuredmedia":[{"embeddable":true,"href":"https:\/\/suzanapetre.ro\/home\/wp-json\/wp\/v2\/media\/2313"}],"wp:attachment":[{"href":"https:\/\/suzanapetre.ro\/home\/wp-json\/wp\/v2\/media?parent=1333"}],"wp:term":[{"taxonomy":"product_cat","embeddable":true,"href":"https:\/\/suzanapetre.ro\/home\/wp-json\/wp\/v2\/product_cat?post=1333"},{"taxonomy":"product_tag","embeddable":true,"href":"https:\/\/suzanapetre.ro\/home\/wp-json\/wp\/v2\/product_tag?post=1333"}],"curies":[{"name":"wp","href":"https:\/\/api.w.org\/{rel}","templated":true}]}}