{"id":1336,"date":"2023-02-03T13:47:13","date_gmt":"2023-02-03T13:47:13","guid":{"rendered":"https:\/\/suzanapetre.ro\/?post_type=product&#038;p=1336"},"modified":"2025-06-28T02:23:57","modified_gmt":"2025-06-28T00:23:57","slug":"curs-de-avansare","status":"publish","type":"product","link":"https:\/\/suzanapetre.ro\/home\/product\/curs-de-avansare\/","title":{"rendered":"Curs Make-up Avansat"},"content":{"rendered":"<div class=\"flex-1 overflow-hidden\">\n<div class=\"react-scroll-to-bottom--css-aeumk-79elbk h-full\">\n<div class=\"react-scroll-to-bottom--css-aeumk-1n7m0yu\">\n<div class=\"flex flex-col pb-9 text-sm\">\n<div class=\"w-full text-token-text-primary\" data-testid=\"conversation-turn-65\">\n<div class=\"px-4 py-2 justify-center text-base md:gap-6 m-auto\">\n<div class=\"flex flex-1 text-base mx-auto gap-3 md:px-5 lg:px-1 xl:px-5 md:max-w-3xl lg:max-w-[40rem] xl:max-w-[48rem] group final-completion\">\n<div class=\"flex-shrink-0 flex flex-col relative items-end\">\n<div>\n<div class=\"pt-0.5\">\n<h2>Curs Make-up de perfec\u021bionare<\/h2>\n<p>Curs Make-up avansat structurat \u00een dou\u0103 p\u0103r\u021bi esen\u021biale: teoretic\u0103 \u0219i practic\u0103. Perfec\u021bioneaz\u0103 tehniciile de make-up&nbsp;\u0219i aplic\u0103-le \u00eentr-un mediu hands-on pentru a-\u021bi dezvolta abilit\u0103\u021bile.<\/p>\n<h3 class=\"gizmo-shadow-stroke flex h-6 w-6 items-center justify-center overflow-hidden rounded-full\">&nbsp;Partea tehnic\u0103 curs make-up<\/h3>\n<\/div>\n<\/div>\n<\/div>\n<div class=\"relative flex w-full flex-col lg:w-[calc(100%-115px)] agent-turn\">\n<div class=\"font-semibold select-none\">&nbsp;<\/div>\n<div class=\"flex-col gap-1 md:gap-3\">\n<div class=\"flex flex-grow flex-col max-w-full\">\n<div class=\"min-h-[20px] text-message flex flex-col items-start gap-3 whitespace-pre-wrap break-words [.text-message+&amp;]:mt-5 overflow-x-auto\" data-message-author-role=\"assistant\" data-message-id=\"f01b7d74-a215-45ec-81aa-095d3023520a\">\n<div class=\"markdown prose w-full break-words dark:prose-invert dark\">\n<h4><strong>Ziua 1: \u00cen\u021belegerea Pielii \u0219i Teoria Cromatic\u0103<\/strong><\/h4>\n<ul>\n<li><strong>Prezentarea Tipurilor de Ten:<\/strong>\n<ul>\n<li>Explorarea diverselor tipuri de ten \u0219i identificarea caracteristicilor acestora.<\/li>\n<\/ul>\n<\/li>\n<li>Prezentarea Tipurilor de Produse:\n<ul>\n<li><strong>Fond de Ten, Baze \u0219i Pudre:<\/strong>\n<ul>\n<li>Descoperirea diferitelor produse \u0219i modul lor de utilizare \u00een func\u021bie de tipul de ten.<\/li>\n<\/ul>\n<\/li>\n<\/ul>\n<\/li>\n<li><strong>Asocierea cu Fiecare Tip de Ten:<\/strong>\n<ul>\n<li>Alegerea produselor potrivite pentru fiecare tip de ten pentru un rezultat optim.<\/li>\n<\/ul>\n<\/li>\n<li><strong>Preg\u0103tirea Tenului \u00een Func\u021bie de Probleme:<\/strong>\n<ul>\n<li>Tehnici pentru preg\u0103tirea \u0219i corectarea tenului \u00eenainte de aplicarea machiajului.<\/li>\n<\/ul>\n<\/li>\n<li><strong>Introducere \u00een Teoria Cromatic\u0103:<\/strong>\n<ul>\n<li>Explorarea conceptelor de culoare \u0219i adaptarea lor \u00een machiajul personalizat.<\/li>\n<li><strong>Corec\u021bii Cromatice \u0219i Utilizarea Sc\u0103rii de Gri:<\/strong>\n<ul>\n<li>Tehnici pentru corectarea nuan\u021belor \u0219i utilizarea sc\u0103rii de gri pentru un machiaj echilibrat \u0219i natural.<\/li>\n<\/ul>\n<\/li>\n<\/ul>\n<\/li>\n<\/ul>\n<h4><strong>Ziua 2: Morfologia Fe\u021bei \u0219i Tehnica Creionului<\/strong><\/h4>\n<ul>\n<li><strong>Morfologia Fe\u021bei: Lumini \u0219i Umbre:<\/strong>\n<ul>\n<li>Explorarea efectului luminilor \u0219i umbrelor asupra formei fe\u021bei \u0219i modul \u00een care acestea influen\u021beaz\u0103 machiajul.<\/li>\n<\/ul>\n<\/li>\n<li><strong>Tipologii de Forme ale Fe\u021bei \u0219i Corec\u021bii:<\/strong>\n<ul>\n<li>Identificarea \u0219i corectarea diferitelor forme ale fe\u021bei pentru a eviden\u021bia tr\u0103s\u0103turile naturale.<\/li>\n<\/ul>\n<\/li>\n<li><strong>Tipuri de Pleoape \u0219i Forme ale Ochiului:<\/strong>\n<ul>\n<li>Analizarea diverselor tipuri de pleoape \u0219i forme ale ochilor \u0219i adaptarea machiajului \u00een consecin\u021b\u0103.<\/li>\n<\/ul>\n<\/li>\n<li><strong>Corec\u021bia Spr\u00e2ncenelor \u0219i Stilizare:<\/strong>\n<ul>\n<li>Tehnici pentru corectarea \u0219i stilizarea spr\u00e2ncenelor pentru a completa aspectul machiajului.<\/li>\n<\/ul>\n<\/li>\n<li><strong>Corec\u021bia Buzelor:<\/strong>\n<ul>\n<li>Strategii \u0219i tehnici pentru corectarea \u0219i eviden\u021bierea formei \u0219i propor\u021biilor buzelor.<\/li>\n<\/ul>\n<\/li>\n<li><strong>Introducere \u00een Teoria Tehnicii Creionului:<\/strong>\n<ul>\n<li>Fundamentele tehnicii creionului \u0219i modul \u00een care poate fi utilizat\u0103 pentru a eviden\u021bia \u0219i defini tr\u0103s\u0103turile fe\u021bei.<\/li>\n<\/ul>\n<\/li>\n<\/ul>\n<\/div>\n<\/div>\n<\/div>\n<div class=\"mt-1 flex justify-start gap-3 empty:hidden\">\n<div class=\"text-gray-400 flex self-end lg:self-center justify-center lg:justify-start mt-0 -ml-1 visible\">\n<div class=\"flex\">\n<h4><strong>Ziua 3: Culori \u0219i Corec\u021bii Cromatice<\/strong><\/h4>\n<ul>\n<li><strong>Culori \u0219i Corec\u021bii Cromatice:<\/strong>\n<ul>\n<li>Explorarea conceptelor de culoare \u0219i aplicarea corec\u021biilor pentru a echilibra \u0219i a \u00eembun\u0103t\u0103\u021bi aspectul machiajului.<\/li>\n<\/ul>\n<\/li>\n<li><strong>Tipologii Cromatice:<\/strong>\n<ul>\n<li>Identificarea \u0219i utilizarea diferitelor tipologii cromatice pentru a crea machiaje personalizate \u0219i armonioase.<\/li>\n<\/ul>\n<\/li>\n<li><strong>Folosirea Sc\u0103rii de Gri \u00een Machiaj:<\/strong>\n<ul>\n<li>Tehnici pentru a utiliza scara de gri pentru a regla \u0219i a adapta tonurile \u00een func\u021bie de nevoile fiec\u0103rui machiaj.<\/li>\n<\/ul>\n<\/li>\n<li><strong>Regula Alegerii Tonurilor:<\/strong>\n<ul>\n<li>Strategii \u0219i principii pentru alegerea \u0219i combinarea tonurilor potrivite de machiaj \u00een func\u021bie de caracteristicile individuale ale pielii.<\/li>\n<\/ul>\n<\/li>\n<\/ul>\n<\/div>\n<\/div>\n<\/div>\n<\/div>\n<\/div>\n<\/div>\n<\/div>\n<\/div>\n<\/div>\n<\/div>\n<\/div>\n<\/div>\n<div class=\"w-full pt-2 md:pt-0 dark:border-white\/20 md:border-transparent md:dark:border-transparent md:w-[calc(100%-.5rem)]\">\n<form class=\"stretch mx-2 flex flex-row gap-3 last:mb-2 md:mx-4 md:last:mb-6 lg:mx-auto lg:max-w-2xl xl:max-w-3xl\">\n<div class=\"relative flex h-full flex-1 items-stretch md:flex-col\">\n<h3>Partea practica curs make-up<\/h3>\n<ol>\n<li>Machiaj de zi \u00een tehnica creionului &#8211; vei \u00eenv\u0103\u021ba s\u0103 realizezi un machiaj natural \u0219i elegant, accentu\u00e2nd tr\u0103s\u0103turile fe\u021bei cu ajutorul tehnicii creionului.<\/li>\n<li><span style=\"font-size: 16px;\">Machiaj de ocazie \u00een tehnica creionului &#8211; vei explora posibilit\u0103\u021bile creative ale machiajului de sear\u0103, folosind creionul pentru a ob\u021bine efecte spectaculoase \u0219i durabile.<\/span><\/li>\n<\/ol>\n<h6>Abord\u0103ri pentru machiajul miresei:<\/h6>\n<p>3.<strong> Machiaj de mireas\u0103 combinat cu tehnica creionului<\/strong> &#8211; vei \u00eenv\u0103\u021ba s\u0103 creezi un machiaj de mireas\u0103 impecabil, folosind texturi cremoase \u0219i waterproof, iar tehnica creionului va eviden\u021bia \u0219i sublinia frumuse\u021bea natural\u0103 a miresei.<br \/>\n4.<strong> Machiaj de mireas\u0103 combinat cu tehnica creionului<\/strong> &#8211; vei aplica cuno\u0219tin\u021bele dob\u00e2ndite pentru a adapta machiajul \u00een func\u021bie de preferin\u021bele \u0219i particularit\u0103\u021bile fiec\u0103rei mirese.<\/p>\n<p><strong>5. Machiaj de \u00eentinerire:<\/strong><br \/>\n&#8211; Vei \u00eenv\u0103\u021ba metodele \u0219i produsele ideale pentru a realiza un machiaj care s\u0103 rejuveneze \u0219i s\u0103 \u00eembun\u0103t\u0103\u021beasc\u0103 aspectul tenului matur.<br \/>\n&#8211; Vei explora tehnici de corectare a spr\u00e2ncenelor \u0219i selec\u021bia adecvat\u0103 a nuan\u021belor \u0219i texturilor pentru ochii maturi.<\/p>\n<h6><strong>Machiaje grafice \u00een tendin\u021b\u0103:<\/strong><\/h6>\n<p><strong>6. Cat eye make-up<\/strong> &#8211; vei descoperi secretele pentru a ob\u021bine un cat-eye perfect, folosind creionul \u0219i eyelinerul gel pentru a contura \u0219i a eviden\u021bia ochii.<br \/>\n<strong>7. Cut crease make-up<\/strong> &#8211; vei \u00eenv\u0103\u021ba tehnica detaliat\u0103 pentru a realiza un machiaj cut crease, adapt\u00e2ndu-l la diversele forme ale ochilor \u0219i pleoapelor.<br \/>\n<strong>8. Machiaj semilun\u0103<\/strong> &#8211; vei explora tehnica machiajului semilun\u0103, \u00eenv\u0103\u021b\u00e2nd s\u0103 o aplici \u00een mod profesionist \u0219i s\u0103 o adaptezi la diferitele forme ale ochilor \u0219i preferin\u021bele clien\u021bilor.<\/p>\n<p>Zilele 9 \u0219i 10 sunt dedicate repeti\u021biilor \u0219i evalu\u0103rilor, oferindu-\u021bi \u0219ansa de a-\u021bi consolida cuno\u0219tin\u021bele \u0219i abilit\u0103\u021bile pentru a deveni un artist al machiajului des\u0103v\u00e2r\u0219it.<\/p>\n<\/div>\n<h5><span style=\"color: #a60808;\">\u00cen pre\u021bul cursului, fiecare participant va beneficia de un cadou special: un set de pensule complet, <a style=\"color: #a60808;\" href=\"https:\/\/suzanapetre.ro\/home\/product\/set-pensule-14-pcs\/\">Sublime Brush.<\/a><\/span><\/h5>\n<p>&nbsp;<\/p>\n<ul>\n<li class=\"flex w-full items-center\"><strong>Instruire personalizat\u0103:<\/strong> O aten\u021bie deosebit\u0103 este acordat\u0103 fiec\u0103rui cursant pentru a asigura progresul optim.<\/li>\n<li><strong>Aplicare gene false:<\/strong> Fiecare sesiune include aceast\u0103 tehnic\u0103 esen\u021bial\u0103, \u00eenv\u0103\u021b\u00e2ndu-te cum s\u0103 alegi \u0219i s\u0103 aplici genele potrivite \u0219i s\u0103 corectezi forma ochilor cu precizie.<\/li>\n<li><strong>Corectarea spr\u00e2ncenelor:<\/strong> Vei \u00eenv\u0103\u021ba strategii detaliate pentru a corecta spr\u00e2ncenele \u00een armonie cu fizionomia individual\u0103 a fiec\u0103rui model,<\/li>\n<li><strong>Preg\u0103tirea modelului pentru poze:<\/strong> Dup\u0103 fiecare practic\u0103, vei fi \u00eendrumat\u0103 cum s\u0103 accesorizezi modelul \u0219i s\u0103 optimizezi lumina pentru fotografii profesionale.<\/li>\n<li><strong>Tehnica Creionului:<\/strong> Vei explora teoria \u0219i aplicarea acestei tehnici fundamentale, esen\u021biale pentru orice tip de machiaj, de la machiajul de nunt\u0103 la machiajul de portofoliu, oferind o baz\u0103 solid\u0103 pentru cariera ta \u00een machiaj.<\/li>\n<\/ul>\n<\/form>\n<\/div>\n","protected":false},"excerpt":{"rendered":"<p><strong>Curs Make-up de perfec\u0219ionare structurat \u00een dou\u0103 p\u0103r\u021bi esen\u021biale: teoretic\u0103 \u0219i practic\u0103. Perfec\u021bioneaz\u0103 tehniciile de make-up&nbsp;\u0219i aplic\u0103-le \u00eentr-un mediu hands-on pentru a-\u021bi dezvolta abilit\u0103\u021bile.<\/strong><\/p>\n<div class=\"flex-1 overflow-hidden\">\n<div class=\"react-scroll-to-bottom--css-aeumk-79elbk h-full\">\n<div class=\"react-scroll-to-bottom--css-aeumk-1n7m0yu\">\n<div class=\"flex flex-col pb-9 text-sm\">\n<div class=\"w-full text-token-text-primary\" data-testid=\"conversation-turn-53\">\n<div class=\"px-4 py-2 justify-center text-base md:gap-6 m-auto\">\n<div class=\"flex flex-1 text-base mx-auto gap-3 md:px-5 lg:px-1 xl:px-5 md:max-w-3xl lg:max-w-[40rem] xl:max-w-[48rem] group final-completion\">\n<div class=\"relative flex w-full flex-col lg:w-[calc(100%-115px)] agent-turn\">\n<div class=\"flex-col gap-1 md:gap-3\">\n<div class=\"flex flex-grow flex-col max-w-full\">\n<div class=\"min-h-[20px] text-message flex flex-col items-start gap-3 whitespace-pre-wrap break-words [.text-message+&amp;]:mt-5 overflow-x-auto\" data-message-author-role=\"assistant\" data-message-id=\"38660663-6188-4c6f-a82c-b30424517ad3\">\n<div class=\"markdown prose w-full break-words dark:prose-invert dark\"><span style=\"font-size: 16px;\">Cursul are loc \u00een Craiova, Rom\u00e2nia, oferind o experien\u021b\u0103 de \u00eenv\u0103\u021bare personal\u0103 \u0219i interactiv\u0103. Pentru mai multe detalii, nu ezita\u021bi s\u0103 ne contacta\u021bi.<\/span><\/div>\n<\/div>\n<\/div>\n<\/div>\n<\/div>\n<\/div>\n<\/div>\n<\/div>\n<\/div>\n<\/div>\n<\/div>\n<\/div>\n","protected":false},"featured_media":1337,"comment_status":"open","ping_status":"closed","template":"","meta":{"om_disable_all_campaigns":false,"_monsterinsights_skip_tracking":false,"_monsterinsights_sitenote_active":false,"_monsterinsights_sitenote_note":"","_monsterinsights_sitenote_category":0,"site-sidebar-layout":"default","site-content-layout":"default","ast-global-header-display":"","ast-main-header-display":"","ast-hfb-above-header-display":"","ast-hfb-below-header-display":"","ast-hfb-mobile-header-display":"","site-post-title":"","ast-breadcrumbs-content":"","ast-featured-img":"","footer-sml-layout":"","theme-transparent-header-meta":"default","adv-header-id-meta":"","stick-header-meta":"","header-above-stick-meta":"","header-main-stick-meta":"","header-below-stick-meta":"","ngg_post_thumbnail":0},"product_cat":[60],"product_tag":[68,64,63],"yoast_head":"<!-- This site is optimized with the Yoast SEO plugin v20.5 - https:\/\/yoast.com\/wordpress\/plugins\/seo\/ -->\n<title>Curs Make-up Avansat - suzanapetre.ro<\/title>\n<meta name=\"description\" content=\"Curs avansat de make-up la Craiova: Perfec\u021bioneaz\u0103-\u021bi abilit\u0103\u021bile \u00eentr-un program echilibrat \u00eentre teorie \u0219i practic\u0103, sus\u021binut de Suzana Petre.\" \/>\n<meta name=\"robots\" content=\"index, follow, max-snippet:-1, max-image-preview:large, max-video-preview:-1\" \/>\n<link rel=\"canonical\" href=\"https:\/\/suzanapetre.ro\/home\/product\/curs-de-avansare\/\" \/>\n<meta property=\"og:locale\" content=\"ro_RO\" \/>\n<meta property=\"og:type\" content=\"article\" \/>\n<meta property=\"og:title\" content=\"Curs Make-up Avansat - suzanapetre.ro\" \/>\n<meta property=\"og:description\" content=\"Curs avansat de make-up la Craiova: Perfec\u021bioneaz\u0103-\u021bi abilit\u0103\u021bile \u00eentr-un program echilibrat \u00eentre teorie \u0219i practic\u0103, sus\u021binut de Suzana Petre.\" \/>\n<meta property=\"og:url\" content=\"https:\/\/suzanapetre.ro\/home\/product\/curs-de-avansare\/\" \/>\n<meta property=\"og:site_name\" content=\"suzanapetre.ro\" \/>\n<meta property=\"article:modified_time\" content=\"2025-06-28T00:23:57+00:00\" \/>\n<meta property=\"og:image\" content=\"https:\/\/suzanapetre.ro\/wp-content\/uploads\/2023\/02\/WhatsApp-Image-2023-02-03-at-3.47.05-PM.jpeg\" \/>\n\t<meta property=\"og:image:width\" content=\"768\" \/>\n\t<meta property=\"og:image:height\" content=\"1024\" \/>\n\t<meta property=\"og:image:type\" content=\"image\/jpeg\" \/>\n<meta name=\"twitter:card\" content=\"summary_large_image\" \/>\n<meta name=\"twitter:label1\" content=\"Timp estimat pentru citire\" \/>\n\t<meta name=\"twitter:data1\" content=\"5 minute\" \/>\n<script type=\"application\/ld+json\" class=\"yoast-schema-graph\">{\"@context\":\"https:\/\/schema.org\",\"@graph\":[{\"@type\":\"WebPage\",\"@id\":\"https:\/\/suzanapetre.ro\/home\/product\/curs-de-avansare\/\",\"url\":\"https:\/\/suzanapetre.ro\/home\/product\/curs-de-avansare\/\",\"name\":\"Curs Make-up Avansat - suzanapetre.ro\",\"isPartOf\":{\"@id\":\"https:\/\/suzanapetre.ro\/home\/#website\"},\"datePublished\":\"2023-02-03T13:47:13+00:00\",\"dateModified\":\"2025-06-28T00:23:57+00:00\",\"description\":\"Curs avansat de make-up la Craiova: Perfec\u021bioneaz\u0103-\u021bi abilit\u0103\u021bile \u00eentr-un program echilibrat \u00eentre teorie \u0219i practic\u0103, sus\u021binut de Suzana Petre.\",\"breadcrumb\":{\"@id\":\"https:\/\/suzanapetre.ro\/home\/product\/curs-de-avansare\/#breadcrumb\"},\"inLanguage\":\"ro-RO\",\"potentialAction\":[{\"@type\":\"ReadAction\",\"target\":[\"https:\/\/suzanapetre.ro\/home\/product\/curs-de-avansare\/\"]}]},{\"@type\":\"BreadcrumbList\",\"@id\":\"https:\/\/suzanapetre.ro\/home\/product\/curs-de-avansare\/#breadcrumb\",\"itemListElement\":[{\"@type\":\"ListItem\",\"position\":1,\"name\":\"Home\",\"item\":\"https:\/\/suzanapetre.ro\/home\/\"},{\"@type\":\"ListItem\",\"position\":2,\"name\":\"Shop\",\"item\":\"https:\/\/suzanapetre.ro\/home\/shop-2\/\"},{\"@type\":\"ListItem\",\"position\":3,\"name\":\"Curs Make-up Avansat\"}]},{\"@type\":\"WebSite\",\"@id\":\"https:\/\/suzanapetre.ro\/home\/#website\",\"url\":\"https:\/\/suzanapetre.ro\/home\/\",\"name\":\"suzanapetre.ro\",\"description\":\"machiaj, curs machiaj, pensule machiaj\",\"publisher\":{\"@id\":\"https:\/\/suzanapetre.ro\/home\/#organization\"},\"potentialAction\":[{\"@type\":\"SearchAction\",\"target\":{\"@type\":\"EntryPoint\",\"urlTemplate\":\"https:\/\/suzanapetre.ro\/home\/?s={search_term_string}\"},\"query-input\":\"required name=search_term_string\"}],\"inLanguage\":\"ro-RO\"},{\"@type\":\"Organization\",\"@id\":\"https:\/\/suzanapetre.ro\/home\/#organization\",\"name\":\"suzanapetre.ro\",\"url\":\"https:\/\/suzanapetre.ro\/home\/\",\"logo\":{\"@type\":\"ImageObject\",\"inLanguage\":\"ro-RO\",\"@id\":\"https:\/\/suzanapetre.ro\/home\/#\/schema\/logo\/image\/\",\"url\":\"https:\/\/suzanapetre.ro\/wp-content\/uploads\/2022\/11\/cropped-lart-sublime.png\",\"contentUrl\":\"https:\/\/suzanapetre.ro\/wp-content\/uploads\/2022\/11\/cropped-lart-sublime.png\",\"width\":2706,\"height\":951,\"caption\":\"suzanapetre.ro\"},\"image\":{\"@id\":\"https:\/\/suzanapetre.ro\/home\/#\/schema\/logo\/image\/\"}}]}<\/script>\n<!-- \/ Yoast SEO plugin. -->","yoast_head_json":{"title":"Curs Make-up Avansat - suzanapetre.ro","description":"Curs avansat de make-up la Craiova: Perfec\u021bioneaz\u0103-\u021bi abilit\u0103\u021bile \u00eentr-un program echilibrat \u00eentre teorie \u0219i practic\u0103, sus\u021binut de Suzana Petre.","robots":{"index":"index","follow":"follow","max-snippet":"max-snippet:-1","max-image-preview":"max-image-preview:large","max-video-preview":"max-video-preview:-1"},"canonical":"https:\/\/suzanapetre.ro\/home\/product\/curs-de-avansare\/","og_locale":"ro_RO","og_type":"article","og_title":"Curs Make-up Avansat - suzanapetre.ro","og_description":"Curs avansat de make-up la Craiova: Perfec\u021bioneaz\u0103-\u021bi abilit\u0103\u021bile \u00eentr-un program echilibrat \u00eentre teorie \u0219i practic\u0103, sus\u021binut de Suzana Petre.","og_url":"https:\/\/suzanapetre.ro\/home\/product\/curs-de-avansare\/","og_site_name":"suzanapetre.ro","article_modified_time":"2025-06-28T00:23:57+00:00","og_image":[{"width":768,"height":1024,"url":"https:\/\/suzanapetre.ro\/wp-content\/uploads\/2023\/02\/WhatsApp-Image-2023-02-03-at-3.47.05-PM.jpeg","type":"image\/jpeg"}],"twitter_card":"summary_large_image","twitter_misc":{"Timp estimat pentru citire":"5 minute"},"schema":{"@context":"https:\/\/schema.org","@graph":[{"@type":"WebPage","@id":"https:\/\/suzanapetre.ro\/home\/product\/curs-de-avansare\/","url":"https:\/\/suzanapetre.ro\/home\/product\/curs-de-avansare\/","name":"Curs Make-up Avansat - suzanapetre.ro","isPartOf":{"@id":"https:\/\/suzanapetre.ro\/home\/#website"},"datePublished":"2023-02-03T13:47:13+00:00","dateModified":"2025-06-28T00:23:57+00:00","description":"Curs avansat de make-up la Craiova: Perfec\u021bioneaz\u0103-\u021bi abilit\u0103\u021bile \u00eentr-un program echilibrat \u00eentre teorie \u0219i practic\u0103, sus\u021binut de Suzana Petre.","breadcrumb":{"@id":"https:\/\/suzanapetre.ro\/home\/product\/curs-de-avansare\/#breadcrumb"},"inLanguage":"ro-RO","potentialAction":[{"@type":"ReadAction","target":["https:\/\/suzanapetre.ro\/home\/product\/curs-de-avansare\/"]}]},{"@type":"BreadcrumbList","@id":"https:\/\/suzanapetre.ro\/home\/product\/curs-de-avansare\/#breadcrumb","itemListElement":[{"@type":"ListItem","position":1,"name":"Home","item":"https:\/\/suzanapetre.ro\/home\/"},{"@type":"ListItem","position":2,"name":"Shop","item":"https:\/\/suzanapetre.ro\/home\/shop-2\/"},{"@type":"ListItem","position":3,"name":"Curs Make-up Avansat"}]},{"@type":"WebSite","@id":"https:\/\/suzanapetre.ro\/home\/#website","url":"https:\/\/suzanapetre.ro\/home\/","name":"suzanapetre.ro","description":"machiaj, curs machiaj, pensule machiaj","publisher":{"@id":"https:\/\/suzanapetre.ro\/home\/#organization"},"potentialAction":[{"@type":"SearchAction","target":{"@type":"EntryPoint","urlTemplate":"https:\/\/suzanapetre.ro\/home\/?s={search_term_string}"},"query-input":"required name=search_term_string"}],"inLanguage":"ro-RO"},{"@type":"Organization","@id":"https:\/\/suzanapetre.ro\/home\/#organization","name":"suzanapetre.ro","url":"https:\/\/suzanapetre.ro\/home\/","logo":{"@type":"ImageObject","inLanguage":"ro-RO","@id":"https:\/\/suzanapetre.ro\/home\/#\/schema\/logo\/image\/","url":"https:\/\/suzanapetre.ro\/wp-content\/uploads\/2022\/11\/cropped-lart-sublime.png","contentUrl":"https:\/\/suzanapetre.ro\/wp-content\/uploads\/2022\/11\/cropped-lart-sublime.png","width":2706,"height":951,"caption":"suzanapetre.ro"},"image":{"@id":"https:\/\/suzanapetre.ro\/home\/#\/schema\/logo\/image\/"}}]}},"_links":{"self":[{"href":"https:\/\/suzanapetre.ro\/home\/wp-json\/wp\/v2\/product\/1336"}],"collection":[{"href":"https:\/\/suzanapetre.ro\/home\/wp-json\/wp\/v2\/product"}],"about":[{"href":"https:\/\/suzanapetre.ro\/home\/wp-json\/wp\/v2\/types\/product"}],"replies":[{"embeddable":true,"href":"https:\/\/suzanapetre.ro\/home\/wp-json\/wp\/v2\/comments?post=1336"}],"wp:featuredmedia":[{"embeddable":true,"href":"https:\/\/suzanapetre.ro\/home\/wp-json\/wp\/v2\/media\/1337"}],"wp:attachment":[{"href":"https:\/\/suzanapetre.ro\/home\/wp-json\/wp\/v2\/media?parent=1336"}],"wp:term":[{"taxonomy":"product_cat","embeddable":true,"href":"https:\/\/suzanapetre.ro\/home\/wp-json\/wp\/v2\/product_cat?post=1336"},{"taxonomy":"product_tag","embeddable":true,"href":"https:\/\/suzanapetre.ro\/home\/wp-json\/wp\/v2\/product_tag?post=1336"}],"curies":[{"name":"wp","href":"https:\/\/api.w.org\/{rel}","templated":true}]}}