{"id":1440,"date":"2023-03-30T10:12:35","date_gmt":"2023-03-30T10:12:35","guid":{"rendered":"https:\/\/suzanapetre.ro\/?post_type=product&#038;p=1440"},"modified":"2025-06-28T02:21:57","modified_gmt":"2025-06-28T00:21:57","slug":"the-6th-set","status":"publish","type":"product","link":"https:\/\/suzanapetre.ro\/home\/product\/the-6th-set\/","title":{"rendered":"The 6th Set &#8211; set pensule pentru make-up fa\u021b\u0103 \u0219i ochi (6 buc\u0103\u021bi)"},"content":{"rendered":"<p><strong>03 Pensula pentru pudr\u0103:<\/strong> Conceput\u0103 cu fibre flexibile \u0219i deosebit de moi, aceast\u0103 pensul\u0103 are un v\u00e2rf aplatizat, permit\u00e2nd aplicarea uniform\u0103 a pudrei \u0219i pe zonele mai mici, pentru un finisaj natural \u0219i uniform.<\/p>\n<p><strong>04 Pensula pentru blending de precizie:<\/strong> Cu forma sa de &#8220;Bullet&#8221; \u0219i v\u00e2rful u\u0219or ascu\u021bit, aceast\u0103 pensul\u0103 este ideal\u0103 pentru estomparea precis\u0103 a culorilor \u00een zonele mai mici, oferind control \u0219i precizie \u00een blending-ul machiajului.<\/p>\n<p><strong>06 &nbsp;Pensula oval\u0103 pentru aplicarea \u0219i estomparea fardurilor:<\/strong> Cu o form\u0103 oval\u0103 \u0219i pufoas\u0103, aceast\u0103 pensul\u0103 este perfect\u0103 pentru aplicarea \u0219i estomparea fardurilor \u00een sens liniar. Aplatizat\u0103 pentru confort maxim, ofer\u0103 control \u0219i precizie \u00een aplicare.<\/p>\n<p><strong>08 &nbsp;Pensula de blending \u00een form\u0103 de par\u0103:<\/strong> Conceput\u0103 cu fire flexibile \u0219i moi, aceast\u0103 pensul\u0103 asigur\u0103 un blending fin \u0219i uniform al fardurilor. Potrivit\u0103 \u0219i pentru aplicarea bazelor pe pleoape, oferind rezultate profesionale \u00een estomparea machiajului.<\/p>\n<p><strong>10 Pensula pentru conturare:<\/strong> Cu o form\u0103 pufoas\u0103, aceast\u0103 pensul\u0103 este ideal\u0103 pentru realizarea contururilor at\u00e2t \u00een texturi cremoase, c\u00e2t \u0219i \u00een cele uscate. Ofer\u0103 precizie \u0219i control pentru un contur subtil \u0219i definit.<\/p>\n<p><strong>13 Pensula pentru blending \u0219i acoperire:<\/strong> Cu v\u00e2rful rotund \u0219i flexibil, aceast\u0103 pensul\u0103 este perfect\u0103 pentru blending \u0219i aplicarea bazelor \u0219i a concealer-ului \u00eentr-un strat aerat \u0219i uniform, asigur\u00e2nd o acoperire perfect\u0103 \u0219i natural\u0103.<\/p>\n<p><strong>Alege performan\u021ba \u0219i versatilitatea cu pensulele noastre de make-up \u0219i transform\u0103-\u021bi machiajul \u00eentr-o oper\u0103 de art\u0103!<\/strong><\/p>\n","protected":false},"excerpt":{"rendered":"<p>Descoper\u0103 pensulele noastre <strong>premium<\/strong>, create cu aten\u021bie \u0219i pasiune pentru a-\u021bi oferi experien\u021be de machiaj impecabile. Fabricate din <strong>fibre sintetice High-Quality<\/strong>, aceste pensule imit\u0103 perfect senza\u021bia \u0219i aspectul parului natural, oferind totodat\u0103 durabilitate \u0219i performan\u021b\u0103 de lung\u0103 durat\u0103.<\/p>\n<p>Indiferent dac\u0103 folose\u0219ti texturi cremoase sau uscate, aceste pensule se adapteaz\u0103 perfect la nevoile tale, oferind rezultate impecabile \u00een fiecare utilizare.<\/p>\n<p><strong>Alege calitatea \u0219i performan\u021ba cu pensulele noastre de make-up pentru fa\u021b\u0103 \u0219i descoper\u0103 o experien\u021b\u0103 de machiaj cu adev\u0103rat sublim\u0103!<\/strong><\/p>\n<p>&nbsp;<\/p>\n","protected":false},"featured_media":2469,"comment_status":"open","ping_status":"closed","template":"","meta":{"om_disable_all_campaigns":false,"_monsterinsights_skip_tracking":false,"_monsterinsights_sitenote_active":false,"_monsterinsights_sitenote_note":"","_monsterinsights_sitenote_category":0,"site-sidebar-layout":"default","site-content-layout":"default","ast-global-header-display":"","ast-main-header-display":"","ast-hfb-above-header-display":"","ast-hfb-below-header-display":"","ast-hfb-mobile-header-display":"","site-post-title":"","ast-breadcrumbs-content":"","ast-featured-img":"","footer-sml-layout":"","theme-transparent-header-meta":"default","adv-header-id-meta":"","stick-header-meta":"","header-above-stick-meta":"","header-main-stick-meta":"","header-below-stick-meta":"","ngg_post_thumbnail":0},"product_cat":[70,62],"product_tag":[64,67],"yoast_head":"<!-- This site is optimized with the Yoast SEO plugin v20.5 - https:\/\/yoast.com\/wordpress\/plugins\/seo\/ -->\n<title>The 6th Set - set pensule pentru make-up fa\u021b\u0103 \u0219i ochi (6 buc\u0103\u021bi) - suzanapetre.ro<\/title>\n<meta name=\"robots\" content=\"index, follow, max-snippet:-1, max-image-preview:large, max-video-preview:-1\" \/>\n<link rel=\"canonical\" href=\"https:\/\/suzanapetre.ro\/home\/product\/the-6th-set\/\" \/>\n<meta property=\"og:locale\" content=\"ro_RO\" \/>\n<meta property=\"og:type\" content=\"article\" \/>\n<meta property=\"og:title\" content=\"The 6th Set - set pensule pentru make-up fa\u021b\u0103 \u0219i ochi (6 buc\u0103\u021bi) - suzanapetre.ro\" \/>\n<meta property=\"og:description\" content=\"Descoper\u0103 pensulele noastre premium, create cu aten\u021bie \u0219i pasiune pentru a-\u021bi oferi experien\u021be de machiaj impecabile. Fabricate din fibre sintetice High-Quality, aceste pensule imit\u0103 perfect senza\u021bia \u0219i aspectul parului natural, oferind totodat\u0103 durabilitate \u0219i performan\u021b\u0103 de lung\u0103 durat\u0103.  Indiferent dac\u0103 folose\u0219ti texturi cremoase sau uscate, aceste pensule se adapteaz\u0103 perfect la nevoile tale, oferind rezultate impecabile \u00een fiecare utilizare.  Alege calitatea \u0219i performan\u021ba cu pensulele noastre de make-up pentru fa\u021b\u0103 \u0219i descoper\u0103 o experien\u021b\u0103 de machiaj cu adev\u0103rat sublim\u0103!  &nbsp;\" \/>\n<meta property=\"og:url\" content=\"https:\/\/suzanapetre.ro\/home\/product\/the-6th-set\/\" \/>\n<meta property=\"og:site_name\" content=\"suzanapetre.ro\" \/>\n<meta property=\"article:modified_time\" content=\"2025-06-28T00:21:57+00:00\" \/>\n<meta property=\"og:image\" content=\"https:\/\/suzanapetre.ro\/wp-content\/uploads\/2024\/04\/Untitled-2-1.png\" \/>\n\t<meta property=\"og:image:width\" content=\"1500\" \/>\n\t<meta property=\"og:image:height\" content=\"1900\" \/>\n\t<meta property=\"og:image:type\" content=\"image\/png\" \/>\n<meta name=\"twitter:card\" content=\"summary_large_image\" \/>\n<meta name=\"twitter:label1\" content=\"Timp estimat pentru citire\" \/>\n\t<meta name=\"twitter:data1\" content=\"2 minute\" \/>\n<script type=\"application\/ld+json\" class=\"yoast-schema-graph\">{\"@context\":\"https:\/\/schema.org\",\"@graph\":[{\"@type\":\"WebPage\",\"@id\":\"https:\/\/suzanapetre.ro\/home\/product\/the-6th-set\/\",\"url\":\"https:\/\/suzanapetre.ro\/home\/product\/the-6th-set\/\",\"name\":\"The 6th Set - set pensule pentru make-up fa\u021b\u0103 \u0219i ochi (6 buc\u0103\u021bi) - suzanapetre.ro\",\"isPartOf\":{\"@id\":\"https:\/\/suzanapetre.ro\/home\/#website\"},\"datePublished\":\"2023-03-30T10:12:35+00:00\",\"dateModified\":\"2025-06-28T00:21:57+00:00\",\"breadcrumb\":{\"@id\":\"https:\/\/suzanapetre.ro\/home\/product\/the-6th-set\/#breadcrumb\"},\"inLanguage\":\"ro-RO\",\"potentialAction\":[{\"@type\":\"ReadAction\",\"target\":[\"https:\/\/suzanapetre.ro\/home\/product\/the-6th-set\/\"]}]},{\"@type\":\"BreadcrumbList\",\"@id\":\"https:\/\/suzanapetre.ro\/home\/product\/the-6th-set\/#breadcrumb\",\"itemListElement\":[{\"@type\":\"ListItem\",\"position\":1,\"name\":\"Home\",\"item\":\"https:\/\/suzanapetre.ro\/home\/\"},{\"@type\":\"ListItem\",\"position\":2,\"name\":\"Shop\",\"item\":\"https:\/\/suzanapetre.ro\/home\/shop-2\/\"},{\"@type\":\"ListItem\",\"position\":3,\"name\":\"The 6th Set &#8211; set pensule pentru make-up fa\u021b\u0103 \u0219i ochi (6 buc\u0103\u021bi)\"}]},{\"@type\":\"WebSite\",\"@id\":\"https:\/\/suzanapetre.ro\/home\/#website\",\"url\":\"https:\/\/suzanapetre.ro\/home\/\",\"name\":\"suzanapetre.ro\",\"description\":\"machiaj, curs machiaj, pensule machiaj\",\"publisher\":{\"@id\":\"https:\/\/suzanapetre.ro\/home\/#organization\"},\"potentialAction\":[{\"@type\":\"SearchAction\",\"target\":{\"@type\":\"EntryPoint\",\"urlTemplate\":\"https:\/\/suzanapetre.ro\/home\/?s={search_term_string}\"},\"query-input\":\"required name=search_term_string\"}],\"inLanguage\":\"ro-RO\"},{\"@type\":\"Organization\",\"@id\":\"https:\/\/suzanapetre.ro\/home\/#organization\",\"name\":\"suzanapetre.ro\",\"url\":\"https:\/\/suzanapetre.ro\/home\/\",\"logo\":{\"@type\":\"ImageObject\",\"inLanguage\":\"ro-RO\",\"@id\":\"https:\/\/suzanapetre.ro\/home\/#\/schema\/logo\/image\/\",\"url\":\"https:\/\/suzanapetre.ro\/wp-content\/uploads\/2022\/11\/cropped-lart-sublime.png\",\"contentUrl\":\"https:\/\/suzanapetre.ro\/wp-content\/uploads\/2022\/11\/cropped-lart-sublime.png\",\"width\":2706,\"height\":951,\"caption\":\"suzanapetre.ro\"},\"image\":{\"@id\":\"https:\/\/suzanapetre.ro\/home\/#\/schema\/logo\/image\/\"}}]}<\/script>\n<!-- \/ Yoast SEO plugin. -->","yoast_head_json":{"title":"The 6th Set - set pensule pentru make-up fa\u021b\u0103 \u0219i ochi (6 buc\u0103\u021bi) - suzanapetre.ro","robots":{"index":"index","follow":"follow","max-snippet":"max-snippet:-1","max-image-preview":"max-image-preview:large","max-video-preview":"max-video-preview:-1"},"canonical":"https:\/\/suzanapetre.ro\/home\/product\/the-6th-set\/","og_locale":"ro_RO","og_type":"article","og_title":"The 6th Set - set pensule pentru make-up fa\u021b\u0103 \u0219i ochi (6 buc\u0103\u021bi) - suzanapetre.ro","og_description":"Descoper\u0103 pensulele noastre premium, create cu aten\u021bie \u0219i pasiune pentru a-\u021bi oferi experien\u021be de machiaj impecabile. Fabricate din fibre sintetice High-Quality, aceste pensule imit\u0103 perfect senza\u021bia \u0219i aspectul parului natural, oferind totodat\u0103 durabilitate \u0219i performan\u021b\u0103 de lung\u0103 durat\u0103.  Indiferent dac\u0103 folose\u0219ti texturi cremoase sau uscate, aceste pensule se adapteaz\u0103 perfect la nevoile tale, oferind rezultate impecabile \u00een fiecare utilizare.  Alege calitatea \u0219i performan\u021ba cu pensulele noastre de make-up pentru fa\u021b\u0103 \u0219i descoper\u0103 o experien\u021b\u0103 de machiaj cu adev\u0103rat sublim\u0103!  &nbsp;","og_url":"https:\/\/suzanapetre.ro\/home\/product\/the-6th-set\/","og_site_name":"suzanapetre.ro","article_modified_time":"2025-06-28T00:21:57+00:00","og_image":[{"width":1500,"height":1900,"url":"https:\/\/suzanapetre.ro\/wp-content\/uploads\/2024\/04\/Untitled-2-1.png","type":"image\/png"}],"twitter_card":"summary_large_image","twitter_misc":{"Timp estimat pentru citire":"2 minute"},"schema":{"@context":"https:\/\/schema.org","@graph":[{"@type":"WebPage","@id":"https:\/\/suzanapetre.ro\/home\/product\/the-6th-set\/","url":"https:\/\/suzanapetre.ro\/home\/product\/the-6th-set\/","name":"The 6th Set - set pensule pentru make-up fa\u021b\u0103 \u0219i ochi (6 buc\u0103\u021bi) - suzanapetre.ro","isPartOf":{"@id":"https:\/\/suzanapetre.ro\/home\/#website"},"datePublished":"2023-03-30T10:12:35+00:00","dateModified":"2025-06-28T00:21:57+00:00","breadcrumb":{"@id":"https:\/\/suzanapetre.ro\/home\/product\/the-6th-set\/#breadcrumb"},"inLanguage":"ro-RO","potentialAction":[{"@type":"ReadAction","target":["https:\/\/suzanapetre.ro\/home\/product\/the-6th-set\/"]}]},{"@type":"BreadcrumbList","@id":"https:\/\/suzanapetre.ro\/home\/product\/the-6th-set\/#breadcrumb","itemListElement":[{"@type":"ListItem","position":1,"name":"Home","item":"https:\/\/suzanapetre.ro\/home\/"},{"@type":"ListItem","position":2,"name":"Shop","item":"https:\/\/suzanapetre.ro\/home\/shop-2\/"},{"@type":"ListItem","position":3,"name":"The 6th Set &#8211; set pensule pentru make-up fa\u021b\u0103 \u0219i ochi (6 buc\u0103\u021bi)"}]},{"@type":"WebSite","@id":"https:\/\/suzanapetre.ro\/home\/#website","url":"https:\/\/suzanapetre.ro\/home\/","name":"suzanapetre.ro","description":"machiaj, curs machiaj, pensule machiaj","publisher":{"@id":"https:\/\/suzanapetre.ro\/home\/#organization"},"potentialAction":[{"@type":"SearchAction","target":{"@type":"EntryPoint","urlTemplate":"https:\/\/suzanapetre.ro\/home\/?s={search_term_string}"},"query-input":"required name=search_term_string"}],"inLanguage":"ro-RO"},{"@type":"Organization","@id":"https:\/\/suzanapetre.ro\/home\/#organization","name":"suzanapetre.ro","url":"https:\/\/suzanapetre.ro\/home\/","logo":{"@type":"ImageObject","inLanguage":"ro-RO","@id":"https:\/\/suzanapetre.ro\/home\/#\/schema\/logo\/image\/","url":"https:\/\/suzanapetre.ro\/wp-content\/uploads\/2022\/11\/cropped-lart-sublime.png","contentUrl":"https:\/\/suzanapetre.ro\/wp-content\/uploads\/2022\/11\/cropped-lart-sublime.png","width":2706,"height":951,"caption":"suzanapetre.ro"},"image":{"@id":"https:\/\/suzanapetre.ro\/home\/#\/schema\/logo\/image\/"}}]}},"_links":{"self":[{"href":"https:\/\/suzanapetre.ro\/home\/wp-json\/wp\/v2\/product\/1440"}],"collection":[{"href":"https:\/\/suzanapetre.ro\/home\/wp-json\/wp\/v2\/product"}],"about":[{"href":"https:\/\/suzanapetre.ro\/home\/wp-json\/wp\/v2\/types\/product"}],"replies":[{"embeddable":true,"href":"https:\/\/suzanapetre.ro\/home\/wp-json\/wp\/v2\/comments?post=1440"}],"wp:featuredmedia":[{"embeddable":true,"href":"https:\/\/suzanapetre.ro\/home\/wp-json\/wp\/v2\/media\/2469"}],"wp:attachment":[{"href":"https:\/\/suzanapetre.ro\/home\/wp-json\/wp\/v2\/media?parent=1440"}],"wp:term":[{"taxonomy":"product_cat","embeddable":true,"href":"https:\/\/suzanapetre.ro\/home\/wp-json\/wp\/v2\/product_cat?post=1440"},{"taxonomy":"product_tag","embeddable":true,"href":"https:\/\/suzanapetre.ro\/home\/wp-json\/wp\/v2\/product_tag?post=1440"}],"curies":[{"name":"wp","href":"https:\/\/api.w.org\/{rel}","templated":true}]}}