{"id":1444,"date":"2023-03-30T10:25:13","date_gmt":"2023-03-30T10:25:13","guid":{"rendered":"https:\/\/suzanapetre.ro\/?post_type=product&#038;p=1444"},"modified":"2024-11-22T14:04:35","modified_gmt":"2024-11-22T12:04:35","slug":"the-4th-set","status":"publish","type":"product","link":"https:\/\/suzanapetre.ro\/home\/product\/the-4th-set\/","title":{"rendered":"The 4th Set &#8211; set pensule pentru make-up fa\u021b\u0103 (4 buc\u0103\u021bi)"},"content":{"rendered":"<p><strong>Pensula 02<\/strong> &#8211; &nbsp;Aceast\u0103 pensul\u0103 are o form\u0103 u\u0219or oval\u0103, cu v\u00e2rful plat, excelent\u0103 pentru aplicarea pudrei, iluminatorului, blush-ului \u0219i bronzer-ului datorit\u0103 flexibilit\u0103\u021bii \u0219i texturii moi a fibrelor.<\/p>\n<p><strong>Pensula 03<\/strong>&nbsp;&#8211; O pensul\u0103 mare, pufoas\u0103, perfect\u0103 pentru aplicarea pudrei, cu fibre flexibile \u0219i moi care permit distribuirea uniform\u0103 a produsului \u0219i pe zone mai mici datorit\u0103 v\u00e2rfului aplatizat.<\/p>\n<p><strong>Pensula 10<\/strong> &#8211; O pensul\u0103 pufoas\u0103, ideal\u0103 pentru conturarea fe\u021bei, indiferent dac\u0103 folose\u0219ti produse cremoase sau uscate, datorit\u0103 designului s\u0103u special.<\/p>\n<p><strong>Pensula 11 &#8211;&nbsp;<\/strong>Pensul\u0103 pufoas\u0103, cu o form\u0103 unghiular\u0103 distinctiv\u0103, excelent\u0103 pentru aplicarea fondului de ten \u0219i pentru conturare, oferind un finisaj impecabil datorit\u0103 designului s\u0103u ingenios.<\/p>\n","protected":false},"excerpt":{"rendered":"<p>Realizate din fibre sintetice High-Quality, aceste pensule imit\u0103 perfect senza\u021bia parului natural, oferind o experien\u021b\u0103 de machiaj deosebit de pl\u0103cut\u0103 \u0219i precis\u0103.<\/p>\n<p>Indiferent dac\u0103 aplici fond de ten, corector, blush sau pudr\u0103, pensulele noastre de make-up pentru fa\u021b\u0103 \u00ee\u021bi ofer\u0103 controlul \u0219i precizia necesare pentru a ob\u021bine rezultate impecabile \u00een fiecare zi.<\/p>\n<p><strong>Alege calitatea \u0219i performan\u021ba cu pensulele noastre de make-up pentru fa\u021b\u0103 \u0219i descoper\u0103 o experien\u021b\u0103 de machiaj cu adev\u0103rat sublim\u0103!<\/strong><\/p>\n","protected":false},"featured_media":2483,"comment_status":"open","ping_status":"closed","template":"","meta":{"om_disable_all_campaigns":false,"_monsterinsights_skip_tracking":false,"_monsterinsights_sitenote_active":false,"_monsterinsights_sitenote_note":"","_monsterinsights_sitenote_category":0,"site-sidebar-layout":"default","site-content-layout":"default","ast-global-header-display":"","ast-main-header-display":"","ast-hfb-above-header-display":"","ast-hfb-below-header-display":"","ast-hfb-mobile-header-display":"","site-post-title":"","ast-breadcrumbs-content":"","ast-featured-img":"","footer-sml-layout":"","theme-transparent-header-meta":"default","adv-header-id-meta":"","stick-header-meta":"","header-above-stick-meta":"","header-main-stick-meta":"","header-below-stick-meta":"","ngg_post_thumbnail":0},"product_cat":[70,62],"product_tag":[69,64,67],"yoast_head":"<!-- This site is optimized with the Yoast SEO plugin v20.5 - https:\/\/yoast.com\/wordpress\/plugins\/seo\/ -->\n<title>The 4th Set - set pensule pentru make-up fa\u021b\u0103 (4 buc\u0103\u021bi) - suzanapetre.ro<\/title>\n<meta name=\"robots\" content=\"index, follow, max-snippet:-1, max-image-preview:large, max-video-preview:-1\" \/>\n<link rel=\"canonical\" href=\"https:\/\/suzanapetre.ro\/home\/product\/the-4th-set\/\" \/>\n<meta property=\"og:locale\" content=\"ro_RO\" \/>\n<meta property=\"og:type\" content=\"article\" \/>\n<meta property=\"og:title\" content=\"The 4th Set - set pensule pentru make-up fa\u021b\u0103 (4 buc\u0103\u021bi) - suzanapetre.ro\" \/>\n<meta property=\"og:description\" content=\"Realizate din fibre sintetice High-Quality, aceste pensule imit\u0103 perfect senza\u021bia parului natural, oferind o experien\u021b\u0103 de machiaj deosebit de pl\u0103cut\u0103 \u0219i precis\u0103.  Indiferent dac\u0103 aplici fond de ten, corector, blush sau pudr\u0103, pensulele noastre de make-up pentru fa\u021b\u0103 \u00ee\u021bi ofer\u0103 controlul \u0219i precizia necesare pentru a ob\u021bine rezultate impecabile \u00een fiecare zi.  Alege calitatea \u0219i performan\u021ba cu pensulele noastre de make-up pentru fa\u021b\u0103 \u0219i descoper\u0103 o experien\u021b\u0103 de machiaj cu adev\u0103rat sublim\u0103!\" \/>\n<meta property=\"og:url\" content=\"https:\/\/suzanapetre.ro\/home\/product\/the-4th-set\/\" \/>\n<meta property=\"og:site_name\" content=\"suzanapetre.ro\" \/>\n<meta property=\"article:modified_time\" content=\"2024-11-22T12:04:35+00:00\" \/>\n<meta property=\"og:image\" content=\"https:\/\/suzanapetre.ro\/wp-content\/uploads\/2024\/04\/Untitled-1.png\" \/>\n\t<meta property=\"og:image:width\" content=\"1500\" \/>\n\t<meta property=\"og:image:height\" content=\"1900\" \/>\n\t<meta property=\"og:image:type\" content=\"image\/png\" \/>\n<meta name=\"twitter:card\" content=\"summary_large_image\" \/>\n<meta name=\"twitter:label1\" content=\"Timp estimat pentru citire\" \/>\n\t<meta name=\"twitter:data1\" content=\"1 minut\" \/>\n<script type=\"application\/ld+json\" class=\"yoast-schema-graph\">{\"@context\":\"https:\/\/schema.org\",\"@graph\":[{\"@type\":\"WebPage\",\"@id\":\"https:\/\/suzanapetre.ro\/home\/product\/the-4th-set\/\",\"url\":\"https:\/\/suzanapetre.ro\/home\/product\/the-4th-set\/\",\"name\":\"The 4th Set - set pensule pentru make-up fa\u021b\u0103 (4 buc\u0103\u021bi) - suzanapetre.ro\",\"isPartOf\":{\"@id\":\"https:\/\/suzanapetre.ro\/home\/#website\"},\"datePublished\":\"2023-03-30T10:25:13+00:00\",\"dateModified\":\"2024-11-22T12:04:35+00:00\",\"breadcrumb\":{\"@id\":\"https:\/\/suzanapetre.ro\/home\/product\/the-4th-set\/#breadcrumb\"},\"inLanguage\":\"ro-RO\",\"potentialAction\":[{\"@type\":\"ReadAction\",\"target\":[\"https:\/\/suzanapetre.ro\/home\/product\/the-4th-set\/\"]}]},{\"@type\":\"BreadcrumbList\",\"@id\":\"https:\/\/suzanapetre.ro\/home\/product\/the-4th-set\/#breadcrumb\",\"itemListElement\":[{\"@type\":\"ListItem\",\"position\":1,\"name\":\"Home\",\"item\":\"https:\/\/suzanapetre.ro\/home\/\"},{\"@type\":\"ListItem\",\"position\":2,\"name\":\"Shop\",\"item\":\"https:\/\/suzanapetre.ro\/home\/shop-2\/\"},{\"@type\":\"ListItem\",\"position\":3,\"name\":\"The 4th Set &#8211; set pensule pentru make-up fa\u021b\u0103 (4 buc\u0103\u021bi)\"}]},{\"@type\":\"WebSite\",\"@id\":\"https:\/\/suzanapetre.ro\/home\/#website\",\"url\":\"https:\/\/suzanapetre.ro\/home\/\",\"name\":\"suzanapetre.ro\",\"description\":\"machiaj, curs machiaj, pensule machiaj\",\"publisher\":{\"@id\":\"https:\/\/suzanapetre.ro\/home\/#organization\"},\"potentialAction\":[{\"@type\":\"SearchAction\",\"target\":{\"@type\":\"EntryPoint\",\"urlTemplate\":\"https:\/\/suzanapetre.ro\/home\/?s={search_term_string}\"},\"query-input\":\"required name=search_term_string\"}],\"inLanguage\":\"ro-RO\"},{\"@type\":\"Organization\",\"@id\":\"https:\/\/suzanapetre.ro\/home\/#organization\",\"name\":\"suzanapetre.ro\",\"url\":\"https:\/\/suzanapetre.ro\/home\/\",\"logo\":{\"@type\":\"ImageObject\",\"inLanguage\":\"ro-RO\",\"@id\":\"https:\/\/suzanapetre.ro\/home\/#\/schema\/logo\/image\/\",\"url\":\"https:\/\/suzanapetre.ro\/wp-content\/uploads\/2022\/11\/cropped-lart-sublime.png\",\"contentUrl\":\"https:\/\/suzanapetre.ro\/wp-content\/uploads\/2022\/11\/cropped-lart-sublime.png\",\"width\":2706,\"height\":951,\"caption\":\"suzanapetre.ro\"},\"image\":{\"@id\":\"https:\/\/suzanapetre.ro\/home\/#\/schema\/logo\/image\/\"}}]}<\/script>\n<!-- \/ Yoast SEO plugin. -->","yoast_head_json":{"title":"The 4th Set - set pensule pentru make-up fa\u021b\u0103 (4 buc\u0103\u021bi) - suzanapetre.ro","robots":{"index":"index","follow":"follow","max-snippet":"max-snippet:-1","max-image-preview":"max-image-preview:large","max-video-preview":"max-video-preview:-1"},"canonical":"https:\/\/suzanapetre.ro\/home\/product\/the-4th-set\/","og_locale":"ro_RO","og_type":"article","og_title":"The 4th Set - set pensule pentru make-up fa\u021b\u0103 (4 buc\u0103\u021bi) - suzanapetre.ro","og_description":"Realizate din fibre sintetice High-Quality, aceste pensule imit\u0103 perfect senza\u021bia parului natural, oferind o experien\u021b\u0103 de machiaj deosebit de pl\u0103cut\u0103 \u0219i precis\u0103.  Indiferent dac\u0103 aplici fond de ten, corector, blush sau pudr\u0103, pensulele noastre de make-up pentru fa\u021b\u0103 \u00ee\u021bi ofer\u0103 controlul \u0219i precizia necesare pentru a ob\u021bine rezultate impecabile \u00een fiecare zi.  Alege calitatea \u0219i performan\u021ba cu pensulele noastre de make-up pentru fa\u021b\u0103 \u0219i descoper\u0103 o experien\u021b\u0103 de machiaj cu adev\u0103rat sublim\u0103!","og_url":"https:\/\/suzanapetre.ro\/home\/product\/the-4th-set\/","og_site_name":"suzanapetre.ro","article_modified_time":"2024-11-22T12:04:35+00:00","og_image":[{"width":1500,"height":1900,"url":"https:\/\/suzanapetre.ro\/wp-content\/uploads\/2024\/04\/Untitled-1.png","type":"image\/png"}],"twitter_card":"summary_large_image","twitter_misc":{"Timp estimat pentru citire":"1 minut"},"schema":{"@context":"https:\/\/schema.org","@graph":[{"@type":"WebPage","@id":"https:\/\/suzanapetre.ro\/home\/product\/the-4th-set\/","url":"https:\/\/suzanapetre.ro\/home\/product\/the-4th-set\/","name":"The 4th Set - set pensule pentru make-up fa\u021b\u0103 (4 buc\u0103\u021bi) - suzanapetre.ro","isPartOf":{"@id":"https:\/\/suzanapetre.ro\/home\/#website"},"datePublished":"2023-03-30T10:25:13+00:00","dateModified":"2024-11-22T12:04:35+00:00","breadcrumb":{"@id":"https:\/\/suzanapetre.ro\/home\/product\/the-4th-set\/#breadcrumb"},"inLanguage":"ro-RO","potentialAction":[{"@type":"ReadAction","target":["https:\/\/suzanapetre.ro\/home\/product\/the-4th-set\/"]}]},{"@type":"BreadcrumbList","@id":"https:\/\/suzanapetre.ro\/home\/product\/the-4th-set\/#breadcrumb","itemListElement":[{"@type":"ListItem","position":1,"name":"Home","item":"https:\/\/suzanapetre.ro\/home\/"},{"@type":"ListItem","position":2,"name":"Shop","item":"https:\/\/suzanapetre.ro\/home\/shop-2\/"},{"@type":"ListItem","position":3,"name":"The 4th Set &#8211; set pensule pentru make-up fa\u021b\u0103 (4 buc\u0103\u021bi)"}]},{"@type":"WebSite","@id":"https:\/\/suzanapetre.ro\/home\/#website","url":"https:\/\/suzanapetre.ro\/home\/","name":"suzanapetre.ro","description":"machiaj, curs machiaj, pensule machiaj","publisher":{"@id":"https:\/\/suzanapetre.ro\/home\/#organization"},"potentialAction":[{"@type":"SearchAction","target":{"@type":"EntryPoint","urlTemplate":"https:\/\/suzanapetre.ro\/home\/?s={search_term_string}"},"query-input":"required name=search_term_string"}],"inLanguage":"ro-RO"},{"@type":"Organization","@id":"https:\/\/suzanapetre.ro\/home\/#organization","name":"suzanapetre.ro","url":"https:\/\/suzanapetre.ro\/home\/","logo":{"@type":"ImageObject","inLanguage":"ro-RO","@id":"https:\/\/suzanapetre.ro\/home\/#\/schema\/logo\/image\/","url":"https:\/\/suzanapetre.ro\/wp-content\/uploads\/2022\/11\/cropped-lart-sublime.png","contentUrl":"https:\/\/suzanapetre.ro\/wp-content\/uploads\/2022\/11\/cropped-lart-sublime.png","width":2706,"height":951,"caption":"suzanapetre.ro"},"image":{"@id":"https:\/\/suzanapetre.ro\/home\/#\/schema\/logo\/image\/"}}]}},"_links":{"self":[{"href":"https:\/\/suzanapetre.ro\/home\/wp-json\/wp\/v2\/product\/1444"}],"collection":[{"href":"https:\/\/suzanapetre.ro\/home\/wp-json\/wp\/v2\/product"}],"about":[{"href":"https:\/\/suzanapetre.ro\/home\/wp-json\/wp\/v2\/types\/product"}],"replies":[{"embeddable":true,"href":"https:\/\/suzanapetre.ro\/home\/wp-json\/wp\/v2\/comments?post=1444"}],"wp:featuredmedia":[{"embeddable":true,"href":"https:\/\/suzanapetre.ro\/home\/wp-json\/wp\/v2\/media\/2483"}],"wp:attachment":[{"href":"https:\/\/suzanapetre.ro\/home\/wp-json\/wp\/v2\/media?parent=1444"}],"wp:term":[{"taxonomy":"product_cat","embeddable":true,"href":"https:\/\/suzanapetre.ro\/home\/wp-json\/wp\/v2\/product_cat?post=1444"},{"taxonomy":"product_tag","embeddable":true,"href":"https:\/\/suzanapetre.ro\/home\/wp-json\/wp\/v2\/product_tag?post=1444"}],"curies":[{"name":"wp","href":"https:\/\/api.w.org\/{rel}","templated":true}]}}