{"id":2510,"date":"2024-04-22T09:56:31","date_gmt":"2024-04-22T07:56:31","guid":{"rendered":"https:\/\/suzanapetre.ro\/home\/?post_type=product&#038;p=2510"},"modified":"2025-05-27T13:44:03","modified_gmt":"2025-05-27T11:44:03","slug":"02-pensula-ovala-cu-varf-plat","status":"publish","type":"product","link":"https:\/\/suzanapetre.ro\/home\/product\/02-pensula-ovala-cu-varf-plat\/","title":{"rendered":"02 Pensul\u0103 oval\u0103 cu v\u00e2rf plat pentru pudr\u0103"},"content":{"rendered":"<ul>\n<li><strong>Forma<\/strong>: Pensul\u0103 oval\u0103 cu v\u00e2rf plat.<\/li>\n<li><strong>Utilizare<\/strong>: Aceast\u0103 pensul\u0103 versatil\u0103 este ideal\u0103 pentru aplicarea unei game variate de produse de machiaj, inclusiv pudr\u0103, iluminator, blush \u0219i bronzer. Forma sa oval\u0103 \u0219i v\u00e2rful plat permit o aplicare precis\u0103 \u0219i uniform\u0103 a produsului pe piele, adapt\u00e2ndu-se perfect la contururile fe\u021bei pentru un finisaj impecabil.<\/li>\n<\/ul>\n<h5><strong>Cum o folosim:<\/strong><\/h5>\n<p>Pentru aplicarea pudrei, utilizeaz\u0103 pensula pentru a lua o cantitate mic\u0103 de produs \u0219i aplic\u0103-l uniform pe \u00eentreaga fa\u021b\u0103, concentr\u00e2ndu-te pe zonele cu tendin\u021ba de str\u0103lucire. Pentru iluminator, utilizeaz\u0103 partea plat\u0103 a pensulei pentru a aplica iluminatorul pe pometi, arcul spr\u00e2ncenelor \u0219i alte zone cheie pentru a eviden\u021bia \u0219i lumina tenul. Pentru blush \u0219i bronzer, utilizeaz\u0103 pensula pentru a aplica produsul pe obraji \u0219i zonele \u00een care dore\u0219ti s\u0103 adaugi c\u0103ldur\u0103 \u0219i definire fe\u021bei.<\/p>\n","protected":false},"excerpt":{"rendered":"<div class=\"woocommerce-product-details__short-description\">\n<p>Este ideal\u0103 pentru aplicarea pudrei, iluminatorului, blush-ului \u0219i bronzer-ului. Forma sa versatil\u0103 \u0219i v\u00e2rful plat fac posibil\u0103 aplicarea uniform\u0103 a produsului pe \u00eentreaga fa\u021b\u0103 sau pe anumite zone.<\/p>\n<p><strong>Alege calitatea \u0219i performan\u021ba cu pensulele noastre de make-up pentru fa\u021b\u0103 \u0219i descoper\u0103 o experien\u021b\u0103 de machiaj cu adev\u0103rat sublim\u0103!<\/strong><\/p>\n<\/div>\n","protected":false},"featured_media":2511,"comment_status":"open","ping_status":"closed","template":"","meta":{"om_disable_all_campaigns":false,"_monsterinsights_skip_tracking":false,"_monsterinsights_sitenote_active":false,"_monsterinsights_sitenote_note":"","_monsterinsights_sitenote_category":0,"site-sidebar-layout":"default","site-content-layout":"default","ast-global-header-display":"","ast-main-header-display":"","ast-hfb-above-header-display":"","ast-hfb-below-header-display":"","ast-hfb-mobile-header-display":"","site-post-title":"","ast-breadcrumbs-content":"","ast-featured-img":"","footer-sml-layout":"","theme-transparent-header-meta":"default","adv-header-id-meta":"","stick-header-meta":"","header-above-stick-meta":"","header-main-stick-meta":"","header-below-stick-meta":"","ngg_post_thumbnail":0},"product_cat":[70,71],"product_tag":[],"yoast_head":"<!-- This site is optimized with the Yoast SEO plugin v20.5 - https:\/\/yoast.com\/wordpress\/plugins\/seo\/ -->\n<title>02 Pensul\u0103 oval\u0103 cu v\u00e2rf plat pentru pudr\u0103 - suzanapetre.ro<\/title>\n<meta name=\"robots\" content=\"index, follow, max-snippet:-1, max-image-preview:large, max-video-preview:-1\" \/>\n<link rel=\"canonical\" href=\"https:\/\/suzanapetre.ro\/home\/product\/02-pensula-ovala-cu-varf-plat\/\" \/>\n<meta property=\"og:locale\" content=\"ro_RO\" \/>\n<meta property=\"og:type\" content=\"article\" \/>\n<meta property=\"og:title\" content=\"02 Pensul\u0103 oval\u0103 cu v\u00e2rf plat pentru pudr\u0103 - suzanapetre.ro\" \/>\n<meta property=\"og:description\" content=\"Este ideal\u0103 pentru aplicarea pudrei, iluminatorului, blush-ului \u0219i bronzer-ului. Forma sa versatil\u0103 \u0219i v\u00e2rful plat fac posibil\u0103 aplicarea uniform\u0103 a produsului pe \u00eentreaga fa\u021b\u0103 sau pe anumite zone.  Alege calitatea \u0219i performan\u021ba cu pensulele noastre de make-up pentru fa\u021b\u0103 \u0219i descoper\u0103 o experien\u021b\u0103 de machiaj cu adev\u0103rat sublim\u0103!\" \/>\n<meta property=\"og:url\" content=\"https:\/\/suzanapetre.ro\/home\/product\/02-pensula-ovala-cu-varf-plat\/\" \/>\n<meta property=\"og:site_name\" content=\"suzanapetre.ro\" \/>\n<meta property=\"article:modified_time\" content=\"2025-05-27T11:44:03+00:00\" \/>\n<meta property=\"og:image\" content=\"https:\/\/suzanapetre.ro\/wp-content\/uploads\/2024\/04\/02.png\" \/>\n\t<meta property=\"og:image:width\" content=\"1500\" \/>\n\t<meta property=\"og:image:height\" content=\"1900\" \/>\n\t<meta property=\"og:image:type\" content=\"image\/png\" \/>\n<meta name=\"twitter:card\" content=\"summary_large_image\" \/>\n<meta name=\"twitter:label1\" content=\"Timp estimat pentru citire\" \/>\n\t<meta name=\"twitter:data1\" content=\"1 minut\" \/>\n<script type=\"application\/ld+json\" class=\"yoast-schema-graph\">{\"@context\":\"https:\/\/schema.org\",\"@graph\":[{\"@type\":\"WebPage\",\"@id\":\"https:\/\/suzanapetre.ro\/home\/product\/02-pensula-ovala-cu-varf-plat\/\",\"url\":\"https:\/\/suzanapetre.ro\/home\/product\/02-pensula-ovala-cu-varf-plat\/\",\"name\":\"02 Pensul\u0103 oval\u0103 cu v\u00e2rf plat pentru pudr\u0103 - suzanapetre.ro\",\"isPartOf\":{\"@id\":\"https:\/\/suzanapetre.ro\/home\/#website\"},\"datePublished\":\"2024-04-22T07:56:31+00:00\",\"dateModified\":\"2025-05-27T11:44:03+00:00\",\"breadcrumb\":{\"@id\":\"https:\/\/suzanapetre.ro\/home\/product\/02-pensula-ovala-cu-varf-plat\/#breadcrumb\"},\"inLanguage\":\"ro-RO\",\"potentialAction\":[{\"@type\":\"ReadAction\",\"target\":[\"https:\/\/suzanapetre.ro\/home\/product\/02-pensula-ovala-cu-varf-plat\/\"]}]},{\"@type\":\"BreadcrumbList\",\"@id\":\"https:\/\/suzanapetre.ro\/home\/product\/02-pensula-ovala-cu-varf-plat\/#breadcrumb\",\"itemListElement\":[{\"@type\":\"ListItem\",\"position\":1,\"name\":\"Home\",\"item\":\"https:\/\/suzanapetre.ro\/home\/\"},{\"@type\":\"ListItem\",\"position\":2,\"name\":\"Shop\",\"item\":\"https:\/\/suzanapetre.ro\/home\/shop-2\/\"},{\"@type\":\"ListItem\",\"position\":3,\"name\":\"02 Pensul\u0103 oval\u0103 cu v\u00e2rf plat pentru pudr\u0103\"}]},{\"@type\":\"WebSite\",\"@id\":\"https:\/\/suzanapetre.ro\/home\/#website\",\"url\":\"https:\/\/suzanapetre.ro\/home\/\",\"name\":\"suzanapetre.ro\",\"description\":\"machiaj, curs machiaj, pensule machiaj\",\"publisher\":{\"@id\":\"https:\/\/suzanapetre.ro\/home\/#organization\"},\"potentialAction\":[{\"@type\":\"SearchAction\",\"target\":{\"@type\":\"EntryPoint\",\"urlTemplate\":\"https:\/\/suzanapetre.ro\/home\/?s={search_term_string}\"},\"query-input\":\"required name=search_term_string\"}],\"inLanguage\":\"ro-RO\"},{\"@type\":\"Organization\",\"@id\":\"https:\/\/suzanapetre.ro\/home\/#organization\",\"name\":\"suzanapetre.ro\",\"url\":\"https:\/\/suzanapetre.ro\/home\/\",\"logo\":{\"@type\":\"ImageObject\",\"inLanguage\":\"ro-RO\",\"@id\":\"https:\/\/suzanapetre.ro\/home\/#\/schema\/logo\/image\/\",\"url\":\"https:\/\/suzanapetre.ro\/wp-content\/uploads\/2022\/11\/cropped-lart-sublime.png\",\"contentUrl\":\"https:\/\/suzanapetre.ro\/wp-content\/uploads\/2022\/11\/cropped-lart-sublime.png\",\"width\":2706,\"height\":951,\"caption\":\"suzanapetre.ro\"},\"image\":{\"@id\":\"https:\/\/suzanapetre.ro\/home\/#\/schema\/logo\/image\/\"}}]}<\/script>\n<!-- \/ Yoast SEO plugin. -->","yoast_head_json":{"title":"02 Pensul\u0103 oval\u0103 cu v\u00e2rf plat pentru pudr\u0103 - suzanapetre.ro","robots":{"index":"index","follow":"follow","max-snippet":"max-snippet:-1","max-image-preview":"max-image-preview:large","max-video-preview":"max-video-preview:-1"},"canonical":"https:\/\/suzanapetre.ro\/home\/product\/02-pensula-ovala-cu-varf-plat\/","og_locale":"ro_RO","og_type":"article","og_title":"02 Pensul\u0103 oval\u0103 cu v\u00e2rf plat pentru pudr\u0103 - suzanapetre.ro","og_description":"Este ideal\u0103 pentru aplicarea pudrei, iluminatorului, blush-ului \u0219i bronzer-ului. Forma sa versatil\u0103 \u0219i v\u00e2rful plat fac posibil\u0103 aplicarea uniform\u0103 a produsului pe \u00eentreaga fa\u021b\u0103 sau pe anumite zone.  Alege calitatea \u0219i performan\u021ba cu pensulele noastre de make-up pentru fa\u021b\u0103 \u0219i descoper\u0103 o experien\u021b\u0103 de machiaj cu adev\u0103rat sublim\u0103!","og_url":"https:\/\/suzanapetre.ro\/home\/product\/02-pensula-ovala-cu-varf-plat\/","og_site_name":"suzanapetre.ro","article_modified_time":"2025-05-27T11:44:03+00:00","og_image":[{"width":1500,"height":1900,"url":"https:\/\/suzanapetre.ro\/wp-content\/uploads\/2024\/04\/02.png","type":"image\/png"}],"twitter_card":"summary_large_image","twitter_misc":{"Timp estimat pentru citire":"1 minut"},"schema":{"@context":"https:\/\/schema.org","@graph":[{"@type":"WebPage","@id":"https:\/\/suzanapetre.ro\/home\/product\/02-pensula-ovala-cu-varf-plat\/","url":"https:\/\/suzanapetre.ro\/home\/product\/02-pensula-ovala-cu-varf-plat\/","name":"02 Pensul\u0103 oval\u0103 cu v\u00e2rf plat pentru pudr\u0103 - suzanapetre.ro","isPartOf":{"@id":"https:\/\/suzanapetre.ro\/home\/#website"},"datePublished":"2024-04-22T07:56:31+00:00","dateModified":"2025-05-27T11:44:03+00:00","breadcrumb":{"@id":"https:\/\/suzanapetre.ro\/home\/product\/02-pensula-ovala-cu-varf-plat\/#breadcrumb"},"inLanguage":"ro-RO","potentialAction":[{"@type":"ReadAction","target":["https:\/\/suzanapetre.ro\/home\/product\/02-pensula-ovala-cu-varf-plat\/"]}]},{"@type":"BreadcrumbList","@id":"https:\/\/suzanapetre.ro\/home\/product\/02-pensula-ovala-cu-varf-plat\/#breadcrumb","itemListElement":[{"@type":"ListItem","position":1,"name":"Home","item":"https:\/\/suzanapetre.ro\/home\/"},{"@type":"ListItem","position":2,"name":"Shop","item":"https:\/\/suzanapetre.ro\/home\/shop-2\/"},{"@type":"ListItem","position":3,"name":"02 Pensul\u0103 oval\u0103 cu v\u00e2rf plat pentru pudr\u0103"}]},{"@type":"WebSite","@id":"https:\/\/suzanapetre.ro\/home\/#website","url":"https:\/\/suzanapetre.ro\/home\/","name":"suzanapetre.ro","description":"machiaj, curs machiaj, pensule machiaj","publisher":{"@id":"https:\/\/suzanapetre.ro\/home\/#organization"},"potentialAction":[{"@type":"SearchAction","target":{"@type":"EntryPoint","urlTemplate":"https:\/\/suzanapetre.ro\/home\/?s={search_term_string}"},"query-input":"required name=search_term_string"}],"inLanguage":"ro-RO"},{"@type":"Organization","@id":"https:\/\/suzanapetre.ro\/home\/#organization","name":"suzanapetre.ro","url":"https:\/\/suzanapetre.ro\/home\/","logo":{"@type":"ImageObject","inLanguage":"ro-RO","@id":"https:\/\/suzanapetre.ro\/home\/#\/schema\/logo\/image\/","url":"https:\/\/suzanapetre.ro\/wp-content\/uploads\/2022\/11\/cropped-lart-sublime.png","contentUrl":"https:\/\/suzanapetre.ro\/wp-content\/uploads\/2022\/11\/cropped-lart-sublime.png","width":2706,"height":951,"caption":"suzanapetre.ro"},"image":{"@id":"https:\/\/suzanapetre.ro\/home\/#\/schema\/logo\/image\/"}}]}},"_links":{"self":[{"href":"https:\/\/suzanapetre.ro\/home\/wp-json\/wp\/v2\/product\/2510"}],"collection":[{"href":"https:\/\/suzanapetre.ro\/home\/wp-json\/wp\/v2\/product"}],"about":[{"href":"https:\/\/suzanapetre.ro\/home\/wp-json\/wp\/v2\/types\/product"}],"replies":[{"embeddable":true,"href":"https:\/\/suzanapetre.ro\/home\/wp-json\/wp\/v2\/comments?post=2510"}],"wp:featuredmedia":[{"embeddable":true,"href":"https:\/\/suzanapetre.ro\/home\/wp-json\/wp\/v2\/media\/2511"}],"wp:attachment":[{"href":"https:\/\/suzanapetre.ro\/home\/wp-json\/wp\/v2\/media?parent=2510"}],"wp:term":[{"taxonomy":"product_cat","embeddable":true,"href":"https:\/\/suzanapetre.ro\/home\/wp-json\/wp\/v2\/product_cat?post=2510"},{"taxonomy":"product_tag","embeddable":true,"href":"https:\/\/suzanapetre.ro\/home\/wp-json\/wp\/v2\/product_tag?post=2510"}],"curies":[{"name":"wp","href":"https:\/\/api.w.org\/{rel}","templated":true}]}}