{"id":2513,"date":"2024-04-22T08:07:41","date_gmt":"2024-04-22T08:07:41","guid":{"rendered":"https:\/\/suzanapetre.ro\/home\/?post_type=product&#038;p=2513"},"modified":"2025-05-27T13:44:02","modified_gmt":"2025-05-27T11:44:02","slug":"03-pensula-mare-pentru-aplicare-pudra","status":"publish","type":"product","link":"https:\/\/suzanapetre.ro\/home\/product\/03-pensula-mare-pentru-aplicare-pudra\/","title":{"rendered":"03 Pensul\u0103 mare pentru aplicare pudr\u0103 \u0219i fixare machiaj"},"content":{"rendered":"<ul>\n<li><strong>Forma:<\/strong>&nbsp;Pensula are o form\u0103 mare, av\u00e2nd fibre pufoase \u0219i flexibile. V\u00e2rful acestei pensule este aplatizat, facilit\u00e2nd aplicarea uniform\u0103 a pudrei pe \u00eentreaga fa\u021b\u0103 sau pe anumite zone.<\/li>\n<li><strong>Utilizare:<\/strong> Aceast\u0103 pensul\u0103 este ideal\u0103 pentru aplicarea pudrei \u0219i fixarea machiajului. Datorit\u0103 formei sale \u0219i a v\u00e2rfului aplatizat, poate fi utilizat\u0103 pentru a aplica pudra \u00een zonele mai mari ale fe\u021bei, precum \u0219i pentru a aplica pudra \u00een zonele mai mici \u0219i mai greu accesibile, asigur\u00e2nd un aspect mat uniform \u0219i impecabil.<\/li>\n<li><strong>Fibre Pufoase \u0219i Flexibile:<\/strong> Fibrele pensulei sunt pufoase \u0219i flexibile, oferind o senza\u021bie pl\u0103cut\u0103 la atingere \u0219i asigur\u00e2nd o aplicare delicat\u0103 \u0219i uniform\u0103 a pudrei pe piele.<\/li>\n<\/ul>\n","protected":false},"excerpt":{"rendered":"<p>Cu fibre pufoase \u0219i flexibile, aceast\u0103 pensul\u0103 are un v\u00e2rf aplatizat, permit\u00e2nd aplicarea pudrei \u0219i fixarea machiajuluii, pentru un aspect mat uniform.<\/p>\n<p><strong>Alege calitatea \u0219i performan\u021ba cu pensulele noastre de make-up pentru fa\u021b\u0103 \u0219i descoper\u0103 o experien\u021b\u0103 de machiaj cu adev\u0103rat sublim\u0103!<\/strong><\/p>\n","protected":false},"featured_media":2514,"comment_status":"open","ping_status":"closed","template":"","meta":{"om_disable_all_campaigns":false,"_monsterinsights_skip_tracking":false,"_monsterinsights_sitenote_active":false,"_monsterinsights_sitenote_note":"","_monsterinsights_sitenote_category":0,"site-sidebar-layout":"default","site-content-layout":"default","ast-global-header-display":"","ast-main-header-display":"","ast-hfb-above-header-display":"","ast-hfb-below-header-display":"","ast-hfb-mobile-header-display":"","site-post-title":"","ast-breadcrumbs-content":"","ast-featured-img":"","footer-sml-layout":"","theme-transparent-header-meta":"default","adv-header-id-meta":"","stick-header-meta":"","header-above-stick-meta":"","header-main-stick-meta":"","header-below-stick-meta":"","ngg_post_thumbnail":0},"product_cat":[70,71],"product_tag":[],"yoast_head":"<!-- This site is optimized with the Yoast SEO plugin v20.5 - https:\/\/yoast.com\/wordpress\/plugins\/seo\/ -->\n<title>03 Pensul\u0103 mare pentru aplicare pudr\u0103 \u0219i fixare machiaj - suzanapetre.ro<\/title>\n<meta name=\"robots\" content=\"index, follow, max-snippet:-1, max-image-preview:large, max-video-preview:-1\" \/>\n<link rel=\"canonical\" href=\"https:\/\/suzanapetre.ro\/home\/product\/03-pensula-mare-pentru-aplicare-pudra\/\" \/>\n<meta property=\"og:locale\" content=\"ro_RO\" \/>\n<meta property=\"og:type\" content=\"article\" \/>\n<meta property=\"og:title\" content=\"03 Pensul\u0103 mare pentru aplicare pudr\u0103 \u0219i fixare machiaj - suzanapetre.ro\" \/>\n<meta property=\"og:description\" content=\"Cu fibre pufoase \u0219i flexibile, aceast\u0103 pensul\u0103 are un v\u00e2rf aplatizat, permit\u00e2nd aplicarea pudrei \u0219i fixarea machiajuluii, pentru un aspect mat uniform.  Alege calitatea \u0219i performan\u021ba cu pensulele noastre de make-up pentru fa\u021b\u0103 \u0219i descoper\u0103 o experien\u021b\u0103 de machiaj cu adev\u0103rat sublim\u0103!\" \/>\n<meta property=\"og:url\" content=\"https:\/\/suzanapetre.ro\/home\/product\/03-pensula-mare-pentru-aplicare-pudra\/\" \/>\n<meta property=\"og:site_name\" content=\"suzanapetre.ro\" \/>\n<meta property=\"article:modified_time\" content=\"2025-05-27T11:44:02+00:00\" \/>\n<meta property=\"og:image\" content=\"https:\/\/suzanapetre.ro\/wp-content\/uploads\/2024\/04\/03.png\" \/>\n\t<meta property=\"og:image:width\" content=\"1500\" \/>\n\t<meta property=\"og:image:height\" content=\"1900\" \/>\n\t<meta property=\"og:image:type\" content=\"image\/png\" \/>\n<meta name=\"twitter:card\" content=\"summary_large_image\" \/>\n<meta name=\"twitter:label1\" content=\"Timp estimat pentru citire\" \/>\n\t<meta name=\"twitter:data1\" content=\"1 minut\" \/>\n<script type=\"application\/ld+json\" class=\"yoast-schema-graph\">{\"@context\":\"https:\/\/schema.org\",\"@graph\":[{\"@type\":\"WebPage\",\"@id\":\"https:\/\/suzanapetre.ro\/home\/product\/03-pensula-mare-pentru-aplicare-pudra\/\",\"url\":\"https:\/\/suzanapetre.ro\/home\/product\/03-pensula-mare-pentru-aplicare-pudra\/\",\"name\":\"03 Pensul\u0103 mare pentru aplicare pudr\u0103 \u0219i fixare machiaj - suzanapetre.ro\",\"isPartOf\":{\"@id\":\"https:\/\/suzanapetre.ro\/home\/#website\"},\"datePublished\":\"2024-04-22T08:07:41+00:00\",\"dateModified\":\"2025-05-27T11:44:02+00:00\",\"breadcrumb\":{\"@id\":\"https:\/\/suzanapetre.ro\/home\/product\/03-pensula-mare-pentru-aplicare-pudra\/#breadcrumb\"},\"inLanguage\":\"ro-RO\",\"potentialAction\":[{\"@type\":\"ReadAction\",\"target\":[\"https:\/\/suzanapetre.ro\/home\/product\/03-pensula-mare-pentru-aplicare-pudra\/\"]}]},{\"@type\":\"BreadcrumbList\",\"@id\":\"https:\/\/suzanapetre.ro\/home\/product\/03-pensula-mare-pentru-aplicare-pudra\/#breadcrumb\",\"itemListElement\":[{\"@type\":\"ListItem\",\"position\":1,\"name\":\"Home\",\"item\":\"https:\/\/suzanapetre.ro\/home\/\"},{\"@type\":\"ListItem\",\"position\":2,\"name\":\"Shop\",\"item\":\"https:\/\/suzanapetre.ro\/home\/shop-2\/\"},{\"@type\":\"ListItem\",\"position\":3,\"name\":\"03 Pensul\u0103 mare pentru aplicare pudr\u0103 \u0219i fixare machiaj\"}]},{\"@type\":\"WebSite\",\"@id\":\"https:\/\/suzanapetre.ro\/home\/#website\",\"url\":\"https:\/\/suzanapetre.ro\/home\/\",\"name\":\"suzanapetre.ro\",\"description\":\"machiaj, curs machiaj, pensule machiaj\",\"publisher\":{\"@id\":\"https:\/\/suzanapetre.ro\/home\/#organization\"},\"potentialAction\":[{\"@type\":\"SearchAction\",\"target\":{\"@type\":\"EntryPoint\",\"urlTemplate\":\"https:\/\/suzanapetre.ro\/home\/?s={search_term_string}\"},\"query-input\":\"required name=search_term_string\"}],\"inLanguage\":\"ro-RO\"},{\"@type\":\"Organization\",\"@id\":\"https:\/\/suzanapetre.ro\/home\/#organization\",\"name\":\"suzanapetre.ro\",\"url\":\"https:\/\/suzanapetre.ro\/home\/\",\"logo\":{\"@type\":\"ImageObject\",\"inLanguage\":\"ro-RO\",\"@id\":\"https:\/\/suzanapetre.ro\/home\/#\/schema\/logo\/image\/\",\"url\":\"https:\/\/suzanapetre.ro\/wp-content\/uploads\/2022\/11\/cropped-lart-sublime.png\",\"contentUrl\":\"https:\/\/suzanapetre.ro\/wp-content\/uploads\/2022\/11\/cropped-lart-sublime.png\",\"width\":2706,\"height\":951,\"caption\":\"suzanapetre.ro\"},\"image\":{\"@id\":\"https:\/\/suzanapetre.ro\/home\/#\/schema\/logo\/image\/\"}}]}<\/script>\n<!-- \/ Yoast SEO plugin. -->","yoast_head_json":{"title":"03 Pensul\u0103 mare pentru aplicare pudr\u0103 \u0219i fixare machiaj - suzanapetre.ro","robots":{"index":"index","follow":"follow","max-snippet":"max-snippet:-1","max-image-preview":"max-image-preview:large","max-video-preview":"max-video-preview:-1"},"canonical":"https:\/\/suzanapetre.ro\/home\/product\/03-pensula-mare-pentru-aplicare-pudra\/","og_locale":"ro_RO","og_type":"article","og_title":"03 Pensul\u0103 mare pentru aplicare pudr\u0103 \u0219i fixare machiaj - suzanapetre.ro","og_description":"Cu fibre pufoase \u0219i flexibile, aceast\u0103 pensul\u0103 are un v\u00e2rf aplatizat, permit\u00e2nd aplicarea pudrei \u0219i fixarea machiajuluii, pentru un aspect mat uniform.  Alege calitatea \u0219i performan\u021ba cu pensulele noastre de make-up pentru fa\u021b\u0103 \u0219i descoper\u0103 o experien\u021b\u0103 de machiaj cu adev\u0103rat sublim\u0103!","og_url":"https:\/\/suzanapetre.ro\/home\/product\/03-pensula-mare-pentru-aplicare-pudra\/","og_site_name":"suzanapetre.ro","article_modified_time":"2025-05-27T11:44:02+00:00","og_image":[{"width":1500,"height":1900,"url":"https:\/\/suzanapetre.ro\/wp-content\/uploads\/2024\/04\/03.png","type":"image\/png"}],"twitter_card":"summary_large_image","twitter_misc":{"Timp estimat pentru citire":"1 minut"},"schema":{"@context":"https:\/\/schema.org","@graph":[{"@type":"WebPage","@id":"https:\/\/suzanapetre.ro\/home\/product\/03-pensula-mare-pentru-aplicare-pudra\/","url":"https:\/\/suzanapetre.ro\/home\/product\/03-pensula-mare-pentru-aplicare-pudra\/","name":"03 Pensul\u0103 mare pentru aplicare pudr\u0103 \u0219i fixare machiaj - suzanapetre.ro","isPartOf":{"@id":"https:\/\/suzanapetre.ro\/home\/#website"},"datePublished":"2024-04-22T08:07:41+00:00","dateModified":"2025-05-27T11:44:02+00:00","breadcrumb":{"@id":"https:\/\/suzanapetre.ro\/home\/product\/03-pensula-mare-pentru-aplicare-pudra\/#breadcrumb"},"inLanguage":"ro-RO","potentialAction":[{"@type":"ReadAction","target":["https:\/\/suzanapetre.ro\/home\/product\/03-pensula-mare-pentru-aplicare-pudra\/"]}]},{"@type":"BreadcrumbList","@id":"https:\/\/suzanapetre.ro\/home\/product\/03-pensula-mare-pentru-aplicare-pudra\/#breadcrumb","itemListElement":[{"@type":"ListItem","position":1,"name":"Home","item":"https:\/\/suzanapetre.ro\/home\/"},{"@type":"ListItem","position":2,"name":"Shop","item":"https:\/\/suzanapetre.ro\/home\/shop-2\/"},{"@type":"ListItem","position":3,"name":"03 Pensul\u0103 mare pentru aplicare pudr\u0103 \u0219i fixare machiaj"}]},{"@type":"WebSite","@id":"https:\/\/suzanapetre.ro\/home\/#website","url":"https:\/\/suzanapetre.ro\/home\/","name":"suzanapetre.ro","description":"machiaj, curs machiaj, pensule machiaj","publisher":{"@id":"https:\/\/suzanapetre.ro\/home\/#organization"},"potentialAction":[{"@type":"SearchAction","target":{"@type":"EntryPoint","urlTemplate":"https:\/\/suzanapetre.ro\/home\/?s={search_term_string}"},"query-input":"required name=search_term_string"}],"inLanguage":"ro-RO"},{"@type":"Organization","@id":"https:\/\/suzanapetre.ro\/home\/#organization","name":"suzanapetre.ro","url":"https:\/\/suzanapetre.ro\/home\/","logo":{"@type":"ImageObject","inLanguage":"ro-RO","@id":"https:\/\/suzanapetre.ro\/home\/#\/schema\/logo\/image\/","url":"https:\/\/suzanapetre.ro\/wp-content\/uploads\/2022\/11\/cropped-lart-sublime.png","contentUrl":"https:\/\/suzanapetre.ro\/wp-content\/uploads\/2022\/11\/cropped-lart-sublime.png","width":2706,"height":951,"caption":"suzanapetre.ro"},"image":{"@id":"https:\/\/suzanapetre.ro\/home\/#\/schema\/logo\/image\/"}}]}},"_links":{"self":[{"href":"https:\/\/suzanapetre.ro\/home\/wp-json\/wp\/v2\/product\/2513"}],"collection":[{"href":"https:\/\/suzanapetre.ro\/home\/wp-json\/wp\/v2\/product"}],"about":[{"href":"https:\/\/suzanapetre.ro\/home\/wp-json\/wp\/v2\/types\/product"}],"replies":[{"embeddable":true,"href":"https:\/\/suzanapetre.ro\/home\/wp-json\/wp\/v2\/comments?post=2513"}],"wp:featuredmedia":[{"embeddable":true,"href":"https:\/\/suzanapetre.ro\/home\/wp-json\/wp\/v2\/media\/2514"}],"wp:attachment":[{"href":"https:\/\/suzanapetre.ro\/home\/wp-json\/wp\/v2\/media?parent=2513"}],"wp:term":[{"taxonomy":"product_cat","embeddable":true,"href":"https:\/\/suzanapetre.ro\/home\/wp-json\/wp\/v2\/product_cat?post=2513"},{"taxonomy":"product_tag","embeddable":true,"href":"https:\/\/suzanapetre.ro\/home\/wp-json\/wp\/v2\/product_tag?post=2513"}],"curies":[{"name":"wp","href":"https:\/\/api.w.org\/{rel}","templated":true}]}}