{"id":2516,"date":"2024-04-22T08:25:52","date_gmt":"2024-04-22T08:25:52","guid":{"rendered":"https:\/\/suzanapetre.ro\/home\/?post_type=product&#038;p=2516"},"modified":"2025-06-15T22:08:12","modified_gmt":"2025-06-15T20:08:12","slug":"04-pensula-bullet-pentru-blending-zone-mici","status":"publish","type":"product","link":"https:\/\/suzanapetre.ro\/home\/product\/04-pensula-bullet-pentru-blending-zone-mici\/","title":{"rendered":"04 Pensul\u0103 \u201cBullet\u201d pentru blending zone mici"},"content":{"rendered":"<ul>\n<li><strong>Forma:<\/strong> Pensula are o form\u0103 specific\u0103 de &#8220;Bullet&#8221;, av\u00e2nd un v\u00e2rf ascu\u021bit \u0219i precis. Aceast\u0103 form\u0103 permite o aplicare precis\u0103 \u0219i controlat\u0103 a fardurilor \u00een zonele mai mici \u0219i greu accesibile ale fe\u021bei.<\/li>\n<li><strong>Utilizare:<\/strong> Pensula &#8220;Bullet&#8221; este ideal\u0103 pentru blending-ul precis \u0219i detaliat al fardurilor \u00een <strong>zonele mici, precum pliul pleoapei, col\u021burile interioare ale ochilor sau linia genelor inferioare.<\/strong> V\u00e2rful ascu\u021bit al pensulei permite estomparea precis\u0103 a culorilor \u0219i crearea unor tranzi\u021bii fluide \u00eentre diferite nuan\u021be de farduri.<\/li>\n<li><strong>Tranzi\u021bii Fluide \u0219i Profesionale:<\/strong> Datorit\u0103 formei \u0219i designului s\u0103u, pensula &#8220;Bullet&#8221; este perfect\u0103 pentru a crea tranzi\u021bii fluide \u0219i profesionale \u00eentre culori, ob\u021bin\u00e2nd astfel un machiaj impecabil \u0219i bine definit.<\/li>\n<\/ul>\n","protected":false},"excerpt":{"rendered":"<p>Cu form\u0103 ascu\u021bit\u0103, aceast\u0103 pensul\u0103 este ideal\u0103 pentru blending-ul precis \u00een zonele mici \u0219i greu accesibile, asigur\u00e2nd tranzi\u021bii fluide \u00eentre culori.<\/p>\n<p><strong>Alege calitatea \u0219i performan\u021ba cu pensulele noastre de make-up pentru fa\u021b\u0103 \u0219i descoper\u0103 o experien\u021b\u0103 de machiaj cu adev\u0103rat sublim\u0103!<\/strong><\/p>\n","protected":false},"featured_media":2517,"comment_status":"open","ping_status":"closed","template":"","meta":{"om_disable_all_campaigns":false,"_monsterinsights_skip_tracking":false,"_monsterinsights_sitenote_active":false,"_monsterinsights_sitenote_note":"","_monsterinsights_sitenote_category":0,"site-sidebar-layout":"default","site-content-layout":"default","ast-global-header-display":"","ast-main-header-display":"","ast-hfb-above-header-display":"","ast-hfb-below-header-display":"","ast-hfb-mobile-header-display":"","site-post-title":"","ast-breadcrumbs-content":"","ast-featured-img":"","footer-sml-layout":"","theme-transparent-header-meta":"default","adv-header-id-meta":"","stick-header-meta":"","header-above-stick-meta":"","header-main-stick-meta":"","header-below-stick-meta":"","ngg_post_thumbnail":0},"product_cat":[70,71],"product_tag":[],"yoast_head":"<!-- This site is optimized with the Yoast SEO plugin v20.5 - https:\/\/yoast.com\/wordpress\/plugins\/seo\/ -->\n<title>04 Pensul\u0103 \u201cBullet\u201d pentru blending zone mici - suzanapetre.ro<\/title>\n<meta name=\"robots\" content=\"index, follow, max-snippet:-1, max-image-preview:large, max-video-preview:-1\" \/>\n<link rel=\"canonical\" href=\"https:\/\/suzanapetre.ro\/home\/product\/04-pensula-bullet-pentru-blending-zone-mici\/\" \/>\n<meta property=\"og:locale\" content=\"ro_RO\" \/>\n<meta property=\"og:type\" content=\"article\" \/>\n<meta property=\"og:title\" content=\"04 Pensul\u0103 \u201cBullet\u201d pentru blending zone mici - suzanapetre.ro\" \/>\n<meta property=\"og:description\" content=\"Cu form\u0103 ascu\u021bit\u0103, aceast\u0103 pensul\u0103 este ideal\u0103 pentru blending-ul precis \u00een zonele mici \u0219i greu accesibile, asigur\u00e2nd tranzi\u021bii fluide \u00eentre culori.  Alege calitatea \u0219i performan\u021ba cu pensulele noastre de make-up pentru fa\u021b\u0103 \u0219i descoper\u0103 o experien\u021b\u0103 de machiaj cu adev\u0103rat sublim\u0103!\" \/>\n<meta property=\"og:url\" content=\"https:\/\/suzanapetre.ro\/home\/product\/04-pensula-bullet-pentru-blending-zone-mici\/\" \/>\n<meta property=\"og:site_name\" content=\"suzanapetre.ro\" \/>\n<meta property=\"article:modified_time\" content=\"2025-06-15T20:08:12+00:00\" \/>\n<meta property=\"og:image\" content=\"https:\/\/suzanapetre.ro\/wp-content\/uploads\/2024\/04\/04_4.png\" \/>\n\t<meta property=\"og:image:width\" content=\"1500\" \/>\n\t<meta property=\"og:image:height\" content=\"1900\" \/>\n\t<meta property=\"og:image:type\" content=\"image\/png\" \/>\n<meta name=\"twitter:card\" content=\"summary_large_image\" \/>\n<meta name=\"twitter:label1\" content=\"Timp estimat pentru citire\" \/>\n\t<meta name=\"twitter:data1\" content=\"1 minut\" \/>\n<script type=\"application\/ld+json\" class=\"yoast-schema-graph\">{\"@context\":\"https:\/\/schema.org\",\"@graph\":[{\"@type\":\"WebPage\",\"@id\":\"https:\/\/suzanapetre.ro\/home\/product\/04-pensula-bullet-pentru-blending-zone-mici\/\",\"url\":\"https:\/\/suzanapetre.ro\/home\/product\/04-pensula-bullet-pentru-blending-zone-mici\/\",\"name\":\"04 Pensul\u0103 \u201cBullet\u201d pentru blending zone mici - suzanapetre.ro\",\"isPartOf\":{\"@id\":\"https:\/\/suzanapetre.ro\/home\/#website\"},\"datePublished\":\"2024-04-22T08:25:52+00:00\",\"dateModified\":\"2025-06-15T20:08:12+00:00\",\"breadcrumb\":{\"@id\":\"https:\/\/suzanapetre.ro\/home\/product\/04-pensula-bullet-pentru-blending-zone-mici\/#breadcrumb\"},\"inLanguage\":\"ro-RO\",\"potentialAction\":[{\"@type\":\"ReadAction\",\"target\":[\"https:\/\/suzanapetre.ro\/home\/product\/04-pensula-bullet-pentru-blending-zone-mici\/\"]}]},{\"@type\":\"BreadcrumbList\",\"@id\":\"https:\/\/suzanapetre.ro\/home\/product\/04-pensula-bullet-pentru-blending-zone-mici\/#breadcrumb\",\"itemListElement\":[{\"@type\":\"ListItem\",\"position\":1,\"name\":\"Home\",\"item\":\"https:\/\/suzanapetre.ro\/home\/\"},{\"@type\":\"ListItem\",\"position\":2,\"name\":\"Shop\",\"item\":\"https:\/\/suzanapetre.ro\/home\/shop-2\/\"},{\"@type\":\"ListItem\",\"position\":3,\"name\":\"04 Pensul\u0103 \u201cBullet\u201d pentru blending zone mici\"}]},{\"@type\":\"WebSite\",\"@id\":\"https:\/\/suzanapetre.ro\/home\/#website\",\"url\":\"https:\/\/suzanapetre.ro\/home\/\",\"name\":\"suzanapetre.ro\",\"description\":\"machiaj, curs machiaj, pensule machiaj\",\"publisher\":{\"@id\":\"https:\/\/suzanapetre.ro\/home\/#organization\"},\"potentialAction\":[{\"@type\":\"SearchAction\",\"target\":{\"@type\":\"EntryPoint\",\"urlTemplate\":\"https:\/\/suzanapetre.ro\/home\/?s={search_term_string}\"},\"query-input\":\"required name=search_term_string\"}],\"inLanguage\":\"ro-RO\"},{\"@type\":\"Organization\",\"@id\":\"https:\/\/suzanapetre.ro\/home\/#organization\",\"name\":\"suzanapetre.ro\",\"url\":\"https:\/\/suzanapetre.ro\/home\/\",\"logo\":{\"@type\":\"ImageObject\",\"inLanguage\":\"ro-RO\",\"@id\":\"https:\/\/suzanapetre.ro\/home\/#\/schema\/logo\/image\/\",\"url\":\"https:\/\/suzanapetre.ro\/wp-content\/uploads\/2022\/11\/cropped-lart-sublime.png\",\"contentUrl\":\"https:\/\/suzanapetre.ro\/wp-content\/uploads\/2022\/11\/cropped-lart-sublime.png\",\"width\":2706,\"height\":951,\"caption\":\"suzanapetre.ro\"},\"image\":{\"@id\":\"https:\/\/suzanapetre.ro\/home\/#\/schema\/logo\/image\/\"}}]}<\/script>\n<!-- \/ Yoast SEO plugin. -->","yoast_head_json":{"title":"04 Pensul\u0103 \u201cBullet\u201d pentru blending zone mici - suzanapetre.ro","robots":{"index":"index","follow":"follow","max-snippet":"max-snippet:-1","max-image-preview":"max-image-preview:large","max-video-preview":"max-video-preview:-1"},"canonical":"https:\/\/suzanapetre.ro\/home\/product\/04-pensula-bullet-pentru-blending-zone-mici\/","og_locale":"ro_RO","og_type":"article","og_title":"04 Pensul\u0103 \u201cBullet\u201d pentru blending zone mici - suzanapetre.ro","og_description":"Cu form\u0103 ascu\u021bit\u0103, aceast\u0103 pensul\u0103 este ideal\u0103 pentru blending-ul precis \u00een zonele mici \u0219i greu accesibile, asigur\u00e2nd tranzi\u021bii fluide \u00eentre culori.  Alege calitatea \u0219i performan\u021ba cu pensulele noastre de make-up pentru fa\u021b\u0103 \u0219i descoper\u0103 o experien\u021b\u0103 de machiaj cu adev\u0103rat sublim\u0103!","og_url":"https:\/\/suzanapetre.ro\/home\/product\/04-pensula-bullet-pentru-blending-zone-mici\/","og_site_name":"suzanapetre.ro","article_modified_time":"2025-06-15T20:08:12+00:00","og_image":[{"width":1500,"height":1900,"url":"https:\/\/suzanapetre.ro\/wp-content\/uploads\/2024\/04\/04_4.png","type":"image\/png"}],"twitter_card":"summary_large_image","twitter_misc":{"Timp estimat pentru citire":"1 minut"},"schema":{"@context":"https:\/\/schema.org","@graph":[{"@type":"WebPage","@id":"https:\/\/suzanapetre.ro\/home\/product\/04-pensula-bullet-pentru-blending-zone-mici\/","url":"https:\/\/suzanapetre.ro\/home\/product\/04-pensula-bullet-pentru-blending-zone-mici\/","name":"04 Pensul\u0103 \u201cBullet\u201d pentru blending zone mici - suzanapetre.ro","isPartOf":{"@id":"https:\/\/suzanapetre.ro\/home\/#website"},"datePublished":"2024-04-22T08:25:52+00:00","dateModified":"2025-06-15T20:08:12+00:00","breadcrumb":{"@id":"https:\/\/suzanapetre.ro\/home\/product\/04-pensula-bullet-pentru-blending-zone-mici\/#breadcrumb"},"inLanguage":"ro-RO","potentialAction":[{"@type":"ReadAction","target":["https:\/\/suzanapetre.ro\/home\/product\/04-pensula-bullet-pentru-blending-zone-mici\/"]}]},{"@type":"BreadcrumbList","@id":"https:\/\/suzanapetre.ro\/home\/product\/04-pensula-bullet-pentru-blending-zone-mici\/#breadcrumb","itemListElement":[{"@type":"ListItem","position":1,"name":"Home","item":"https:\/\/suzanapetre.ro\/home\/"},{"@type":"ListItem","position":2,"name":"Shop","item":"https:\/\/suzanapetre.ro\/home\/shop-2\/"},{"@type":"ListItem","position":3,"name":"04 Pensul\u0103 \u201cBullet\u201d pentru blending zone mici"}]},{"@type":"WebSite","@id":"https:\/\/suzanapetre.ro\/home\/#website","url":"https:\/\/suzanapetre.ro\/home\/","name":"suzanapetre.ro","description":"machiaj, curs machiaj, pensule machiaj","publisher":{"@id":"https:\/\/suzanapetre.ro\/home\/#organization"},"potentialAction":[{"@type":"SearchAction","target":{"@type":"EntryPoint","urlTemplate":"https:\/\/suzanapetre.ro\/home\/?s={search_term_string}"},"query-input":"required name=search_term_string"}],"inLanguage":"ro-RO"},{"@type":"Organization","@id":"https:\/\/suzanapetre.ro\/home\/#organization","name":"suzanapetre.ro","url":"https:\/\/suzanapetre.ro\/home\/","logo":{"@type":"ImageObject","inLanguage":"ro-RO","@id":"https:\/\/suzanapetre.ro\/home\/#\/schema\/logo\/image\/","url":"https:\/\/suzanapetre.ro\/wp-content\/uploads\/2022\/11\/cropped-lart-sublime.png","contentUrl":"https:\/\/suzanapetre.ro\/wp-content\/uploads\/2022\/11\/cropped-lart-sublime.png","width":2706,"height":951,"caption":"suzanapetre.ro"},"image":{"@id":"https:\/\/suzanapetre.ro\/home\/#\/schema\/logo\/image\/"}}]}},"_links":{"self":[{"href":"https:\/\/suzanapetre.ro\/home\/wp-json\/wp\/v2\/product\/2516"}],"collection":[{"href":"https:\/\/suzanapetre.ro\/home\/wp-json\/wp\/v2\/product"}],"about":[{"href":"https:\/\/suzanapetre.ro\/home\/wp-json\/wp\/v2\/types\/product"}],"replies":[{"embeddable":true,"href":"https:\/\/suzanapetre.ro\/home\/wp-json\/wp\/v2\/comments?post=2516"}],"wp:featuredmedia":[{"embeddable":true,"href":"https:\/\/suzanapetre.ro\/home\/wp-json\/wp\/v2\/media\/2517"}],"wp:attachment":[{"href":"https:\/\/suzanapetre.ro\/home\/wp-json\/wp\/v2\/media?parent=2516"}],"wp:term":[{"taxonomy":"product_cat","embeddable":true,"href":"https:\/\/suzanapetre.ro\/home\/wp-json\/wp\/v2\/product_cat?post=2516"},{"taxonomy":"product_tag","embeddable":true,"href":"https:\/\/suzanapetre.ro\/home\/wp-json\/wp\/v2\/product_tag?post=2516"}],"curies":[{"name":"wp","href":"https:\/\/api.w.org\/{rel}","templated":true}]}}