{"id":2522,"date":"2024-04-22T08:45:59","date_gmt":"2024-04-22T08:45:59","guid":{"rendered":"https:\/\/suzanapetre.ro\/home\/?post_type=product&#038;p=2522"},"modified":"2025-06-24T12:16:15","modified_gmt":"2025-06-24T10:16:15","slug":"06-pensula-ovala-si-pufoasa-pentru-aplicare-si-estompare","status":"publish","type":"product","link":"https:\/\/suzanapetre.ro\/home\/product\/06-pensula-ovala-si-pufoasa-pentru-aplicare-si-estompare\/","title":{"rendered":"06 Pensul\u0103 \u00een form\u0103 de flac\u0103r\u0103 pentru blending"},"content":{"rendered":"<ul>\n<li><strong>Forma:<\/strong> Pensula are o form\u0103 distinctiv\u0103 \u00een form\u0103 de flac\u0103r\u0103, cu o extremitate mai larg\u0103 \u0219i un v\u00e2rf ascu\u021bit. Aceast\u0103 form\u0103 special\u0103 permite o aplicare uniform\u0103 \u0219i controlat\u0103 a fardurilor, asigur\u00e2nd un efect de blending natural \u0219i armonios.<\/li>\n<li><strong>Utilizare:<\/strong> Pensula \u00een form\u0103 de flac\u0103r\u0103 este conceput\u0103 pentru estomparea culorilor \u0219i amestecarea lor cu u\u0219urin\u021b\u0103 pe pleoapele tale. Poate fi folosit\u0103 pentru a aplica \u0219i estompa fardurile de ochi, cre\u00e2nd tranzi\u021bii netede \u0219i perfecte \u00eentre culori pentru un aspect final uniform \u0219i natural.<\/li>\n<li><strong>Efect de Blending Uniform \u0219i Natural:<\/strong> Datorit\u0103 formei sale unice \u0219i a fibrelor moi \u0219i flexibile, aceast\u0103 pensul\u0103 ofer\u0103 un efect de blending uniform \u0219i natural, f\u0103r\u0103 cusur. Fie c\u0103 dore\u0219ti un machiaj de zi cu zi sau un look mai sofisticat \u0219i dramatic, pensula \u00een form\u0103 de flac\u0103r\u0103 \u00ee\u021bi va permite s\u0103 ob\u021bii rezultate profesionale \u00een fiecare utilizare.<\/li>\n<\/ul>\n","protected":false},"excerpt":{"rendered":"<p>Conceput\u0103 pentru estomparea culorilor \u0219i amestecarea lor cu u\u0219urin\u021b\u0103, aceast\u0103 pensul\u0103 ofer\u0103 un efect de blending uniform \u0219i natural.<\/p>\n<p><strong>Alege calitatea \u0219i performan\u021ba cu pensulele noastre de make-up pentru fa\u021b\u0103 \u0219i descoper\u0103 o experien\u021b\u0103 de machiaj cu adev\u0103rat sublim\u0103!<\/strong><\/p>\n","protected":false},"featured_media":2523,"comment_status":"open","ping_status":"closed","template":"","meta":{"om_disable_all_campaigns":false,"_monsterinsights_skip_tracking":false,"_monsterinsights_sitenote_active":false,"_monsterinsights_sitenote_note":"","_monsterinsights_sitenote_category":0,"site-sidebar-layout":"default","site-content-layout":"default","ast-global-header-display":"","ast-main-header-display":"","ast-hfb-above-header-display":"","ast-hfb-below-header-display":"","ast-hfb-mobile-header-display":"","site-post-title":"","ast-breadcrumbs-content":"","ast-featured-img":"","footer-sml-layout":"","theme-transparent-header-meta":"default","adv-header-id-meta":"","stick-header-meta":"","header-above-stick-meta":"","header-main-stick-meta":"","header-below-stick-meta":"","ngg_post_thumbnail":0},"product_cat":[70,71],"product_tag":[],"yoast_head":"<!-- This site is optimized with the Yoast SEO plugin v20.5 - https:\/\/yoast.com\/wordpress\/plugins\/seo\/ -->\n<title>06 Pensul\u0103 \u00een form\u0103 de flac\u0103r\u0103 pentru blending - suzanapetre.ro<\/title>\n<meta name=\"robots\" content=\"index, follow, max-snippet:-1, max-image-preview:large, max-video-preview:-1\" \/>\n<link rel=\"canonical\" href=\"https:\/\/suzanapetre.ro\/home\/product\/06-pensula-ovala-si-pufoasa-pentru-aplicare-si-estompare\/\" \/>\n<meta property=\"og:locale\" content=\"ro_RO\" \/>\n<meta property=\"og:type\" content=\"article\" \/>\n<meta property=\"og:title\" content=\"06 Pensul\u0103 \u00een form\u0103 de flac\u0103r\u0103 pentru blending - suzanapetre.ro\" \/>\n<meta property=\"og:description\" content=\"Conceput\u0103 pentru estomparea culorilor \u0219i amestecarea lor cu u\u0219urin\u021b\u0103, aceast\u0103 pensul\u0103 ofer\u0103 un efect de blending uniform \u0219i natural.  Alege calitatea \u0219i performan\u021ba cu pensulele noastre de make-up pentru fa\u021b\u0103 \u0219i descoper\u0103 o experien\u021b\u0103 de machiaj cu adev\u0103rat sublim\u0103!\" \/>\n<meta property=\"og:url\" content=\"https:\/\/suzanapetre.ro\/home\/product\/06-pensula-ovala-si-pufoasa-pentru-aplicare-si-estompare\/\" \/>\n<meta property=\"og:site_name\" content=\"suzanapetre.ro\" \/>\n<meta property=\"article:modified_time\" content=\"2025-06-24T10:16:15+00:00\" \/>\n<meta property=\"og:image\" content=\"https:\/\/suzanapetre.ro\/wp-content\/uploads\/2024\/04\/06.png\" \/>\n\t<meta property=\"og:image:width\" content=\"1500\" \/>\n\t<meta property=\"og:image:height\" content=\"1900\" \/>\n\t<meta property=\"og:image:type\" content=\"image\/png\" \/>\n<meta name=\"twitter:card\" content=\"summary_large_image\" \/>\n<meta name=\"twitter:label1\" content=\"Timp estimat pentru citire\" \/>\n\t<meta name=\"twitter:data1\" content=\"1 minut\" \/>\n<script type=\"application\/ld+json\" class=\"yoast-schema-graph\">{\"@context\":\"https:\/\/schema.org\",\"@graph\":[{\"@type\":\"WebPage\",\"@id\":\"https:\/\/suzanapetre.ro\/home\/product\/06-pensula-ovala-si-pufoasa-pentru-aplicare-si-estompare\/\",\"url\":\"https:\/\/suzanapetre.ro\/home\/product\/06-pensula-ovala-si-pufoasa-pentru-aplicare-si-estompare\/\",\"name\":\"06 Pensul\u0103 \u00een form\u0103 de flac\u0103r\u0103 pentru blending - suzanapetre.ro\",\"isPartOf\":{\"@id\":\"https:\/\/suzanapetre.ro\/home\/#website\"},\"datePublished\":\"2024-04-22T08:45:59+00:00\",\"dateModified\":\"2025-06-24T10:16:15+00:00\",\"breadcrumb\":{\"@id\":\"https:\/\/suzanapetre.ro\/home\/product\/06-pensula-ovala-si-pufoasa-pentru-aplicare-si-estompare\/#breadcrumb\"},\"inLanguage\":\"ro-RO\",\"potentialAction\":[{\"@type\":\"ReadAction\",\"target\":[\"https:\/\/suzanapetre.ro\/home\/product\/06-pensula-ovala-si-pufoasa-pentru-aplicare-si-estompare\/\"]}]},{\"@type\":\"BreadcrumbList\",\"@id\":\"https:\/\/suzanapetre.ro\/home\/product\/06-pensula-ovala-si-pufoasa-pentru-aplicare-si-estompare\/#breadcrumb\",\"itemListElement\":[{\"@type\":\"ListItem\",\"position\":1,\"name\":\"Home\",\"item\":\"https:\/\/suzanapetre.ro\/home\/\"},{\"@type\":\"ListItem\",\"position\":2,\"name\":\"Shop\",\"item\":\"https:\/\/suzanapetre.ro\/home\/shop-2\/\"},{\"@type\":\"ListItem\",\"position\":3,\"name\":\"06 Pensul\u0103 \u00een form\u0103 de flac\u0103r\u0103 pentru blending\"}]},{\"@type\":\"WebSite\",\"@id\":\"https:\/\/suzanapetre.ro\/home\/#website\",\"url\":\"https:\/\/suzanapetre.ro\/home\/\",\"name\":\"suzanapetre.ro\",\"description\":\"machiaj, curs machiaj, pensule machiaj\",\"publisher\":{\"@id\":\"https:\/\/suzanapetre.ro\/home\/#organization\"},\"potentialAction\":[{\"@type\":\"SearchAction\",\"target\":{\"@type\":\"EntryPoint\",\"urlTemplate\":\"https:\/\/suzanapetre.ro\/home\/?s={search_term_string}\"},\"query-input\":\"required name=search_term_string\"}],\"inLanguage\":\"ro-RO\"},{\"@type\":\"Organization\",\"@id\":\"https:\/\/suzanapetre.ro\/home\/#organization\",\"name\":\"suzanapetre.ro\",\"url\":\"https:\/\/suzanapetre.ro\/home\/\",\"logo\":{\"@type\":\"ImageObject\",\"inLanguage\":\"ro-RO\",\"@id\":\"https:\/\/suzanapetre.ro\/home\/#\/schema\/logo\/image\/\",\"url\":\"https:\/\/suzanapetre.ro\/wp-content\/uploads\/2022\/11\/cropped-lart-sublime.png\",\"contentUrl\":\"https:\/\/suzanapetre.ro\/wp-content\/uploads\/2022\/11\/cropped-lart-sublime.png\",\"width\":2706,\"height\":951,\"caption\":\"suzanapetre.ro\"},\"image\":{\"@id\":\"https:\/\/suzanapetre.ro\/home\/#\/schema\/logo\/image\/\"}}]}<\/script>\n<!-- \/ Yoast SEO plugin. -->","yoast_head_json":{"title":"06 Pensul\u0103 \u00een form\u0103 de flac\u0103r\u0103 pentru blending - suzanapetre.ro","robots":{"index":"index","follow":"follow","max-snippet":"max-snippet:-1","max-image-preview":"max-image-preview:large","max-video-preview":"max-video-preview:-1"},"canonical":"https:\/\/suzanapetre.ro\/home\/product\/06-pensula-ovala-si-pufoasa-pentru-aplicare-si-estompare\/","og_locale":"ro_RO","og_type":"article","og_title":"06 Pensul\u0103 \u00een form\u0103 de flac\u0103r\u0103 pentru blending - suzanapetre.ro","og_description":"Conceput\u0103 pentru estomparea culorilor \u0219i amestecarea lor cu u\u0219urin\u021b\u0103, aceast\u0103 pensul\u0103 ofer\u0103 un efect de blending uniform \u0219i natural.  Alege calitatea \u0219i performan\u021ba cu pensulele noastre de make-up pentru fa\u021b\u0103 \u0219i descoper\u0103 o experien\u021b\u0103 de machiaj cu adev\u0103rat sublim\u0103!","og_url":"https:\/\/suzanapetre.ro\/home\/product\/06-pensula-ovala-si-pufoasa-pentru-aplicare-si-estompare\/","og_site_name":"suzanapetre.ro","article_modified_time":"2025-06-24T10:16:15+00:00","og_image":[{"width":1500,"height":1900,"url":"https:\/\/suzanapetre.ro\/wp-content\/uploads\/2024\/04\/06.png","type":"image\/png"}],"twitter_card":"summary_large_image","twitter_misc":{"Timp estimat pentru citire":"1 minut"},"schema":{"@context":"https:\/\/schema.org","@graph":[{"@type":"WebPage","@id":"https:\/\/suzanapetre.ro\/home\/product\/06-pensula-ovala-si-pufoasa-pentru-aplicare-si-estompare\/","url":"https:\/\/suzanapetre.ro\/home\/product\/06-pensula-ovala-si-pufoasa-pentru-aplicare-si-estompare\/","name":"06 Pensul\u0103 \u00een form\u0103 de flac\u0103r\u0103 pentru blending - suzanapetre.ro","isPartOf":{"@id":"https:\/\/suzanapetre.ro\/home\/#website"},"datePublished":"2024-04-22T08:45:59+00:00","dateModified":"2025-06-24T10:16:15+00:00","breadcrumb":{"@id":"https:\/\/suzanapetre.ro\/home\/product\/06-pensula-ovala-si-pufoasa-pentru-aplicare-si-estompare\/#breadcrumb"},"inLanguage":"ro-RO","potentialAction":[{"@type":"ReadAction","target":["https:\/\/suzanapetre.ro\/home\/product\/06-pensula-ovala-si-pufoasa-pentru-aplicare-si-estompare\/"]}]},{"@type":"BreadcrumbList","@id":"https:\/\/suzanapetre.ro\/home\/product\/06-pensula-ovala-si-pufoasa-pentru-aplicare-si-estompare\/#breadcrumb","itemListElement":[{"@type":"ListItem","position":1,"name":"Home","item":"https:\/\/suzanapetre.ro\/home\/"},{"@type":"ListItem","position":2,"name":"Shop","item":"https:\/\/suzanapetre.ro\/home\/shop-2\/"},{"@type":"ListItem","position":3,"name":"06 Pensul\u0103 \u00een form\u0103 de flac\u0103r\u0103 pentru blending"}]},{"@type":"WebSite","@id":"https:\/\/suzanapetre.ro\/home\/#website","url":"https:\/\/suzanapetre.ro\/home\/","name":"suzanapetre.ro","description":"machiaj, curs machiaj, pensule machiaj","publisher":{"@id":"https:\/\/suzanapetre.ro\/home\/#organization"},"potentialAction":[{"@type":"SearchAction","target":{"@type":"EntryPoint","urlTemplate":"https:\/\/suzanapetre.ro\/home\/?s={search_term_string}"},"query-input":"required name=search_term_string"}],"inLanguage":"ro-RO"},{"@type":"Organization","@id":"https:\/\/suzanapetre.ro\/home\/#organization","name":"suzanapetre.ro","url":"https:\/\/suzanapetre.ro\/home\/","logo":{"@type":"ImageObject","inLanguage":"ro-RO","@id":"https:\/\/suzanapetre.ro\/home\/#\/schema\/logo\/image\/","url":"https:\/\/suzanapetre.ro\/wp-content\/uploads\/2022\/11\/cropped-lart-sublime.png","contentUrl":"https:\/\/suzanapetre.ro\/wp-content\/uploads\/2022\/11\/cropped-lart-sublime.png","width":2706,"height":951,"caption":"suzanapetre.ro"},"image":{"@id":"https:\/\/suzanapetre.ro\/home\/#\/schema\/logo\/image\/"}}]}},"_links":{"self":[{"href":"https:\/\/suzanapetre.ro\/home\/wp-json\/wp\/v2\/product\/2522"}],"collection":[{"href":"https:\/\/suzanapetre.ro\/home\/wp-json\/wp\/v2\/product"}],"about":[{"href":"https:\/\/suzanapetre.ro\/home\/wp-json\/wp\/v2\/types\/product"}],"replies":[{"embeddable":true,"href":"https:\/\/suzanapetre.ro\/home\/wp-json\/wp\/v2\/comments?post=2522"}],"wp:featuredmedia":[{"embeddable":true,"href":"https:\/\/suzanapetre.ro\/home\/wp-json\/wp\/v2\/media\/2523"}],"wp:attachment":[{"href":"https:\/\/suzanapetre.ro\/home\/wp-json\/wp\/v2\/media?parent=2522"}],"wp:term":[{"taxonomy":"product_cat","embeddable":true,"href":"https:\/\/suzanapetre.ro\/home\/wp-json\/wp\/v2\/product_cat?post=2522"},{"taxonomy":"product_tag","embeddable":true,"href":"https:\/\/suzanapetre.ro\/home\/wp-json\/wp\/v2\/product_tag?post=2522"}],"curies":[{"name":"wp","href":"https:\/\/api.w.org\/{rel}","templated":true}]}}