{"id":2530,"date":"2024-04-22T09:06:31","date_gmt":"2024-04-22T09:06:31","guid":{"rendered":"https:\/\/suzanapetre.ro\/home\/?post_type=product&#038;p=2530"},"modified":"2024-12-13T12:58:39","modified_gmt":"2024-12-13T10:58:39","slug":"10-pensula-pufoasa-pentru-conturul-fetei","status":"publish","type":"product","link":"https:\/\/suzanapetre.ro\/home\/product\/10-pensula-pufoasa-pentru-conturul-fetei\/","title":{"rendered":"10 Pensul\u0103 pufoas\u0103 pentru conturul fe\u021bei"},"content":{"rendered":"<ul>\n<li><strong>Forma:<\/strong> Pensula are o form\u0103 pufoas\u0103, cu fibre moi \u0219i dens dispuse pentru a asigura o aplicare uniform\u0103 a produsului de contur. Designul s\u0103u ergonomic se adapteaz\u0103 perfect la formele fe\u021bei, permi\u021b\u00e2nd o aplicare precis\u0103 \u0219i controlat\u0103.<\/li>\n<li><strong>Utilizare:<\/strong> Pensula pufoas\u0103 pentru conturing este ideal\u0103 pentru aplicarea conturului \u00een texturi cremoase sau uscate. Poate fi folosit\u0103 pentru a defini \u0219i contura pome\u021bii, linia maxilarului \u0219i alte zone ale fe\u021bei, eviden\u021biind frumuse\u021bea \u0219i structura acesteia.<\/li>\n<li><strong>Acoperire Uniform\u0103 \u0219i Natural\u0103:<\/strong> Datorit\u0103 formei \u0219i densit\u0103\u021bii sale, aceast\u0103 pensul\u0103 asigur\u0103 o acoperire uniform\u0103 \u0219i natural\u0103 a produsului de contur. Fibrele moi \u0219i pufoase permit o aplicare delicat\u0103 \u0219i f\u0103r\u0103 efort, iar designul ergonomic al pensulei permite un contur precis \u0219i bine definit.<\/li>\n<\/ul>\n","protected":false},"excerpt":{"rendered":"<p>Forma: Pensula are o form\u0103 pufoas\u0103, cu fibre moi \u0219i dens dispuse pentru a asigura o aplicare uniform\u0103 a produsului de contur. Designul s\u0103u ergonomic se adapteaz\u0103 perfect la formele fe\u021bei, permi\u021b\u00e2nd o aplicare precis\u0103 \u0219i controlat\u0103. Utilizare: Pensula pufoas\u0103 pentru conturing este ideal\u0103 pentru aplicarea conturului \u00een texturi cremoase sau uscate. Poate fi folosit\u0103 &hellip;<\/p>\n<p class=\"read-more\"> <a class=\"\" href=\"https:\/\/suzanapetre.ro\/home\/product\/10-pensula-pufoasa-pentru-conturul-fetei\/\"> <span class=\"screen-reader-text\">10 Pensul\u0103 pufoas\u0103 pentru conturul fe\u021bei<\/span> Read More &raquo;<\/a><\/p>\n","protected":false},"featured_media":2531,"comment_status":"open","ping_status":"closed","template":"","meta":{"om_disable_all_campaigns":false,"_monsterinsights_skip_tracking":false,"_monsterinsights_sitenote_active":false,"_monsterinsights_sitenote_note":"","_monsterinsights_sitenote_category":0,"site-sidebar-layout":"default","site-content-layout":"default","ast-global-header-display":"","ast-main-header-display":"","ast-hfb-above-header-display":"","ast-hfb-below-header-display":"","ast-hfb-mobile-header-display":"","site-post-title":"","ast-breadcrumbs-content":"","ast-featured-img":"","footer-sml-layout":"","theme-transparent-header-meta":"default","adv-header-id-meta":"","stick-header-meta":"","header-above-stick-meta":"","header-main-stick-meta":"","header-below-stick-meta":"","ngg_post_thumbnail":0},"product_cat":[70,71],"product_tag":[],"yoast_head":"<!-- This site is optimized with the Yoast SEO plugin v20.5 - https:\/\/yoast.com\/wordpress\/plugins\/seo\/ -->\n<title>10 Pensul\u0103 pufoas\u0103 pentru conturul fe\u021bei - suzanapetre.ro<\/title>\n<meta name=\"robots\" content=\"index, follow, max-snippet:-1, max-image-preview:large, max-video-preview:-1\" \/>\n<link rel=\"canonical\" href=\"https:\/\/suzanapetre.ro\/home\/product\/10-pensula-pufoasa-pentru-conturul-fetei\/\" \/>\n<meta property=\"og:locale\" content=\"ro_RO\" \/>\n<meta property=\"og:type\" content=\"article\" \/>\n<meta property=\"og:title\" content=\"10 Pensul\u0103 pufoas\u0103 pentru conturul fe\u021bei - suzanapetre.ro\" \/>\n<meta property=\"og:description\" content=\"Forma: Pensula are o form\u0103 pufoas\u0103, cu fibre moi \u0219i dens dispuse pentru a asigura o aplicare uniform\u0103 a produsului de contur. Designul s\u0103u ergonomic se adapteaz\u0103 perfect la formele fe\u021bei, permi\u021b\u00e2nd o aplicare precis\u0103 \u0219i controlat\u0103. Utilizare: Pensula pufoas\u0103 pentru conturing este ideal\u0103 pentru aplicarea conturului \u00een texturi cremoase sau uscate. Poate fi folosit\u0103 &hellip; 10 Pensul\u0103 pufoas\u0103 pentru conturul fe\u021bei Read More &raquo;\" \/>\n<meta property=\"og:url\" content=\"https:\/\/suzanapetre.ro\/home\/product\/10-pensula-pufoasa-pentru-conturul-fetei\/\" \/>\n<meta property=\"og:site_name\" content=\"suzanapetre.ro\" \/>\n<meta property=\"article:modified_time\" content=\"2024-12-13T10:58:39+00:00\" \/>\n<meta property=\"og:image\" content=\"https:\/\/suzanapetre.ro\/wp-content\/uploads\/2024\/04\/10.png\" \/>\n\t<meta property=\"og:image:width\" content=\"1500\" \/>\n\t<meta property=\"og:image:height\" content=\"1900\" \/>\n\t<meta property=\"og:image:type\" content=\"image\/png\" \/>\n<meta name=\"twitter:card\" content=\"summary_large_image\" \/>\n<meta name=\"twitter:label1\" content=\"Timp estimat pentru citire\" \/>\n\t<meta name=\"twitter:data1\" content=\"1 minut\" \/>\n<script type=\"application\/ld+json\" class=\"yoast-schema-graph\">{\"@context\":\"https:\/\/schema.org\",\"@graph\":[{\"@type\":\"WebPage\",\"@id\":\"https:\/\/suzanapetre.ro\/home\/product\/10-pensula-pufoasa-pentru-conturul-fetei\/\",\"url\":\"https:\/\/suzanapetre.ro\/home\/product\/10-pensula-pufoasa-pentru-conturul-fetei\/\",\"name\":\"10 Pensul\u0103 pufoas\u0103 pentru conturul fe\u021bei - suzanapetre.ro\",\"isPartOf\":{\"@id\":\"https:\/\/suzanapetre.ro\/home\/#website\"},\"datePublished\":\"2024-04-22T09:06:31+00:00\",\"dateModified\":\"2024-12-13T10:58:39+00:00\",\"breadcrumb\":{\"@id\":\"https:\/\/suzanapetre.ro\/home\/product\/10-pensula-pufoasa-pentru-conturul-fetei\/#breadcrumb\"},\"inLanguage\":\"ro-RO\",\"potentialAction\":[{\"@type\":\"ReadAction\",\"target\":[\"https:\/\/suzanapetre.ro\/home\/product\/10-pensula-pufoasa-pentru-conturul-fetei\/\"]}]},{\"@type\":\"BreadcrumbList\",\"@id\":\"https:\/\/suzanapetre.ro\/home\/product\/10-pensula-pufoasa-pentru-conturul-fetei\/#breadcrumb\",\"itemListElement\":[{\"@type\":\"ListItem\",\"position\":1,\"name\":\"Home\",\"item\":\"https:\/\/suzanapetre.ro\/home\/\"},{\"@type\":\"ListItem\",\"position\":2,\"name\":\"Shop\",\"item\":\"https:\/\/suzanapetre.ro\/home\/shop-2\/\"},{\"@type\":\"ListItem\",\"position\":3,\"name\":\"10 Pensul\u0103 pufoas\u0103 pentru conturul fe\u021bei\"}]},{\"@type\":\"WebSite\",\"@id\":\"https:\/\/suzanapetre.ro\/home\/#website\",\"url\":\"https:\/\/suzanapetre.ro\/home\/\",\"name\":\"suzanapetre.ro\",\"description\":\"machiaj, curs machiaj, pensule machiaj\",\"publisher\":{\"@id\":\"https:\/\/suzanapetre.ro\/home\/#organization\"},\"potentialAction\":[{\"@type\":\"SearchAction\",\"target\":{\"@type\":\"EntryPoint\",\"urlTemplate\":\"https:\/\/suzanapetre.ro\/home\/?s={search_term_string}\"},\"query-input\":\"required name=search_term_string\"}],\"inLanguage\":\"ro-RO\"},{\"@type\":\"Organization\",\"@id\":\"https:\/\/suzanapetre.ro\/home\/#organization\",\"name\":\"suzanapetre.ro\",\"url\":\"https:\/\/suzanapetre.ro\/home\/\",\"logo\":{\"@type\":\"ImageObject\",\"inLanguage\":\"ro-RO\",\"@id\":\"https:\/\/suzanapetre.ro\/home\/#\/schema\/logo\/image\/\",\"url\":\"https:\/\/suzanapetre.ro\/wp-content\/uploads\/2022\/11\/cropped-lart-sublime.png\",\"contentUrl\":\"https:\/\/suzanapetre.ro\/wp-content\/uploads\/2022\/11\/cropped-lart-sublime.png\",\"width\":2706,\"height\":951,\"caption\":\"suzanapetre.ro\"},\"image\":{\"@id\":\"https:\/\/suzanapetre.ro\/home\/#\/schema\/logo\/image\/\"}}]}<\/script>\n<!-- \/ Yoast SEO plugin. -->","yoast_head_json":{"title":"10 Pensul\u0103 pufoas\u0103 pentru conturul fe\u021bei - suzanapetre.ro","robots":{"index":"index","follow":"follow","max-snippet":"max-snippet:-1","max-image-preview":"max-image-preview:large","max-video-preview":"max-video-preview:-1"},"canonical":"https:\/\/suzanapetre.ro\/home\/product\/10-pensula-pufoasa-pentru-conturul-fetei\/","og_locale":"ro_RO","og_type":"article","og_title":"10 Pensul\u0103 pufoas\u0103 pentru conturul fe\u021bei - suzanapetre.ro","og_description":"Forma: Pensula are o form\u0103 pufoas\u0103, cu fibre moi \u0219i dens dispuse pentru a asigura o aplicare uniform\u0103 a produsului de contur. Designul s\u0103u ergonomic se adapteaz\u0103 perfect la formele fe\u021bei, permi\u021b\u00e2nd o aplicare precis\u0103 \u0219i controlat\u0103. Utilizare: Pensula pufoas\u0103 pentru conturing este ideal\u0103 pentru aplicarea conturului \u00een texturi cremoase sau uscate. Poate fi folosit\u0103 &hellip; 10 Pensul\u0103 pufoas\u0103 pentru conturul fe\u021bei Read More &raquo;","og_url":"https:\/\/suzanapetre.ro\/home\/product\/10-pensula-pufoasa-pentru-conturul-fetei\/","og_site_name":"suzanapetre.ro","article_modified_time":"2024-12-13T10:58:39+00:00","og_image":[{"width":1500,"height":1900,"url":"https:\/\/suzanapetre.ro\/wp-content\/uploads\/2024\/04\/10.png","type":"image\/png"}],"twitter_card":"summary_large_image","twitter_misc":{"Timp estimat pentru citire":"1 minut"},"schema":{"@context":"https:\/\/schema.org","@graph":[{"@type":"WebPage","@id":"https:\/\/suzanapetre.ro\/home\/product\/10-pensula-pufoasa-pentru-conturul-fetei\/","url":"https:\/\/suzanapetre.ro\/home\/product\/10-pensula-pufoasa-pentru-conturul-fetei\/","name":"10 Pensul\u0103 pufoas\u0103 pentru conturul fe\u021bei - suzanapetre.ro","isPartOf":{"@id":"https:\/\/suzanapetre.ro\/home\/#website"},"datePublished":"2024-04-22T09:06:31+00:00","dateModified":"2024-12-13T10:58:39+00:00","breadcrumb":{"@id":"https:\/\/suzanapetre.ro\/home\/product\/10-pensula-pufoasa-pentru-conturul-fetei\/#breadcrumb"},"inLanguage":"ro-RO","potentialAction":[{"@type":"ReadAction","target":["https:\/\/suzanapetre.ro\/home\/product\/10-pensula-pufoasa-pentru-conturul-fetei\/"]}]},{"@type":"BreadcrumbList","@id":"https:\/\/suzanapetre.ro\/home\/product\/10-pensula-pufoasa-pentru-conturul-fetei\/#breadcrumb","itemListElement":[{"@type":"ListItem","position":1,"name":"Home","item":"https:\/\/suzanapetre.ro\/home\/"},{"@type":"ListItem","position":2,"name":"Shop","item":"https:\/\/suzanapetre.ro\/home\/shop-2\/"},{"@type":"ListItem","position":3,"name":"10 Pensul\u0103 pufoas\u0103 pentru conturul fe\u021bei"}]},{"@type":"WebSite","@id":"https:\/\/suzanapetre.ro\/home\/#website","url":"https:\/\/suzanapetre.ro\/home\/","name":"suzanapetre.ro","description":"machiaj, curs machiaj, pensule machiaj","publisher":{"@id":"https:\/\/suzanapetre.ro\/home\/#organization"},"potentialAction":[{"@type":"SearchAction","target":{"@type":"EntryPoint","urlTemplate":"https:\/\/suzanapetre.ro\/home\/?s={search_term_string}"},"query-input":"required name=search_term_string"}],"inLanguage":"ro-RO"},{"@type":"Organization","@id":"https:\/\/suzanapetre.ro\/home\/#organization","name":"suzanapetre.ro","url":"https:\/\/suzanapetre.ro\/home\/","logo":{"@type":"ImageObject","inLanguage":"ro-RO","@id":"https:\/\/suzanapetre.ro\/home\/#\/schema\/logo\/image\/","url":"https:\/\/suzanapetre.ro\/wp-content\/uploads\/2022\/11\/cropped-lart-sublime.png","contentUrl":"https:\/\/suzanapetre.ro\/wp-content\/uploads\/2022\/11\/cropped-lart-sublime.png","width":2706,"height":951,"caption":"suzanapetre.ro"},"image":{"@id":"https:\/\/suzanapetre.ro\/home\/#\/schema\/logo\/image\/"}}]}},"_links":{"self":[{"href":"https:\/\/suzanapetre.ro\/home\/wp-json\/wp\/v2\/product\/2530"}],"collection":[{"href":"https:\/\/suzanapetre.ro\/home\/wp-json\/wp\/v2\/product"}],"about":[{"href":"https:\/\/suzanapetre.ro\/home\/wp-json\/wp\/v2\/types\/product"}],"replies":[{"embeddable":true,"href":"https:\/\/suzanapetre.ro\/home\/wp-json\/wp\/v2\/comments?post=2530"}],"wp:featuredmedia":[{"embeddable":true,"href":"https:\/\/suzanapetre.ro\/home\/wp-json\/wp\/v2\/media\/2531"}],"wp:attachment":[{"href":"https:\/\/suzanapetre.ro\/home\/wp-json\/wp\/v2\/media?parent=2530"}],"wp:term":[{"taxonomy":"product_cat","embeddable":true,"href":"https:\/\/suzanapetre.ro\/home\/wp-json\/wp\/v2\/product_cat?post=2530"},{"taxonomy":"product_tag","embeddable":true,"href":"https:\/\/suzanapetre.ro\/home\/wp-json\/wp\/v2\/product_tag?post=2530"}],"curies":[{"name":"wp","href":"https:\/\/api.w.org\/{rel}","templated":true}]}}