{"id":2536,"date":"2024-04-22T09:20:36","date_gmt":"2024-04-22T09:20:36","guid":{"rendered":"https:\/\/suzanapetre.ro\/home\/?post_type=product&#038;p=2536"},"modified":"2025-06-24T12:16:14","modified_gmt":"2025-06-24T10:16:14","slug":"13-pensula-plata-si-pufoasa-cu-varf-rotund","status":"publish","type":"product","link":"https:\/\/suzanapetre.ro\/home\/product\/13-pensula-plata-si-pufoasa-cu-varf-rotund\/","title":{"rendered":"13 Pensul\u0103 plat\u0103 \u0219i pufoas\u0103 cu v\u00e2rf rotund"},"content":{"rendered":"<ul>\n<li><strong>Forma:<\/strong> Pensula are o form\u0103 plat\u0103 \u0219i pufoas\u0103, cu un v\u00e2rf rotund bine definit. Aceast\u0103 form\u0103 special\u0103 permite o aplicare uniform\u0103 \u0219i precis\u0103 a produsului de machiaj, iar designul s\u0103u ergonomic se adapteaz\u0103 perfect la contururile fe\u021bei.<\/li>\n<li><strong>Utilizare:<\/strong> Pensula plat\u0103 \u0219i pufoas\u0103 cu v\u00e2rf rotund este extrem de versatil\u0103 \u0219i poate fi folosit\u0103 \u00een mai multe moduri. Poate fi utilizat\u0103 pentru blending-ul fardurilor de ochi, aplicarea bazelor \u0219i a concealerului \u00eentr-un strat uniform \u0219i natural, precum \u0219i pentru alte produse de machiaj lichide sau cremoase.<\/li>\n<li><strong>Efect Impecabil \u0219i Rezistent:<\/strong> Datorit\u0103 formei \u0219i densit\u0103\u021bii sale, aceast\u0103 pensul\u0103 ofer\u0103 un efect impecabil \u0219i rezistent. Fibrele fine \u0219i pufoase permit o aplicare delicat\u0103 \u0219i uniform\u0103 a produsului de machiaj, iar v\u00e2rful rotund asigur\u0103 un finisaj natural \u0219i bine definit.<\/li>\n<\/ul>\n","protected":false},"excerpt":{"rendered":"<p>Perfect\u0103 pentru blending \u0219i aplicarea bazelor \u0219i a concealerului \u00eentr-un strat uniform \u0219i natural, aceast\u0103 pensul\u0103 asigur\u0103 un efect impecabil \u0219i rezistent.<\/p>\n<p><strong>Alege calitatea \u0219i performan\u021ba cu pensulele noastre de make-up pentru fa\u021b\u0103 \u0219i descoper\u0103 o experien\u021b\u0103 de machiaj cu adev\u0103rat sublim\u0103!<\/strong><\/p>\n","protected":false},"featured_media":2537,"comment_status":"open","ping_status":"closed","template":"","meta":{"om_disable_all_campaigns":false,"_monsterinsights_skip_tracking":false,"_monsterinsights_sitenote_active":false,"_monsterinsights_sitenote_note":"","_monsterinsights_sitenote_category":0,"site-sidebar-layout":"default","site-content-layout":"default","ast-global-header-display":"","ast-main-header-display":"","ast-hfb-above-header-display":"","ast-hfb-below-header-display":"","ast-hfb-mobile-header-display":"","site-post-title":"","ast-breadcrumbs-content":"","ast-featured-img":"","footer-sml-layout":"","theme-transparent-header-meta":"default","adv-header-id-meta":"","stick-header-meta":"","header-above-stick-meta":"","header-main-stick-meta":"","header-below-stick-meta":"","ngg_post_thumbnail":0},"product_cat":[70,71],"product_tag":[],"yoast_head":"<!-- This site is optimized with the Yoast SEO plugin v20.5 - https:\/\/yoast.com\/wordpress\/plugins\/seo\/ -->\n<title>13 Pensul\u0103 plat\u0103 \u0219i pufoas\u0103 cu v\u00e2rf rotund - suzanapetre.ro<\/title>\n<meta name=\"robots\" content=\"index, follow, max-snippet:-1, max-image-preview:large, max-video-preview:-1\" \/>\n<link rel=\"canonical\" href=\"https:\/\/suzanapetre.ro\/home\/product\/13-pensula-plata-si-pufoasa-cu-varf-rotund\/\" \/>\n<meta property=\"og:locale\" content=\"ro_RO\" \/>\n<meta property=\"og:type\" content=\"article\" \/>\n<meta property=\"og:title\" content=\"13 Pensul\u0103 plat\u0103 \u0219i pufoas\u0103 cu v\u00e2rf rotund - suzanapetre.ro\" \/>\n<meta property=\"og:description\" content=\"Perfect\u0103 pentru blending \u0219i aplicarea bazelor \u0219i a concealerului \u00eentr-un strat uniform \u0219i natural, aceast\u0103 pensul\u0103 asigur\u0103 un efect impecabil \u0219i rezistent.  Alege calitatea \u0219i performan\u021ba cu pensulele noastre de make-up pentru fa\u021b\u0103 \u0219i descoper\u0103 o experien\u021b\u0103 de machiaj cu adev\u0103rat sublim\u0103!\" \/>\n<meta property=\"og:url\" content=\"https:\/\/suzanapetre.ro\/home\/product\/13-pensula-plata-si-pufoasa-cu-varf-rotund\/\" \/>\n<meta property=\"og:site_name\" content=\"suzanapetre.ro\" \/>\n<meta property=\"article:modified_time\" content=\"2025-06-24T10:16:14+00:00\" \/>\n<meta property=\"og:image\" content=\"https:\/\/suzanapetre.ro\/wp-content\/uploads\/2024\/04\/13.png\" \/>\n\t<meta property=\"og:image:width\" content=\"1500\" \/>\n\t<meta property=\"og:image:height\" content=\"1900\" \/>\n\t<meta property=\"og:image:type\" content=\"image\/png\" \/>\n<meta name=\"twitter:card\" content=\"summary_large_image\" \/>\n<meta name=\"twitter:label1\" content=\"Timp estimat pentru citire\" \/>\n\t<meta name=\"twitter:data1\" content=\"1 minut\" \/>\n<script type=\"application\/ld+json\" class=\"yoast-schema-graph\">{\"@context\":\"https:\/\/schema.org\",\"@graph\":[{\"@type\":\"WebPage\",\"@id\":\"https:\/\/suzanapetre.ro\/home\/product\/13-pensula-plata-si-pufoasa-cu-varf-rotund\/\",\"url\":\"https:\/\/suzanapetre.ro\/home\/product\/13-pensula-plata-si-pufoasa-cu-varf-rotund\/\",\"name\":\"13 Pensul\u0103 plat\u0103 \u0219i pufoas\u0103 cu v\u00e2rf rotund - suzanapetre.ro\",\"isPartOf\":{\"@id\":\"https:\/\/suzanapetre.ro\/home\/#website\"},\"datePublished\":\"2024-04-22T09:20:36+00:00\",\"dateModified\":\"2025-06-24T10:16:14+00:00\",\"breadcrumb\":{\"@id\":\"https:\/\/suzanapetre.ro\/home\/product\/13-pensula-plata-si-pufoasa-cu-varf-rotund\/#breadcrumb\"},\"inLanguage\":\"ro-RO\",\"potentialAction\":[{\"@type\":\"ReadAction\",\"target\":[\"https:\/\/suzanapetre.ro\/home\/product\/13-pensula-plata-si-pufoasa-cu-varf-rotund\/\"]}]},{\"@type\":\"BreadcrumbList\",\"@id\":\"https:\/\/suzanapetre.ro\/home\/product\/13-pensula-plata-si-pufoasa-cu-varf-rotund\/#breadcrumb\",\"itemListElement\":[{\"@type\":\"ListItem\",\"position\":1,\"name\":\"Home\",\"item\":\"https:\/\/suzanapetre.ro\/home\/\"},{\"@type\":\"ListItem\",\"position\":2,\"name\":\"Shop\",\"item\":\"https:\/\/suzanapetre.ro\/home\/shop-2\/\"},{\"@type\":\"ListItem\",\"position\":3,\"name\":\"13 Pensul\u0103 plat\u0103 \u0219i pufoas\u0103 cu v\u00e2rf rotund\"}]},{\"@type\":\"WebSite\",\"@id\":\"https:\/\/suzanapetre.ro\/home\/#website\",\"url\":\"https:\/\/suzanapetre.ro\/home\/\",\"name\":\"suzanapetre.ro\",\"description\":\"machiaj, curs machiaj, pensule machiaj\",\"publisher\":{\"@id\":\"https:\/\/suzanapetre.ro\/home\/#organization\"},\"potentialAction\":[{\"@type\":\"SearchAction\",\"target\":{\"@type\":\"EntryPoint\",\"urlTemplate\":\"https:\/\/suzanapetre.ro\/home\/?s={search_term_string}\"},\"query-input\":\"required name=search_term_string\"}],\"inLanguage\":\"ro-RO\"},{\"@type\":\"Organization\",\"@id\":\"https:\/\/suzanapetre.ro\/home\/#organization\",\"name\":\"suzanapetre.ro\",\"url\":\"https:\/\/suzanapetre.ro\/home\/\",\"logo\":{\"@type\":\"ImageObject\",\"inLanguage\":\"ro-RO\",\"@id\":\"https:\/\/suzanapetre.ro\/home\/#\/schema\/logo\/image\/\",\"url\":\"https:\/\/suzanapetre.ro\/wp-content\/uploads\/2022\/11\/cropped-lart-sublime.png\",\"contentUrl\":\"https:\/\/suzanapetre.ro\/wp-content\/uploads\/2022\/11\/cropped-lart-sublime.png\",\"width\":2706,\"height\":951,\"caption\":\"suzanapetre.ro\"},\"image\":{\"@id\":\"https:\/\/suzanapetre.ro\/home\/#\/schema\/logo\/image\/\"}}]}<\/script>\n<!-- \/ Yoast SEO plugin. -->","yoast_head_json":{"title":"13 Pensul\u0103 plat\u0103 \u0219i pufoas\u0103 cu v\u00e2rf rotund - suzanapetre.ro","robots":{"index":"index","follow":"follow","max-snippet":"max-snippet:-1","max-image-preview":"max-image-preview:large","max-video-preview":"max-video-preview:-1"},"canonical":"https:\/\/suzanapetre.ro\/home\/product\/13-pensula-plata-si-pufoasa-cu-varf-rotund\/","og_locale":"ro_RO","og_type":"article","og_title":"13 Pensul\u0103 plat\u0103 \u0219i pufoas\u0103 cu v\u00e2rf rotund - suzanapetre.ro","og_description":"Perfect\u0103 pentru blending \u0219i aplicarea bazelor \u0219i a concealerului \u00eentr-un strat uniform \u0219i natural, aceast\u0103 pensul\u0103 asigur\u0103 un efect impecabil \u0219i rezistent.  Alege calitatea \u0219i performan\u021ba cu pensulele noastre de make-up pentru fa\u021b\u0103 \u0219i descoper\u0103 o experien\u021b\u0103 de machiaj cu adev\u0103rat sublim\u0103!","og_url":"https:\/\/suzanapetre.ro\/home\/product\/13-pensula-plata-si-pufoasa-cu-varf-rotund\/","og_site_name":"suzanapetre.ro","article_modified_time":"2025-06-24T10:16:14+00:00","og_image":[{"width":1500,"height":1900,"url":"https:\/\/suzanapetre.ro\/wp-content\/uploads\/2024\/04\/13.png","type":"image\/png"}],"twitter_card":"summary_large_image","twitter_misc":{"Timp estimat pentru citire":"1 minut"},"schema":{"@context":"https:\/\/schema.org","@graph":[{"@type":"WebPage","@id":"https:\/\/suzanapetre.ro\/home\/product\/13-pensula-plata-si-pufoasa-cu-varf-rotund\/","url":"https:\/\/suzanapetre.ro\/home\/product\/13-pensula-plata-si-pufoasa-cu-varf-rotund\/","name":"13 Pensul\u0103 plat\u0103 \u0219i pufoas\u0103 cu v\u00e2rf rotund - suzanapetre.ro","isPartOf":{"@id":"https:\/\/suzanapetre.ro\/home\/#website"},"datePublished":"2024-04-22T09:20:36+00:00","dateModified":"2025-06-24T10:16:14+00:00","breadcrumb":{"@id":"https:\/\/suzanapetre.ro\/home\/product\/13-pensula-plata-si-pufoasa-cu-varf-rotund\/#breadcrumb"},"inLanguage":"ro-RO","potentialAction":[{"@type":"ReadAction","target":["https:\/\/suzanapetre.ro\/home\/product\/13-pensula-plata-si-pufoasa-cu-varf-rotund\/"]}]},{"@type":"BreadcrumbList","@id":"https:\/\/suzanapetre.ro\/home\/product\/13-pensula-plata-si-pufoasa-cu-varf-rotund\/#breadcrumb","itemListElement":[{"@type":"ListItem","position":1,"name":"Home","item":"https:\/\/suzanapetre.ro\/home\/"},{"@type":"ListItem","position":2,"name":"Shop","item":"https:\/\/suzanapetre.ro\/home\/shop-2\/"},{"@type":"ListItem","position":3,"name":"13 Pensul\u0103 plat\u0103 \u0219i pufoas\u0103 cu v\u00e2rf rotund"}]},{"@type":"WebSite","@id":"https:\/\/suzanapetre.ro\/home\/#website","url":"https:\/\/suzanapetre.ro\/home\/","name":"suzanapetre.ro","description":"machiaj, curs machiaj, pensule machiaj","publisher":{"@id":"https:\/\/suzanapetre.ro\/home\/#organization"},"potentialAction":[{"@type":"SearchAction","target":{"@type":"EntryPoint","urlTemplate":"https:\/\/suzanapetre.ro\/home\/?s={search_term_string}"},"query-input":"required name=search_term_string"}],"inLanguage":"ro-RO"},{"@type":"Organization","@id":"https:\/\/suzanapetre.ro\/home\/#organization","name":"suzanapetre.ro","url":"https:\/\/suzanapetre.ro\/home\/","logo":{"@type":"ImageObject","inLanguage":"ro-RO","@id":"https:\/\/suzanapetre.ro\/home\/#\/schema\/logo\/image\/","url":"https:\/\/suzanapetre.ro\/wp-content\/uploads\/2022\/11\/cropped-lart-sublime.png","contentUrl":"https:\/\/suzanapetre.ro\/wp-content\/uploads\/2022\/11\/cropped-lart-sublime.png","width":2706,"height":951,"caption":"suzanapetre.ro"},"image":{"@id":"https:\/\/suzanapetre.ro\/home\/#\/schema\/logo\/image\/"}}]}},"_links":{"self":[{"href":"https:\/\/suzanapetre.ro\/home\/wp-json\/wp\/v2\/product\/2536"}],"collection":[{"href":"https:\/\/suzanapetre.ro\/home\/wp-json\/wp\/v2\/product"}],"about":[{"href":"https:\/\/suzanapetre.ro\/home\/wp-json\/wp\/v2\/types\/product"}],"replies":[{"embeddable":true,"href":"https:\/\/suzanapetre.ro\/home\/wp-json\/wp\/v2\/comments?post=2536"}],"wp:featuredmedia":[{"embeddable":true,"href":"https:\/\/suzanapetre.ro\/home\/wp-json\/wp\/v2\/media\/2537"}],"wp:attachment":[{"href":"https:\/\/suzanapetre.ro\/home\/wp-json\/wp\/v2\/media?parent=2536"}],"wp:term":[{"taxonomy":"product_cat","embeddable":true,"href":"https:\/\/suzanapetre.ro\/home\/wp-json\/wp\/v2\/product_cat?post=2536"},{"taxonomy":"product_tag","embeddable":true,"href":"https:\/\/suzanapetre.ro\/home\/wp-json\/wp\/v2\/product_tag?post=2536"}],"curies":[{"name":"wp","href":"https:\/\/api.w.org\/{rel}","templated":true}]}}